{"id":141,"date":"2023-09-02T02:52:09","date_gmt":"2023-09-02T02:52:09","guid":{"rendered":"https:\/\/pmtest.iah.mx\/?page_id=141"},"modified":"2026-03-20T04:07:28","modified_gmt":"2026-03-20T04:07:28","slug":"recuperadoras-de-calor","status":"publish","type":"page","link":"http:\/\/www.powermaster.com.mx\/en\/recuperadoras-de-calor\/","title":{"rendered":"<section hidden>\n  <a href=\"http:\/\/www.powermaster.com.mx\/en\/\">Heat Recovery<\/a>\n<\/section>"},"content":{"rendered":"<div data-elementor-type=\"wp-page\" data-elementor-id=\"141\" class=\"elementor elementor-141\" data-elementor-post-type=\"page\">\n\t\t\t\t<div class=\"elementor-element elementor-element-41fc2389 e-con-full e-flex e-con e-parent\" data-id=\"41fc2389\" data-element_type=\"container\" data-e-type=\"container\">\n\t\t<div class=\"elementor-element elementor-element-5f7c87eb e-flex e-con-boxed e-con e-child\" data-id=\"5f7c87eb\" data-element_type=\"container\" data-e-type=\"container\" data-settings=\"{&quot;background_background&quot;:&quot;classic&quot;}\">\n\t\t\t\t\t<div class=\"e-con-inner\">\n\t\t\t\t<div class=\"elementor-element elementor-element-544bc7c7 elementor-widget elementor-widget-breadcrumbs\" data-id=\"544bc7c7\" data-element_type=\"widget\" data-e-type=\"widget\" data-widget_type=\"breadcrumbs.default\">\n\t\t\t\t<div class=\"elementor-widget-container\">\n\t\t\t\t\t<p id=\"breadcrumbs\">\tPowermaster\n<span><span><a href=\"https:\/\/www.powermaster.com.mx\/en\/\"><a href=\"http:\/\/www.powermaster.com.mx\/en\/\" style=\"text-decoration: none\">&gt;Home<\/a><\/a><\/span><\/span><\/p>\t\t\t\t<\/div>\n\t\t\t\t<\/div>\n\t\t\t\t\t<\/div>\n\t\t\t\t<\/div>\n\t\t\t\t<\/div>\n\t\t\t\t<\/div>","protected":false},"excerpt":{"rendered":"<p>\u3164 recuperadoras de calor \u3164 Calderas de generaci\u00f3n de vapor o agua caliente presurizada que obtienen su energ\u00eda de un flujo de gases calientes proveniente de otro proceso y recuperan el calor para su operaci\u00f3n. CARACTER\u00cdSTICAS \u2022 Para recuperar calor de gases de combusti\u00f3n de hasta 600\u00b0C. \u2022 Servicio: Vapor saturado seco o agua caliente [&hellip;]<\/p>\n","protected":false},"author":1,"featured_media":0,"parent":0,"menu_order":0,"comment_status":"closed","ping_status":"closed","template":"","meta":{"footnotes":""},"class_list":["post-141","page","type-page","status-publish","hentry"],"yoast_head":"<!-- This site is optimized with the Yoast SEO plugin v27.4 - https:\/\/yoast.com\/product\/yoast-seo-wordpress\/ -->\n<title>Recuperadoras de Calor - Powermaster<\/title>\n<meta name=\"robots\" content=\"index, follow, max-snippet:-1, max-image-preview:large, max-video-preview:-1\" \/>\n<link rel=\"canonical\" href=\"https:\/\/www.powermaster.com.mx\/en\/recuperadoras-de-calor\/\" \/>\n<meta property=\"og:locale\" content=\"en_US\" \/>\n<meta property=\"og:type\" content=\"article\" \/>\n<meta property=\"og:title\" content=\"Recuperadoras de Calor - Powermaster\" \/>\n<meta property=\"og:description\" content=\"\u3164 recuperadoras de calor \u3164 Calderas de generaci\u00f3n de vapor o agua caliente presurizada que obtienen su energ\u00eda de un flujo de gases calientes proveniente de otro proceso y recuperan el calor para su operaci\u00f3n. CARACTER\u00cdSTICAS \u2022 Para recuperar calor de gases de combusti\u00f3n de hasta 600\u00b0C. \u2022 Servicio: Vapor saturado seco o agua caliente [&hellip;]\" \/>\n<meta property=\"og:url\" content=\"https:\/\/www.powermaster.com.mx\/en\/recuperadoras-de-calor\/\" \/>\n<meta property=\"og:site_name\" content=\"Powermaster\" \/>\n<meta property=\"article:modified_time\" content=\"2026-03-20T04:07:28+00:00\" \/>\n<meta property=\"og:image\" content=\"https:\/\/www.powermaster.com.mx\/wp-content\/uploads\/2026\/03\/RC-encuadre-2000px-768x447.jpg\" \/>\n<meta name=\"twitter:card\" content=\"summary_large_image\" \/>\n<meta name=\"twitter:label1\" content=\"Est. reading time\" \/>\n\t<meta name=\"twitter:data1\" content=\"2 minutes\" \/>\n<script type=\"application\/ld+json\" class=\"yoast-schema-graph\">{\"@context\":\"https:\\\/\\\/schema.org\",\"@graph\":[{\"@type\":\"WebPage\",\"@id\":\"https:\\\/\\\/www.powermaster.com.mx\\\/es\\\/recuperadoras-de-calor\\\/\",\"url\":\"https:\\\/\\\/www.powermaster.com.mx\\\/es\\\/recuperadoras-de-calor\\\/\",\"name\":\"Recuperadoras de Calor - Powermaster\",\"isPartOf\":{\"@id\":\"https:\\\/\\\/www.powermaster.com.mx\\\/es\\\/#website\"},\"primaryImageOfPage\":{\"@id\":\"https:\\\/\\\/www.powermaster.com.mx\\\/es\\\/recuperadoras-de-calor\\\/#primaryimage\"},\"image\":{\"@id\":\"https:\\\/\\\/www.powermaster.com.mx\\\/es\\\/recuperadoras-de-calor\\\/#primaryimage\"},\"thumbnailUrl\":\"https:\\\/\\\/www.powermaster.com.mx\\\/wp-content\\\/uploads\\\/2026\\\/03\\\/RC-encuadre-2000px-768x447.jpg\",\"datePublished\":\"2023-09-02T02:52:09+00:00\",\"dateModified\":\"2026-03-20T04:07:28+00:00\",\"breadcrumb\":{\"@id\":\"https:\\\/\\\/www.powermaster.com.mx\\\/es\\\/recuperadoras-de-calor\\\/#breadcrumb\"},\"inLanguage\":\"en-US\",\"potentialAction\":[{\"@type\":\"ReadAction\",\"target\":[\"https:\\\/\\\/www.powermaster.com.mx\\\/es\\\/recuperadoras-de-calor\\\/\"]}]},{\"@type\":\"ImageObject\",\"inLanguage\":\"en-US\",\"@id\":\"https:\\\/\\\/www.powermaster.com.mx\\\/es\\\/recuperadoras-de-calor\\\/#primaryimage\",\"url\":\"https:\\\/\\\/www.powermaster.com.mx\\\/wp-content\\\/uploads\\\/2026\\\/03\\\/RC-encuadre-2000px-768x447.jpg\",\"contentUrl\":\"https:\\\/\\\/www.powermaster.com.mx\\\/wp-content\\\/uploads\\\/2026\\\/03\\\/RC-encuadre-2000px-768x447.jpg\"},{\"@type\":\"BreadcrumbList\",\"@id\":\"https:\\\/\\\/www.powermaster.com.mx\\\/es\\\/recuperadoras-de-calor\\\/#breadcrumb\",\"itemListElement\":[{\"@type\":\"ListItem\",\"position\":1,\"name\":\"&gt;Home\",\"item\":\"https:\\\/\\\/www.powermaster.com.mx\\\/\"},{\"@type\":\"ListItem\",\"position\":2,\"name\":\"Recuperadoras de Calor\"}]},{\"@type\":\"WebSite\",\"@id\":\"https:\\\/\\\/www.powermaster.com.mx\\\/es\\\/#website\",\"url\":\"https:\\\/\\\/www.powermaster.com.mx\\\/es\\\/\",\"name\":\"Powermaster\",\"description\":\"Calderas Powermaster\",\"publisher\":{\"@id\":\"https:\\\/\\\/www.powermaster.com.mx\\\/es\\\/#organization\"},\"potentialAction\":[{\"@type\":\"SearchAction\",\"target\":{\"@type\":\"EntryPoint\",\"urlTemplate\":\"https:\\\/\\\/www.powermaster.com.mx\\\/es\\\/?s={search_term_string}\"},\"query-input\":{\"@type\":\"PropertyValueSpecification\",\"valueRequired\":true,\"valueName\":\"search_term_string\"}}],\"inLanguage\":\"en-US\"},{\"@type\":\"Organization\",\"@id\":\"https:\\\/\\\/www.powermaster.com.mx\\\/es\\\/#organization\",\"name\":\"Powermaster\",\"url\":\"https:\\\/\\\/www.powermaster.com.mx\\\/es\\\/\",\"logo\":{\"@type\":\"ImageObject\",\"inLanguage\":\"en-US\",\"@id\":\"https:\\\/\\\/www.powermaster.com.mx\\\/es\\\/#\\\/schema\\\/logo\\\/image\\\/\",\"url\":\"https:\\\/\\\/www.powermaster.com.mx\\\/wp-content\\\/uploads\\\/2023\\\/09\\\/logoV2.png\",\"contentUrl\":\"https:\\\/\\\/www.powermaster.com.mx\\\/wp-content\\\/uploads\\\/2023\\\/09\\\/logoV2.png\",\"width\":528,\"height\":105,\"caption\":\"Powermaster\"},\"image\":{\"@id\":\"https:\\\/\\\/www.powermaster.com.mx\\\/es\\\/#\\\/schema\\\/logo\\\/image\\\/\"}}]}<\/script>\n<!-- \/ Yoast SEO plugin. -->","yoast_head_json":{"title":"Recuperadoras de Calor - Powermaster","robots":{"index":"index","follow":"follow","max-snippet":"max-snippet:-1","max-image-preview":"max-image-preview:large","max-video-preview":"max-video-preview:-1"},"canonical":"https:\/\/www.powermaster.com.mx\/en\/recuperadoras-de-calor\/","og_locale":"en_US","og_type":"article","og_title":"Recuperadoras de Calor - Powermaster","og_description":"\u3164 recuperadoras de calor \u3164 Calderas de generaci\u00f3n de vapor o agua caliente presurizada que obtienen su energ\u00eda de un flujo de gases calientes proveniente de otro proceso y recuperan el calor para su operaci\u00f3n. CARACTER\u00cdSTICAS \u2022 Para recuperar calor de gases de combusti\u00f3n de hasta 600\u00b0C. \u2022 Servicio: Vapor saturado seco o agua caliente [&hellip;]","og_url":"https:\/\/www.powermaster.com.mx\/en\/recuperadoras-de-calor\/","og_site_name":"Powermaster","article_modified_time":"2026-03-20T04:07:28+00:00","og_image":[{"url":"https:\/\/www.powermaster.com.mx\/wp-content\/uploads\/2026\/03\/RC-encuadre-2000px-768x447.jpg","type":"","width":"","height":""}],"twitter_card":"summary_large_image","twitter_misc":{"Est. reading time":"2 minutes"},"schema":{"@context":"https:\/\/schema.org","@graph":[{"@type":"WebPage","@id":"https:\/\/www.powermaster.com.mx\/es\/recuperadoras-de-calor\/","url":"https:\/\/www.powermaster.com.mx\/es\/recuperadoras-de-calor\/","name":"Recuperadoras de Calor - Powermaster","isPartOf":{"@id":"https:\/\/www.powermaster.com.mx\/es\/#website"},"primaryImageOfPage":{"@id":"https:\/\/www.powermaster.com.mx\/es\/recuperadoras-de-calor\/#primaryimage"},"image":{"@id":"https:\/\/www.powermaster.com.mx\/es\/recuperadoras-de-calor\/#primaryimage"},"thumbnailUrl":"https:\/\/www.powermaster.com.mx\/wp-content\/uploads\/2026\/03\/RC-encuadre-2000px-768x447.jpg","datePublished":"2023-09-02T02:52:09+00:00","dateModified":"2026-03-20T04:07:28+00:00","breadcrumb":{"@id":"https:\/\/www.powermaster.com.mx\/es\/recuperadoras-de-calor\/#breadcrumb"},"inLanguage":"en-US","potentialAction":[{"@type":"ReadAction","target":["https:\/\/www.powermaster.com.mx\/es\/recuperadoras-de-calor\/"]}]},{"@type":"ImageObject","inLanguage":"en-US","@id":"https:\/\/www.powermaster.com.mx\/es\/recuperadoras-de-calor\/#primaryimage","url":"https:\/\/www.powermaster.com.mx\/wp-content\/uploads\/2026\/03\/RC-encuadre-2000px-768x447.jpg","contentUrl":"https:\/\/www.powermaster.com.mx\/wp-content\/uploads\/2026\/03\/RC-encuadre-2000px-768x447.jpg"},{"@type":"BreadcrumbList","@id":"https:\/\/www.powermaster.com.mx\/es\/recuperadoras-de-calor\/#breadcrumb","itemListElement":[{"@type":"ListItem","position":1,"name":"&gt;Home","item":"https:\/\/www.powermaster.com.mx\/"},{"@type":"ListItem","position":2,"name":"Recuperadoras de Calor"}]},{"@type":"WebSite","@id":"https:\/\/www.powermaster.com.mx\/es\/#website","url":"https:\/\/www.powermaster.com.mx\/es\/","name":"Powermaster","description":"Powermaster","publisher":{"@id":"https:\/\/www.powermaster.com.mx\/es\/#organization"},"potentialAction":[{"@type":"SearchAction","target":{"@type":"EntryPoint","urlTemplate":"https:\/\/www.powermaster.com.mx\/es\/?s={search_term_string}"},"query-input":{"@type":"PropertyValueSpecification","valueRequired":true,"valueName":"search_term_string"}}],"inLanguage":"en-US"},{"@type":"Organization","@id":"https:\/\/www.powermaster.com.mx\/es\/#organization","name":"Powermaster","url":"https:\/\/www.powermaster.com.mx\/es\/","logo":{"@type":"ImageObject","inLanguage":"en-US","@id":"https:\/\/www.powermaster.com.mx\/es\/#\/schema\/logo\/image\/","url":"https:\/\/www.powermaster.com.mx\/wp-content\/uploads\/2023\/09\/logoV2.png","contentUrl":"https:\/\/www.powermaster.com.mx\/wp-content\/uploads\/2023\/09\/logoV2.png","width":528,"height":105,"caption":"Powermaster"},"image":{"@id":"https:\/\/www.powermaster.com.mx\/es\/#\/schema\/logo\/image\/"}}]}},"_links":{"self":[{"href":"http:\/\/www.powermaster.com.mx\/en\/wp-json\/wp\/v2\/pages\/141","targetHints":{"allow":["GET"]}}],"collection":[{"href":"http:\/\/www.powermaster.com.mx\/en\/wp-json\/wp\/v2\/pages"}],"about":[{"href":"http:\/\/www.powermaster.com.mx\/en\/wp-json\/wp\/v2\/types\/page"}],"author":[{"embeddable":true,"href":"http:\/\/www.powermaster.com.mx\/en\/wp-json\/wp\/v2\/users\/1"}],"replies":[{"embeddable":true,"href":"http:\/\/www.powermaster.com.mx\/en\/wp-json\/wp\/v2\/comments?post=141"}],"version-history":[{"count":0,"href":"http:\/\/www.powermaster.com.mx\/en\/wp-json\/wp\/v2\/pages\/141\/revisions"}],"wp:attachment":[{"href":"http:\/\/www.powermaster.com.mx\/en\/wp-json\/wp\/v2\/media?parent=141"}],"curies":[{"name":"wp","href":"https:\/\/api.w.org\/{rel}","templated":true}]}}