{"id":10413,"date":"2024-04-22T20:18:01","date_gmt":"2024-04-22T20:18:01","guid":{"rendered":"https:\/\/pmtest.iah.mx\/?page_id=10413"},"modified":"2025-09-25T05:06:08","modified_gmt":"2025-09-25T05:06:08","slug":"repuestos-para-calderas","status":"publish","type":"page","link":"http:\/\/www.powermaster.com.mx\/es\/refacciones\/repuestos-para-calderas\/","title":{"rendered":"Repuestos Adicionales"},"content":{"rendered":"\t\t<div data-elementor-type=\"wp-page\" data-elementor-id=\"10413\" class=\"elementor elementor-10413\" data-elementor-post-type=\"page\">\n\t\t\t\t<div class=\"elementor-element elementor-element-24610dd4 headEmpresa e-flex e-con-boxed e-con e-parent\" data-id=\"24610dd4\" data-element_type=\"container\" data-e-type=\"container\">\n\t\t\t\t\t<div class=\"e-con-inner\">\n\t\t<div class=\"elementor-element elementor-element-7b2bf421 e-con-full e-flex e-con e-child\" data-id=\"7b2bf421\" data-element_type=\"container\" data-e-type=\"container\">\n\t\t\t\t<div class=\"elementor-element elementor-element-179e24c2 elementor-widget__width-initial lineaI elementor-widget-mobile__width-initial elementor-widget elementor-widget-heading\" data-id=\"179e24c2\" data-element_type=\"widget\" data-e-type=\"widget\" data-widget_type=\"heading.default\">\n\t\t\t\t<div class=\"elementor-widget-container\">\n\t\t\t\t\t<span class=\"elementor-heading-title elementor-size-default\">\u3164<\/span>\t\t\t\t<\/div>\n\t\t\t\t<\/div>\n\t\t\t\t<\/div>\n\t\t<div class=\"elementor-element elementor-element-78eb38e9 e-con-full e-flex e-con e-child\" data-id=\"78eb38e9\" data-element_type=\"container\" data-e-type=\"container\">\n\t\t\t\t<div class=\"elementor-element elementor-element-41b31d3a elementor-widget__width-initial elementor-widget-tablet__width-inherit elementor-widget-mobile__width-initial elementor-widget-laptop__width-initial elementor-widget elementor-widget-heading\" data-id=\"41b31d3a\" data-element_type=\"widget\" data-e-type=\"widget\" data-widget_type=\"heading.default\">\n\t\t\t\t<div class=\"elementor-widget-container\">\n\t\t\t\t\t<h1 class=\"elementor-heading-title elementor-size-default\">Repuestos Adicionales<\/h1>\t\t\t\t<\/div>\n\t\t\t\t<\/div>\n\t\t\t\t<\/div>\n\t\t<div class=\"elementor-element elementor-element-5fc8b795 e-con-full e-flex e-con e-child\" data-id=\"5fc8b795\" data-element_type=\"container\" data-e-type=\"container\">\n\t\t\t\t<div class=\"elementor-element elementor-element-161208a7 elementor-widget__width-initial lineaI elementor-widget-mobile__width-initial elementor-widget elementor-widget-heading\" data-id=\"161208a7\" data-element_type=\"widget\" data-e-type=\"widget\" data-widget_type=\"heading.default\">\n\t\t\t\t<div class=\"elementor-widget-container\">\n\t\t\t\t\t<span class=\"elementor-heading-title elementor-size-default\">\u3164<\/span>\t\t\t\t<\/div>\n\t\t\t\t<\/div>\n\t\t\t\t<\/div>\n\t\t\t\t\t<\/div>\n\t\t\t\t<\/div>\n\t\t<div class=\"elementor-element elementor-element-a558024 e-con-full e-flex e-con e-parent\" data-id=\"a558024\" data-element_type=\"container\" data-e-type=\"container\">\n\t\t<div class=\"elementor-element elementor-element-4bf0f467 e-flex e-con-boxed e-con e-child\" data-id=\"4bf0f467\" data-element_type=\"container\" data-e-type=\"container\" data-settings=\"{&quot;background_background&quot;:&quot;classic&quot;}\">\n\t\t\t\t\t<div class=\"e-con-inner\">\n\t\t\t\t<div class=\"elementor-element elementor-element-53add992 elementor-widget elementor-widget-breadcrumbs\" data-id=\"53add992\" data-element_type=\"widget\" data-e-type=\"widget\" data-widget_type=\"breadcrumbs.default\">\n\t\t\t\t<div class=\"elementor-widget-container\">\n\t\t\t\t\t<p id=\"breadcrumbs\">\tPowermaster\n<span><span><a href=\"https:\/\/www.powermaster.com.mx\/\">&gt;Home<\/a><\/span><\/span><\/p>\t\t\t\t<\/div>\n\t\t\t\t<\/div>\n\t\t\t\t\t<\/div>\n\t\t\t\t<\/div>\n\t\t\t\t<\/div>\n\t\t<div class=\"elementor-element elementor-element-e948a6e e-flex e-con-boxed e-con e-parent\" data-id=\"e948a6e\" data-element_type=\"container\" data-e-type=\"container\">\n\t\t\t\t\t<div class=\"e-con-inner\">\n\t\t<div class=\"elementor-element elementor-element-89182de e-con-full e-flex e-con e-child\" data-id=\"89182de\" data-element_type=\"container\" data-e-type=\"container\">\n\t\t\t\t<div class=\"elementor-element elementor-element-3e94afb elementor-widget__width-auto elementor-widget elementor-widget-image\" data-id=\"3e94afb\" data-element_type=\"widget\" data-e-type=\"widget\" data-widget_type=\"image.default\">\n\t\t\t\t<div class=\"elementor-widget-container\">\n\t\t\t\t\t\t\t\t\t\t\t\t\t\t\t<img fetchpriority=\"high\" decoding=\"async\" width=\"1875\" height=\"1401\" src=\"https:\/\/www.powermaster.com.mx\/wp-content\/uploads\/2024\/04\/Tubo-flux.jpg\" class=\"attachment-full size-full wp-image-10380\" alt=\"\" srcset=\"https:\/\/www.powermaster.com.mx\/wp-content\/uploads\/2024\/04\/Tubo-flux.jpg 1875w, https:\/\/www.powermaster.com.mx\/wp-content\/uploads\/2024\/04\/Tubo-flux-300x224.jpg 300w, https:\/\/www.powermaster.com.mx\/wp-content\/uploads\/2024\/04\/Tubo-flux-1024x765.jpg 1024w, https:\/\/www.powermaster.com.mx\/wp-content\/uploads\/2024\/04\/Tubo-flux-768x574.jpg 768w, https:\/\/www.powermaster.com.mx\/wp-content\/uploads\/2024\/04\/Tubo-flux-1536x1148.jpg 1536w\" sizes=\"(max-width: 1875px) 100vw, 1875px\" \/>\t\t\t\t\t\t\t\t\t\t\t\t\t\t\t<\/div>\n\t\t\t\t<\/div>\n\t\t\t\t<\/div>\n\t\t<div class=\"elementor-element elementor-element-dae9d87 e-con-full e-flex e-con e-child\" data-id=\"dae9d87\" data-element_type=\"container\" data-e-type=\"container\">\n\t\t<div class=\"elementor-element elementor-element-5604ec4 e-con-full e-flex e-con e-child\" data-id=\"5604ec4\" data-element_type=\"container\" data-e-type=\"container\">\n\t\t\t\t<div class=\"elementor-element elementor-element-9d6b12f elementor-widget__width-initial elementor-widget elementor-widget-heading\" data-id=\"9d6b12f\" data-element_type=\"widget\" data-e-type=\"widget\" data-widget_type=\"heading.default\">\n\t\t\t\t<div class=\"elementor-widget-container\">\n\t\t\t\t\t<h2 class=\"elementor-heading-title elementor-size-default\">Boquilla refractaria<\/h2>\t\t\t\t<\/div>\n\t\t\t\t<\/div>\n\t\t\t\t<div class=\"elementor-element elementor-element-ef3c885 elementor-widget__width-initial elementor-widget elementor-widget-heading\" data-id=\"ef3c885\" data-element_type=\"widget\" data-e-type=\"widget\" data-widget_type=\"heading.default\">\n\t\t\t\t<div class=\"elementor-widget-container\">\n\t\t\t\t\t<h2 class=\"elementor-heading-title elementor-size-default\">Cuerpo de presi\u00f3n<\/h2>\t\t\t\t<\/div>\n\t\t\t\t<\/div>\n\t\t\t\t<div class=\"elementor-element elementor-element-f5da9fa elementor-widget__width-initial elementor-widget elementor-widget-heading\" data-id=\"f5da9fa\" data-element_type=\"widget\" data-e-type=\"widget\" data-widget_type=\"heading.default\">\n\t\t\t\t<div class=\"elementor-widget-container\">\n\t\t\t\t\t<h2 class=\"elementor-heading-title elementor-size-default\">Espejos<\/h2>\t\t\t\t<\/div>\n\t\t\t\t<\/div>\n\t\t\t\t<div class=\"elementor-element elementor-element-245798a elementor-widget__width-initial elementor-widget elementor-widget-heading\" data-id=\"245798a\" data-element_type=\"widget\" data-e-type=\"widget\" data-widget_type=\"heading.default\">\n\t\t\t\t<div class=\"elementor-widget-container\">\n\t\t\t\t\t<h2 class=\"elementor-heading-title elementor-size-default\">Registros de Inspecci\u00f3n<\/h2>\t\t\t\t<\/div>\n\t\t\t\t<\/div>\n\t\t\t\t<div class=\"elementor-element elementor-element-00aa539 elementor-widget__width-initial elementor-widget elementor-widget-heading\" data-id=\"00aa539\" data-element_type=\"widget\" data-e-type=\"widget\" data-widget_type=\"heading.default\">\n\t\t\t\t<div class=\"elementor-widget-container\">\n\t\t\t\t\t<h2 class=\"elementor-heading-title elementor-size-default\">Tapa contrapresi\u00f3n<\/h2>\t\t\t\t<\/div>\n\t\t\t\t<\/div>\n\t\t\t\t<div class=\"elementor-element elementor-element-5393a94 elementor-widget__width-initial elementor-widget elementor-widget-heading\" data-id=\"5393a94\" data-element_type=\"widget\" data-e-type=\"widget\" data-widget_type=\"heading.default\">\n\t\t\t\t<div class=\"elementor-widget-container\">\n\t\t\t\t\t<h2 class=\"elementor-heading-title elementor-size-default\">Tubo flux<\/h2>\t\t\t\t<\/div>\n\t\t\t\t<\/div>\n\t\t\t\t<\/div>\n\t\t<div class=\"elementor-element elementor-element-53fa68c e-con-full e-flex e-con e-child\" data-id=\"53fa68c\" data-element_type=\"container\" data-e-type=\"container\">\n\t\t\t\t<div class=\"elementor-element elementor-element-bd8f4c4 elementor-widget__width-initial elementor-widget-tablet__width-initial elementor-widget elementor-widget-heading\" data-id=\"bd8f4c4\" data-element_type=\"widget\" data-e-type=\"widget\" data-widget_type=\"heading.default\">\n\t\t\t\t<div class=\"elementor-widget-container\">\n\t\t\t\t\t<h2 class=\"elementor-heading-title elementor-size-default\">Cont\u00e1ctanos hoy mismo para una cotizaci\u00f3n.<\/h2>\t\t\t\t<\/div>\n\t\t\t\t<\/div>\n\t\t\t\t<\/div>\n\t\t\t\t<\/div>\n\t\t\t\t\t<\/div>\n\t\t\t\t<\/div>\n\t\t\t\t<\/div>\n\t\t","protected":false},"excerpt":{"rendered":"<p>\u3164 Repuestos Adicionales \u3164 Boquilla refractaria Cuerpo de presi\u00f3n Espejos Registros de Inspecci\u00f3n Tapa contrapresi\u00f3n Tubo flux Cont\u00e1ctanos hoy mismo para una cotizaci\u00f3n.<\/p>\n","protected":false},"author":1,"featured_media":0,"parent":82,"menu_order":6,"comment_status":"closed","ping_status":"closed","template":"","meta":{"footnotes":""},"class_list":["post-10413","page","type-page","status-publish","hentry"],"yoast_head":"<!-- This site is optimized with the Yoast SEO plugin v27.4 - https:\/\/yoast.com\/product\/yoast-seo-wordpress\/ -->\n<title>Repuestos Adicionales - Powermaster<\/title>\n<meta name=\"robots\" content=\"index, follow, max-snippet:-1, max-image-preview:large, max-video-preview:-1\" \/>\n<link rel=\"canonical\" href=\"https:\/\/www.powermaster.com.mx\/es\/refacciones\/repuestos-para-calderas\/\" \/>\n<meta property=\"og:locale\" content=\"es_MX\" \/>\n<meta property=\"og:type\" content=\"article\" \/>\n<meta property=\"og:title\" content=\"Repuestos Adicionales - Powermaster\" \/>\n<meta property=\"og:description\" content=\"\u3164 Repuestos Adicionales \u3164 Boquilla refractaria Cuerpo de presi\u00f3n Espejos Registros de Inspecci\u00f3n Tapa contrapresi\u00f3n Tubo flux Cont\u00e1ctanos hoy mismo para una cotizaci\u00f3n.\" \/>\n<meta property=\"og:url\" content=\"https:\/\/www.powermaster.com.mx\/es\/refacciones\/repuestos-para-calderas\/\" \/>\n<meta property=\"og:site_name\" content=\"Powermaster\" \/>\n<meta property=\"article:modified_time\" content=\"2025-09-25T05:06:08+00:00\" \/>\n<meta property=\"og:image\" content=\"https:\/\/www.powermaster.com.mx\/wp-content\/uploads\/2024\/04\/Tubo-flux.jpg\" \/>\n<meta name=\"twitter:card\" content=\"summary_large_image\" \/>\n<meta name=\"twitter:label1\" content=\"Tiempo de lectura\" \/>\n\t<meta name=\"twitter:data1\" content=\"1 minuto\" \/>\n<script type=\"application\/ld+json\" class=\"yoast-schema-graph\">{\"@context\":\"https:\\\/\\\/schema.org\",\"@graph\":[{\"@type\":\"WebPage\",\"@id\":\"https:\\\/\\\/www.powermaster.com.mx\\\/en\\\/refacciones\\\/repuestos-para-calderas\\\/\",\"url\":\"https:\\\/\\\/www.powermaster.com.mx\\\/en\\\/refacciones\\\/repuestos-para-calderas\\\/\",\"name\":\"Repuestos Adicionales - Powermaster\",\"isPartOf\":{\"@id\":\"https:\\\/\\\/www.powermaster.com.mx\\\/es\\\/#website\"},\"primaryImageOfPage\":{\"@id\":\"https:\\\/\\\/www.powermaster.com.mx\\\/en\\\/refacciones\\\/repuestos-para-calderas\\\/#primaryimage\"},\"image\":{\"@id\":\"https:\\\/\\\/www.powermaster.com.mx\\\/en\\\/refacciones\\\/repuestos-para-calderas\\\/#primaryimage\"},\"thumbnailUrl\":\"https:\\\/\\\/www.powermaster.com.mx\\\/wp-content\\\/uploads\\\/2024\\\/04\\\/Tubo-flux.jpg\",\"datePublished\":\"2024-04-22T20:18:01+00:00\",\"dateModified\":\"2025-09-25T05:06:08+00:00\",\"breadcrumb\":{\"@id\":\"https:\\\/\\\/www.powermaster.com.mx\\\/en\\\/refacciones\\\/repuestos-para-calderas\\\/#breadcrumb\"},\"inLanguage\":\"es\",\"potentialAction\":[{\"@type\":\"ReadAction\",\"target\":[\"https:\\\/\\\/www.powermaster.com.mx\\\/en\\\/refacciones\\\/repuestos-para-calderas\\\/\"]}]},{\"@type\":\"ImageObject\",\"inLanguage\":\"es\",\"@id\":\"https:\\\/\\\/www.powermaster.com.mx\\\/en\\\/refacciones\\\/repuestos-para-calderas\\\/#primaryimage\",\"url\":\"https:\\\/\\\/www.powermaster.com.mx\\\/wp-content\\\/uploads\\\/2024\\\/04\\\/Tubo-flux.jpg\",\"contentUrl\":\"https:\\\/\\\/www.powermaster.com.mx\\\/wp-content\\\/uploads\\\/2024\\\/04\\\/Tubo-flux.jpg\"},{\"@type\":\"BreadcrumbList\",\"@id\":\"https:\\\/\\\/www.powermaster.com.mx\\\/en\\\/refacciones\\\/repuestos-para-calderas\\\/#breadcrumb\",\"itemListElement\":[{\"@type\":\"ListItem\",\"position\":1,\"name\":\"&gt;Home\",\"item\":\"https:\\\/\\\/www.powermaster.com.mx\\\/\"},{\"@type\":\"ListItem\",\"position\":2,\"name\":\"Refacciones\",\"item\":\"http:\\\/\\\/www.powermaster.com.mx\\\/es\\\/refacciones\\\/\"},{\"@type\":\"ListItem\",\"position\":3,\"name\":\"Repuestos Adicionales\"}]},{\"@type\":\"WebSite\",\"@id\":\"https:\\\/\\\/www.powermaster.com.mx\\\/es\\\/#website\",\"url\":\"https:\\\/\\\/www.powermaster.com.mx\\\/es\\\/\",\"name\":\"Powermaster\",\"description\":\"Calderas Powermaster\",\"publisher\":{\"@id\":\"https:\\\/\\\/www.powermaster.com.mx\\\/es\\\/#organization\"},\"potentialAction\":[{\"@type\":\"SearchAction\",\"target\":{\"@type\":\"EntryPoint\",\"urlTemplate\":\"https:\\\/\\\/www.powermaster.com.mx\\\/es\\\/?s={search_term_string}\"},\"query-input\":{\"@type\":\"PropertyValueSpecification\",\"valueRequired\":true,\"valueName\":\"search_term_string\"}}],\"inLanguage\":\"es\"},{\"@type\":\"Organization\",\"@id\":\"https:\\\/\\\/www.powermaster.com.mx\\\/es\\\/#organization\",\"name\":\"Powermaster\",\"url\":\"https:\\\/\\\/www.powermaster.com.mx\\\/es\\\/\",\"logo\":{\"@type\":\"ImageObject\",\"inLanguage\":\"es\",\"@id\":\"https:\\\/\\\/www.powermaster.com.mx\\\/es\\\/#\\\/schema\\\/logo\\\/image\\\/\",\"url\":\"https:\\\/\\\/www.powermaster.com.mx\\\/wp-content\\\/uploads\\\/2023\\\/09\\\/logoV2.png\",\"contentUrl\":\"https:\\\/\\\/www.powermaster.com.mx\\\/wp-content\\\/uploads\\\/2023\\\/09\\\/logoV2.png\",\"width\":528,\"height\":105,\"caption\":\"Powermaster\"},\"image\":{\"@id\":\"https:\\\/\\\/www.powermaster.com.mx\\\/es\\\/#\\\/schema\\\/logo\\\/image\\\/\"}}]}<\/script>\n<!-- \/ Yoast SEO plugin. -->","yoast_head_json":{"title":"Repuestos Adicionales - Powermaster","robots":{"index":"index","follow":"follow","max-snippet":"max-snippet:-1","max-image-preview":"max-image-preview:large","max-video-preview":"max-video-preview:-1"},"canonical":"https:\/\/www.powermaster.com.mx\/es\/refacciones\/repuestos-para-calderas\/","og_locale":"es_MX","og_type":"article","og_title":"Repuestos Adicionales - Powermaster","og_description":"\u3164 Repuestos Adicionales \u3164 Boquilla refractaria Cuerpo de presi\u00f3n Espejos Registros de Inspecci\u00f3n Tapa contrapresi\u00f3n Tubo flux Cont\u00e1ctanos hoy mismo para una cotizaci\u00f3n.","og_url":"https:\/\/www.powermaster.com.mx\/es\/refacciones\/repuestos-para-calderas\/","og_site_name":"Powermaster","article_modified_time":"2025-09-25T05:06:08+00:00","og_image":[{"url":"https:\/\/www.powermaster.com.mx\/wp-content\/uploads\/2024\/04\/Tubo-flux.jpg","type":"","width":"","height":""}],"twitter_card":"summary_large_image","twitter_misc":{"Tiempo de lectura":"1 minuto"},"schema":{"@context":"https:\/\/schema.org","@graph":[{"@type":"WebPage","@id":"https:\/\/www.powermaster.com.mx\/en\/refacciones\/repuestos-para-calderas\/","url":"https:\/\/www.powermaster.com.mx\/en\/refacciones\/repuestos-para-calderas\/","name":"Repuestos Adicionales - Powermaster","isPartOf":{"@id":"https:\/\/www.powermaster.com.mx\/es\/#website"},"primaryImageOfPage":{"@id":"https:\/\/www.powermaster.com.mx\/en\/refacciones\/repuestos-para-calderas\/#primaryimage"},"image":{"@id":"https:\/\/www.powermaster.com.mx\/en\/refacciones\/repuestos-para-calderas\/#primaryimage"},"thumbnailUrl":"https:\/\/www.powermaster.com.mx\/wp-content\/uploads\/2024\/04\/Tubo-flux.jpg","datePublished":"2024-04-22T20:18:01+00:00","dateModified":"2025-09-25T05:06:08+00:00","breadcrumb":{"@id":"https:\/\/www.powermaster.com.mx\/en\/refacciones\/repuestos-para-calderas\/#breadcrumb"},"inLanguage":"es","potentialAction":[{"@type":"ReadAction","target":["https:\/\/www.powermaster.com.mx\/en\/refacciones\/repuestos-para-calderas\/"]}]},{"@type":"ImageObject","inLanguage":"es","@id":"https:\/\/www.powermaster.com.mx\/en\/refacciones\/repuestos-para-calderas\/#primaryimage","url":"https:\/\/www.powermaster.com.mx\/wp-content\/uploads\/2024\/04\/Tubo-flux.jpg","contentUrl":"https:\/\/www.powermaster.com.mx\/wp-content\/uploads\/2024\/04\/Tubo-flux.jpg"},{"@type":"BreadcrumbList","@id":"https:\/\/www.powermaster.com.mx\/en\/refacciones\/repuestos-para-calderas\/#breadcrumb","itemListElement":[{"@type":"ListItem","position":1,"name":"&gt;Home","item":"https:\/\/www.powermaster.com.mx\/"},{"@type":"ListItem","position":2,"name":"Refacciones","item":"http:\/\/www.powermaster.com.mx\/es\/refacciones\/"},{"@type":"ListItem","position":3,"name":"Repuestos Adicionales"}]},{"@type":"WebSite","@id":"https:\/\/www.powermaster.com.mx\/es\/#website","url":"https:\/\/www.powermaster.com.mx\/es\/","name":"Powermaster","description":"Calderas Powermaster","publisher":{"@id":"https:\/\/www.powermaster.com.mx\/es\/#organization"},"potentialAction":[{"@type":"SearchAction","target":{"@type":"EntryPoint","urlTemplate":"https:\/\/www.powermaster.com.mx\/es\/?s={search_term_string}"},"query-input":{"@type":"PropertyValueSpecification","valueRequired":true,"valueName":"search_term_string"}}],"inLanguage":"es"},{"@type":"Organization","@id":"https:\/\/www.powermaster.com.mx\/es\/#organization","name":"Powermaster","url":"https:\/\/www.powermaster.com.mx\/es\/","logo":{"@type":"ImageObject","inLanguage":"es","@id":"https:\/\/www.powermaster.com.mx\/es\/#\/schema\/logo\/image\/","url":"https:\/\/www.powermaster.com.mx\/wp-content\/uploads\/2023\/09\/logoV2.png","contentUrl":"https:\/\/www.powermaster.com.mx\/wp-content\/uploads\/2023\/09\/logoV2.png","width":528,"height":105,"caption":"Powermaster"},"image":{"@id":"https:\/\/www.powermaster.com.mx\/es\/#\/schema\/logo\/image\/"}}]}},"_links":{"self":[{"href":"http:\/\/www.powermaster.com.mx\/es\/wp-json\/wp\/v2\/pages\/10413","targetHints":{"allow":["GET"]}}],"collection":[{"href":"http:\/\/www.powermaster.com.mx\/es\/wp-json\/wp\/v2\/pages"}],"about":[{"href":"http:\/\/www.powermaster.com.mx\/es\/wp-json\/wp\/v2\/types\/page"}],"author":[{"embeddable":true,"href":"http:\/\/www.powermaster.com.mx\/es\/wp-json\/wp\/v2\/users\/1"}],"replies":[{"embeddable":true,"href":"http:\/\/www.powermaster.com.mx\/es\/wp-json\/wp\/v2\/comments?post=10413"}],"version-history":[{"count":0,"href":"http:\/\/www.powermaster.com.mx\/es\/wp-json\/wp\/v2\/pages\/10413\/revisions"}],"up":[{"embeddable":true,"href":"http:\/\/www.powermaster.com.mx\/es\/wp-json\/wp\/v2\/pages\/82"}],"wp:attachment":[{"href":"http:\/\/www.powermaster.com.mx\/es\/wp-json\/wp\/v2\/media?parent=10413"}],"curies":[{"name":"wp","href":"https:\/\/api.w.org\/{rel}","templated":true}]}}