{"id":141,"date":"2023-09-02T02:52:09","date_gmt":"2023-09-02T02:52:09","guid":{"rendered":"https:\/\/pmtest.iah.mx\/?page_id=141"},"modified":"2026-03-20T04:07:28","modified_gmt":"2026-03-20T04:07:28","slug":"recuperadoras-de-calor","status":"publish","type":"page","link":"http:\/\/www.powermaster.com.mx\/es\/recuperadoras-de-calor\/","title":{"rendered":"Recuperadoras de Calor"},"content":{"rendered":"\t\t<div data-elementor-type=\"wp-page\" data-elementor-id=\"141\" class=\"elementor elementor-141\" data-elementor-post-type=\"page\">\n\t\t\t\t<div class=\"elementor-element elementor-element-4f3a39dd headEmpresa e-flex e-con-boxed e-con e-parent\" data-id=\"4f3a39dd\" data-element_type=\"container\" data-e-type=\"container\">\n\t\t\t\t\t<div class=\"e-con-inner\">\n\t\t<div class=\"elementor-element elementor-element-2eef711a e-con-full e-flex e-con e-child\" data-id=\"2eef711a\" data-element_type=\"container\" data-e-type=\"container\">\n\t\t\t\t<div class=\"elementor-element elementor-element-20b33cc9 elementor-widget__width-initial lineaI elementor-widget-mobile__width-initial elementor-widget elementor-widget-heading\" data-id=\"20b33cc9\" data-element_type=\"widget\" data-e-type=\"widget\" data-widget_type=\"heading.default\">\n\t\t\t\t<div class=\"elementor-widget-container\">\n\t\t\t\t\t<span class=\"elementor-heading-title elementor-size-default\">\u3164<\/span>\t\t\t\t<\/div>\n\t\t\t\t<\/div>\n\t\t\t\t<\/div>\n\t\t<div class=\"elementor-element elementor-element-4755dc91 e-con-full e-flex e-con e-child\" data-id=\"4755dc91\" data-element_type=\"container\" data-e-type=\"container\">\n\t\t\t\t<div class=\"elementor-element elementor-element-6065e530 elementor-widget__width-initial elementor-widget-tablet__width-inherit elementor-widget-mobile__width-initial elementor-widget-laptop__width-initial elementor-widget-widescreen__width-initial elementor-widget elementor-widget-heading\" data-id=\"6065e530\" data-element_type=\"widget\" data-e-type=\"widget\" data-widget_type=\"heading.default\">\n\t\t\t\t<div class=\"elementor-widget-container\">\n\t\t\t\t\t<h1 class=\"elementor-heading-title elementor-size-default\">recuperadoras de calor<\/h1>\t\t\t\t<\/div>\n\t\t\t\t<\/div>\n\t\t\t\t<\/div>\n\t\t<div class=\"elementor-element elementor-element-837f58e e-con-full e-flex e-con e-child\" data-id=\"837f58e\" data-element_type=\"container\" data-e-type=\"container\">\n\t\t\t\t<div class=\"elementor-element elementor-element-8a5f266 elementor-widget__width-initial lineaI elementor-widget-mobile__width-initial elementor-widget elementor-widget-heading\" data-id=\"8a5f266\" data-element_type=\"widget\" data-e-type=\"widget\" data-widget_type=\"heading.default\">\n\t\t\t\t<div class=\"elementor-widget-container\">\n\t\t\t\t\t<span class=\"elementor-heading-title elementor-size-default\">\u3164<\/span>\t\t\t\t<\/div>\n\t\t\t\t<\/div>\n\t\t\t\t<\/div>\n\t\t\t\t\t<\/div>\n\t\t\t\t<\/div>\n\t\t<div class=\"elementor-element elementor-element-41fc2389 e-con-full e-flex e-con e-parent\" data-id=\"41fc2389\" data-element_type=\"container\" data-e-type=\"container\">\n\t\t<div class=\"elementor-element elementor-element-5f7c87eb e-flex e-con-boxed e-con e-child\" data-id=\"5f7c87eb\" data-element_type=\"container\" data-e-type=\"container\" data-settings=\"{&quot;background_background&quot;:&quot;classic&quot;}\">\n\t\t\t\t\t<div class=\"e-con-inner\">\n\t\t\t\t<div class=\"elementor-element elementor-element-544bc7c7 elementor-widget elementor-widget-breadcrumbs\" data-id=\"544bc7c7\" data-element_type=\"widget\" data-e-type=\"widget\" data-widget_type=\"breadcrumbs.default\">\n\t\t\t\t<div class=\"elementor-widget-container\">\n\t\t\t\t\t<p id=\"breadcrumbs\">\tPowermaster\n<span><span><a href=\"https:\/\/www.powermaster.com.mx\/\">&gt;Home<\/a><\/span><\/span><\/p>\t\t\t\t<\/div>\n\t\t\t\t<\/div>\n\t\t\t\t\t<\/div>\n\t\t\t\t<\/div>\n\t\t\t\t<\/div>\n\t\t<div class=\"elementor-element elementor-element-82f6d79 e-flex e-con-boxed e-con e-parent\" data-id=\"82f6d79\" data-element_type=\"container\" data-e-type=\"container\">\n\t\t\t\t\t<div class=\"e-con-inner\">\n\t\t<div class=\"elementor-element elementor-element-528ee5f e-con-full e-flex e-con e-child\" data-id=\"528ee5f\" data-element_type=\"container\" data-e-type=\"container\">\n\t\t<div class=\"elementor-element elementor-element-5eb03af e-con-full e-flex e-con e-child\" data-id=\"5eb03af\" data-element_type=\"container\" data-e-type=\"container\">\n\t\t\t\t<div class=\"elementor-element elementor-element-21b3fd8 elementor-widget__width-initial elementor-widget elementor-widget-heading\" data-id=\"21b3fd8\" data-element_type=\"widget\" data-e-type=\"widget\" data-widget_type=\"heading.default\">\n\t\t\t\t<div class=\"elementor-widget-container\">\n\t\t\t\t\t<p class=\"elementor-heading-title elementor-size-default\">Calderas de generaci\u00f3n de vapor o agua caliente presurizada que obtienen su energ\u00eda de un flujo de gases calientes proveniente de otro proceso y recuperan el calor para su operaci\u00f3n.<\/p>\t\t\t\t<\/div>\n\t\t\t\t<\/div>\n\t\t\t\t<div class=\"elementor-element elementor-element-eccb7f2 elementor-widget__width-initial elementor-widget elementor-widget-image\" data-id=\"eccb7f2\" data-element_type=\"widget\" data-e-type=\"widget\" data-widget_type=\"image.default\">\n\t\t\t\t<div class=\"elementor-widget-container\">\n\t\t\t\t\t\t\t\t\t\t\t\t\t\t\t<img fetchpriority=\"high\" decoding=\"async\" width=\"768\" height=\"447\" src=\"https:\/\/www.powermaster.com.mx\/wp-content\/uploads\/2026\/03\/RC-encuadre-2000px-768x447.jpg\" class=\"attachment-medium_large size-medium_large wp-image-26666\" alt=\"\" srcset=\"https:\/\/www.powermaster.com.mx\/wp-content\/uploads\/2026\/03\/RC-encuadre-2000px-768x447.jpg 768w, https:\/\/www.powermaster.com.mx\/wp-content\/uploads\/2026\/03\/RC-encuadre-2000px-300x175.jpg 300w, https:\/\/www.powermaster.com.mx\/wp-content\/uploads\/2026\/03\/RC-encuadre-2000px-1024x596.jpg 1024w, https:\/\/www.powermaster.com.mx\/wp-content\/uploads\/2026\/03\/RC-encuadre-2000px-1536x894.jpg 1536w, https:\/\/www.powermaster.com.mx\/wp-content\/uploads\/2026\/03\/RC-encuadre-2000px-18x10.jpg 18w, https:\/\/www.powermaster.com.mx\/wp-content\/uploads\/2026\/03\/RC-encuadre-2000px.jpg 2008w\" sizes=\"(max-width: 768px) 100vw, 768px\" \/>\t\t\t\t\t\t\t\t\t\t\t\t\t\t\t<\/div>\n\t\t\t\t<\/div>\n\t\t\t\t<\/div>\n\t\t\t\t<\/div>\n\t\t<div class=\"elementor-element elementor-element-d7f867a e-con-full e-flex e-con e-child\" data-id=\"d7f867a\" data-element_type=\"container\" data-e-type=\"container\">\n\t\t<div class=\"elementor-element elementor-element-3b2d676 e-con-full e-flex e-con e-child\" data-id=\"3b2d676\" data-element_type=\"container\" data-e-type=\"container\">\n\t\t\t\t<div class=\"elementor-element elementor-element-24eea8f elementor-widget elementor-widget-heading\" data-id=\"24eea8f\" data-element_type=\"widget\" data-e-type=\"widget\" data-widget_type=\"heading.default\">\n\t\t\t\t<div class=\"elementor-widget-container\">\n\t\t\t\t\t<h2 class=\"elementor-heading-title elementor-size-default\">CARACTER\u00cdSTICAS<\/h2>\t\t\t\t<\/div>\n\t\t\t\t<\/div>\n\t\t\t\t<div class=\"elementor-element elementor-element-a2abf77 elementor-widget elementor-widget-heading\" data-id=\"a2abf77\" data-element_type=\"widget\" data-e-type=\"widget\" data-widget_type=\"heading.default\">\n\t\t\t\t<div class=\"elementor-widget-container\">\n\t\t\t\t\t<span class=\"elementor-heading-title elementor-size-default\"><span style=\"color: red\">\u2022<\/span> Para recuperar calor de gases de combusti\u00f3n de hasta 600\u00b0C.<br>\n<span style=\"color: red\">\u2022<\/span> Servicio: Vapor saturado seco o agua caliente presurizada.<br>\n<span style=\"color: red\">\u2022<\/span> Tecnolog\u00eda de punta a nivel mundial.<br>\n<span style=\"color: red\">\u2022<\/span> Tubos de humo de 1 o 2 pasos.<br>\n<span style=\"color: red\">\u2022<\/span> Caldera recuperadora de calor de tubos de humo de uno o dos pasos.<br>\n<span style=\"color: red\">\u2022<\/span> Dise\u00f1o y fabricaci\u00f3n con estricto apego al c\u00f3digo ASME.<br>\n<span style=\"color: red\">\u2022<\/span> Para generar vapor saturado o agua caliente presurizada.<br>\n<span style=\"color: red\">\u2022<\/span> Puertas delanteras y traseras Embisagradas para f\u00e1cil acceso a c\u00e1maras de humo.<br>\n<span style=\"color: red\">\u2022<\/span> Base de acero estructural.<br>\n<span style=\"color: red\">\u2022<\/span> Sin refractario.<\/span>\t\t\t\t<\/div>\n\t\t\t\t<\/div>\n\t\t\t\t<div class=\"elementor-element elementor-element-7079cde elementor-widget__width-initial elementor-widget elementor-widget-heading\" data-id=\"7079cde\" data-element_type=\"widget\" data-e-type=\"widget\" data-widget_type=\"heading.default\">\n\t\t\t\t<div class=\"elementor-widget-container\">\n\t\t\t\t\t<span class=\"elementor-heading-title elementor-size-default\"><span style=\"color: #0C2340\">1.<\/span> Gases de combusti\u00f3n calientes.<br>\n<span style=\"color: #0C2340\">2.<\/span>  Gases de combusti\u00f3n fr\u00edos.<\/span>\t\t\t\t<\/div>\n\t\t\t\t<\/div>\n\t\t\t\t<\/div>\n\t\t\t\t<\/div>\n\t\t<div class=\"elementor-element elementor-element-a2b1af6 e-con-full e-flex e-con e-child\" data-id=\"a2b1af6\" data-element_type=\"container\" data-e-type=\"container\">\n\t\t<div class=\"elementor-element elementor-element-66d08f5 e-con-full e-flex e-con e-child\" data-id=\"66d08f5\" data-element_type=\"container\" data-e-type=\"container\">\n\t\t\t\t<div class=\"elementor-element elementor-element-ce9e1e2 elementor-widget elementor-widget-heading\" data-id=\"ce9e1e2\" data-element_type=\"widget\" data-e-type=\"widget\" data-widget_type=\"heading.default\">\n\t\t\t\t<div class=\"elementor-widget-container\">\n\t\t\t\t\t<h2 class=\"elementor-heading-title elementor-size-default\"><span style=\"color: red\">A.<\/span> Economizador.<br>\n<span style=\"color: red\">B.<\/span> Alimentaci\u00f3n de agua.<br>\n<span style=\"color: red\">C.<\/span> Columna de nivel.<br>\n<span style=\"color: red\">D.<\/span> V\u00e1lvulas de seguridad.<br>\n<span style=\"color: red\">E.<\/span> Pasa hombre.<br>\n<span style=\"color: red\">F.<\/span> Segundo control de nivel.<br>\n<span style=\"color: red\">G.<\/span> Salida de vapor.<br>\n<span style=\"color: red\">H.<\/span> Purgas de fondo.<br>\n<span style=\"color: red\">I.<\/span> Tubos flux.<br>\n<span style=\"color: red\">J.<\/span> Accesos de mantenimiento.<\/h2>\t\t\t\t<\/div>\n\t\t\t\t<\/div>\n\t\t\t\t<div class=\"elementor-element elementor-element-8ce9844 elementor-align-right elementor-mobile-align-right elementor-widget elementor-widget-button\" data-id=\"8ce9844\" data-element_type=\"widget\" data-e-type=\"widget\" data-widget_type=\"button.default\">\n\t\t\t\t<div class=\"elementor-widget-container\">\n\t\t\t\t\t\t\t\t\t<div class=\"elementor-button-wrapper\">\n\t\t\t\t\t<a class=\"elementor-button elementor-button-link elementor-size-sm elementor-animation-pulse\" href=\"https:\/\/www.powermaster.com.mx\/wp-content\/uploads\/2025\/07\/Catalogo-RECUPERADORA-DE-CALOR-RC.pdf\" target=\"_blank\" rel=\"nofollow\">\n\t\t\t\t\t\t<span class=\"elementor-button-content-wrapper\">\n\t\t\t\t\t\t\t\t\t<span class=\"elementor-button-text\">DESCARGAS<\/span>\n\t\t\t\t\t<\/span>\n\t\t\t\t\t<\/a>\n\t\t\t\t<\/div>\n\t\t\t\t\t\t\t\t<\/div>\n\t\t\t\t<\/div>\n\t\t\t\t<\/div>\n\t\t\t\t<\/div>\n\t\t<div class=\"elementor-element elementor-element-c03c36a e-con-full e-flex e-con e-child\" data-id=\"c03c36a\" data-element_type=\"container\" data-e-type=\"container\">\n\t\t<div class=\"elementor-element elementor-element-946308f e-con-full e-flex e-con e-child\" data-id=\"946308f\" data-element_type=\"container\" data-e-type=\"container\">\n\t\t\t\t<div class=\"elementor-element elementor-element-5b17655 elementor-widget-mobile__width-inherit elementor-widget elementor-widget-image\" data-id=\"5b17655\" data-element_type=\"widget\" data-e-type=\"widget\" data-widget_type=\"image.default\">\n\t\t\t\t<div class=\"elementor-widget-container\">\n\t\t\t\t\t\t\t\t\t\t\t\t\t\t\t<img decoding=\"async\" width=\"800\" height=\"594\" src=\"https:\/\/www.powermaster.com.mx\/wp-content\/uploads\/2023\/10\/RC-1-scaled-e1736647422588-1024x760.jpg\" class=\"attachment-large size-large wp-image-4712\" alt=\"\" srcset=\"https:\/\/www.powermaster.com.mx\/wp-content\/uploads\/2023\/10\/RC-1-scaled-e1736647422588-1024x760.jpg 1024w, https:\/\/www.powermaster.com.mx\/wp-content\/uploads\/2023\/10\/RC-1-scaled-e1736647422588-300x223.jpg 300w, https:\/\/www.powermaster.com.mx\/wp-content\/uploads\/2023\/10\/RC-1-scaled-e1736647422588-768x570.jpg 768w, https:\/\/www.powermaster.com.mx\/wp-content\/uploads\/2023\/10\/RC-1-scaled-e1736647422588-1536x1141.jpg 1536w, https:\/\/www.powermaster.com.mx\/wp-content\/uploads\/2023\/10\/RC-1-scaled-e1736647422588-500x371.jpg 500w, https:\/\/www.powermaster.com.mx\/wp-content\/uploads\/2023\/10\/RC-1-scaled-e1736647422588-800x594.jpg 800w, https:\/\/www.powermaster.com.mx\/wp-content\/uploads\/2023\/10\/RC-1-scaled-e1736647422588-1280x951.jpg 1280w, https:\/\/www.powermaster.com.mx\/wp-content\/uploads\/2023\/10\/RC-1-scaled-e1736647422588-1920x1426.jpg 1920w, https:\/\/www.powermaster.com.mx\/wp-content\/uploads\/2023\/10\/RC-1-scaled-e1736647422588.jpg 1970w\" sizes=\"(max-width: 800px) 100vw, 800px\" \/>\t\t\t\t\t\t\t\t\t\t\t\t\t\t\t<\/div>\n\t\t\t\t<\/div>\n\t\t\t\t<\/div>\n\t\t\t\t<\/div>\n\t\t\t\t\t<\/div>\n\t\t\t\t<\/div>\n\t\t\t\t<\/div>\n\t\t","protected":false},"excerpt":{"rendered":"<p>\u3164 recuperadoras de calor \u3164 Calderas de generaci\u00f3n de vapor o agua caliente presurizada que obtienen su energ\u00eda de un flujo de gases calientes proveniente de otro proceso y recuperan el calor para su operaci\u00f3n. CARACTER\u00cdSTICAS \u2022 Para recuperar calor de gases de combusti\u00f3n de hasta 600\u00b0C. \u2022 Servicio: Vapor saturado seco o agua caliente [&hellip;]<\/p>\n","protected":false},"author":1,"featured_media":0,"parent":0,"menu_order":0,"comment_status":"closed","ping_status":"closed","template":"","meta":{"footnotes":""},"class_list":["post-141","page","type-page","status-publish","hentry"],"yoast_head":"<!-- This site is optimized with the Yoast SEO plugin v27.4 - https:\/\/yoast.com\/product\/yoast-seo-wordpress\/ -->\n<title>Recuperadoras de Calor - Powermaster<\/title>\n<meta name=\"robots\" content=\"index, follow, max-snippet:-1, max-image-preview:large, max-video-preview:-1\" \/>\n<link rel=\"canonical\" href=\"https:\/\/www.powermaster.com.mx\/es\/recuperadoras-de-calor\/\" \/>\n<meta property=\"og:locale\" content=\"es_MX\" \/>\n<meta property=\"og:type\" content=\"article\" \/>\n<meta property=\"og:title\" content=\"Recuperadoras de Calor - Powermaster\" \/>\n<meta property=\"og:description\" content=\"\u3164 recuperadoras de calor \u3164 Calderas de generaci\u00f3n de vapor o agua caliente presurizada que obtienen su energ\u00eda de un flujo de gases calientes proveniente de otro proceso y recuperan el calor para su operaci\u00f3n. CARACTER\u00cdSTICAS \u2022 Para recuperar calor de gases de combusti\u00f3n de hasta 600\u00b0C. \u2022 Servicio: Vapor saturado seco o agua caliente [&hellip;]\" \/>\n<meta property=\"og:url\" content=\"https:\/\/www.powermaster.com.mx\/es\/recuperadoras-de-calor\/\" \/>\n<meta property=\"og:site_name\" content=\"Powermaster\" \/>\n<meta property=\"article:modified_time\" content=\"2026-03-20T04:07:28+00:00\" \/>\n<meta property=\"og:image\" content=\"https:\/\/www.powermaster.com.mx\/wp-content\/uploads\/2026\/03\/RC-encuadre-2000px-768x447.jpg\" \/>\n<meta name=\"twitter:card\" content=\"summary_large_image\" \/>\n<meta name=\"twitter:label1\" content=\"Tiempo de lectura\" \/>\n\t<meta name=\"twitter:data1\" content=\"2 minutos\" \/>\n<script type=\"application\/ld+json\" class=\"yoast-schema-graph\">{\"@context\":\"https:\\\/\\\/schema.org\",\"@graph\":[{\"@type\":\"WebPage\",\"@id\":\"https:\\\/\\\/www.powermaster.com.mx\\\/es\\\/recuperadoras-de-calor\\\/\",\"url\":\"https:\\\/\\\/www.powermaster.com.mx\\\/es\\\/recuperadoras-de-calor\\\/\",\"name\":\"Recuperadoras de Calor - Powermaster\",\"isPartOf\":{\"@id\":\"https:\\\/\\\/www.powermaster.com.mx\\\/es\\\/#website\"},\"primaryImageOfPage\":{\"@id\":\"https:\\\/\\\/www.powermaster.com.mx\\\/es\\\/recuperadoras-de-calor\\\/#primaryimage\"},\"image\":{\"@id\":\"https:\\\/\\\/www.powermaster.com.mx\\\/es\\\/recuperadoras-de-calor\\\/#primaryimage\"},\"thumbnailUrl\":\"https:\\\/\\\/www.powermaster.com.mx\\\/wp-content\\\/uploads\\\/2026\\\/03\\\/RC-encuadre-2000px-768x447.jpg\",\"datePublished\":\"2023-09-02T02:52:09+00:00\",\"dateModified\":\"2026-03-20T04:07:28+00:00\",\"breadcrumb\":{\"@id\":\"https:\\\/\\\/www.powermaster.com.mx\\\/es\\\/recuperadoras-de-calor\\\/#breadcrumb\"},\"inLanguage\":\"es\",\"potentialAction\":[{\"@type\":\"ReadAction\",\"target\":[\"https:\\\/\\\/www.powermaster.com.mx\\\/es\\\/recuperadoras-de-calor\\\/\"]}]},{\"@type\":\"ImageObject\",\"inLanguage\":\"es\",\"@id\":\"https:\\\/\\\/www.powermaster.com.mx\\\/es\\\/recuperadoras-de-calor\\\/#primaryimage\",\"url\":\"https:\\\/\\\/www.powermaster.com.mx\\\/wp-content\\\/uploads\\\/2026\\\/03\\\/RC-encuadre-2000px-768x447.jpg\",\"contentUrl\":\"https:\\\/\\\/www.powermaster.com.mx\\\/wp-content\\\/uploads\\\/2026\\\/03\\\/RC-encuadre-2000px-768x447.jpg\"},{\"@type\":\"BreadcrumbList\",\"@id\":\"https:\\\/\\\/www.powermaster.com.mx\\\/es\\\/recuperadoras-de-calor\\\/#breadcrumb\",\"itemListElement\":[{\"@type\":\"ListItem\",\"position\":1,\"name\":\"&gt;Home\",\"item\":\"https:\\\/\\\/www.powermaster.com.mx\\\/\"},{\"@type\":\"ListItem\",\"position\":2,\"name\":\"Recuperadoras de Calor\"}]},{\"@type\":\"WebSite\",\"@id\":\"https:\\\/\\\/www.powermaster.com.mx\\\/es\\\/#website\",\"url\":\"https:\\\/\\\/www.powermaster.com.mx\\\/es\\\/\",\"name\":\"Powermaster\",\"description\":\"Calderas Powermaster\",\"publisher\":{\"@id\":\"https:\\\/\\\/www.powermaster.com.mx\\\/es\\\/#organization\"},\"potentialAction\":[{\"@type\":\"SearchAction\",\"target\":{\"@type\":\"EntryPoint\",\"urlTemplate\":\"https:\\\/\\\/www.powermaster.com.mx\\\/es\\\/?s={search_term_string}\"},\"query-input\":{\"@type\":\"PropertyValueSpecification\",\"valueRequired\":true,\"valueName\":\"search_term_string\"}}],\"inLanguage\":\"es\"},{\"@type\":\"Organization\",\"@id\":\"https:\\\/\\\/www.powermaster.com.mx\\\/es\\\/#organization\",\"name\":\"Powermaster\",\"url\":\"https:\\\/\\\/www.powermaster.com.mx\\\/es\\\/\",\"logo\":{\"@type\":\"ImageObject\",\"inLanguage\":\"es\",\"@id\":\"https:\\\/\\\/www.powermaster.com.mx\\\/es\\\/#\\\/schema\\\/logo\\\/image\\\/\",\"url\":\"https:\\\/\\\/www.powermaster.com.mx\\\/wp-content\\\/uploads\\\/2023\\\/09\\\/logoV2.png\",\"contentUrl\":\"https:\\\/\\\/www.powermaster.com.mx\\\/wp-content\\\/uploads\\\/2023\\\/09\\\/logoV2.png\",\"width\":528,\"height\":105,\"caption\":\"Powermaster\"},\"image\":{\"@id\":\"https:\\\/\\\/www.powermaster.com.mx\\\/es\\\/#\\\/schema\\\/logo\\\/image\\\/\"}}]}<\/script>\n<!-- \/ Yoast SEO plugin. -->","yoast_head_json":{"title":"Recuperadoras de Calor - Powermaster","robots":{"index":"index","follow":"follow","max-snippet":"max-snippet:-1","max-image-preview":"max-image-preview:large","max-video-preview":"max-video-preview:-1"},"canonical":"https:\/\/www.powermaster.com.mx\/es\/recuperadoras-de-calor\/","og_locale":"es_MX","og_type":"article","og_title":"Recuperadoras de Calor - Powermaster","og_description":"\u3164 recuperadoras de calor \u3164 Calderas de generaci\u00f3n de vapor o agua caliente presurizada que obtienen su energ\u00eda de un flujo de gases calientes proveniente de otro proceso y recuperan el calor para su operaci\u00f3n. CARACTER\u00cdSTICAS \u2022 Para recuperar calor de gases de combusti\u00f3n de hasta 600\u00b0C. \u2022 Servicio: Vapor saturado seco o agua caliente [&hellip;]","og_url":"https:\/\/www.powermaster.com.mx\/es\/recuperadoras-de-calor\/","og_site_name":"Powermaster","article_modified_time":"2026-03-20T04:07:28+00:00","og_image":[{"url":"https:\/\/www.powermaster.com.mx\/wp-content\/uploads\/2026\/03\/RC-encuadre-2000px-768x447.jpg","type":"","width":"","height":""}],"twitter_card":"summary_large_image","twitter_misc":{"Tiempo de lectura":"2 minutos"},"schema":{"@context":"https:\/\/schema.org","@graph":[{"@type":"WebPage","@id":"https:\/\/www.powermaster.com.mx\/es\/recuperadoras-de-calor\/","url":"https:\/\/www.powermaster.com.mx\/es\/recuperadoras-de-calor\/","name":"Recuperadoras de Calor - Powermaster","isPartOf":{"@id":"https:\/\/www.powermaster.com.mx\/es\/#website"},"primaryImageOfPage":{"@id":"https:\/\/www.powermaster.com.mx\/es\/recuperadoras-de-calor\/#primaryimage"},"image":{"@id":"https:\/\/www.powermaster.com.mx\/es\/recuperadoras-de-calor\/#primaryimage"},"thumbnailUrl":"https:\/\/www.powermaster.com.mx\/wp-content\/uploads\/2026\/03\/RC-encuadre-2000px-768x447.jpg","datePublished":"2023-09-02T02:52:09+00:00","dateModified":"2026-03-20T04:07:28+00:00","breadcrumb":{"@id":"https:\/\/www.powermaster.com.mx\/es\/recuperadoras-de-calor\/#breadcrumb"},"inLanguage":"es","potentialAction":[{"@type":"ReadAction","target":["https:\/\/www.powermaster.com.mx\/es\/recuperadoras-de-calor\/"]}]},{"@type":"ImageObject","inLanguage":"es","@id":"https:\/\/www.powermaster.com.mx\/es\/recuperadoras-de-calor\/#primaryimage","url":"https:\/\/www.powermaster.com.mx\/wp-content\/uploads\/2026\/03\/RC-encuadre-2000px-768x447.jpg","contentUrl":"https:\/\/www.powermaster.com.mx\/wp-content\/uploads\/2026\/03\/RC-encuadre-2000px-768x447.jpg"},{"@type":"BreadcrumbList","@id":"https:\/\/www.powermaster.com.mx\/es\/recuperadoras-de-calor\/#breadcrumb","itemListElement":[{"@type":"ListItem","position":1,"name":"&gt;Home","item":"https:\/\/www.powermaster.com.mx\/"},{"@type":"ListItem","position":2,"name":"Recuperadoras de Calor"}]},{"@type":"WebSite","@id":"https:\/\/www.powermaster.com.mx\/es\/#website","url":"https:\/\/www.powermaster.com.mx\/es\/","name":"Powermaster","description":"Calderas Powermaster","publisher":{"@id":"https:\/\/www.powermaster.com.mx\/es\/#organization"},"potentialAction":[{"@type":"SearchAction","target":{"@type":"EntryPoint","urlTemplate":"https:\/\/www.powermaster.com.mx\/es\/?s={search_term_string}"},"query-input":{"@type":"PropertyValueSpecification","valueRequired":true,"valueName":"search_term_string"}}],"inLanguage":"es"},{"@type":"Organization","@id":"https:\/\/www.powermaster.com.mx\/es\/#organization","name":"Powermaster","url":"https:\/\/www.powermaster.com.mx\/es\/","logo":{"@type":"ImageObject","inLanguage":"es","@id":"https:\/\/www.powermaster.com.mx\/es\/#\/schema\/logo\/image\/","url":"https:\/\/www.powermaster.com.mx\/wp-content\/uploads\/2023\/09\/logoV2.png","contentUrl":"https:\/\/www.powermaster.com.mx\/wp-content\/uploads\/2023\/09\/logoV2.png","width":528,"height":105,"caption":"Powermaster"},"image":{"@id":"https:\/\/www.powermaster.com.mx\/es\/#\/schema\/logo\/image\/"}}]}},"_links":{"self":[{"href":"http:\/\/www.powermaster.com.mx\/es\/wp-json\/wp\/v2\/pages\/141","targetHints":{"allow":["GET"]}}],"collection":[{"href":"http:\/\/www.powermaster.com.mx\/es\/wp-json\/wp\/v2\/pages"}],"about":[{"href":"http:\/\/www.powermaster.com.mx\/es\/wp-json\/wp\/v2\/types\/page"}],"author":[{"embeddable":true,"href":"http:\/\/www.powermaster.com.mx\/es\/wp-json\/wp\/v2\/users\/1"}],"replies":[{"embeddable":true,"href":"http:\/\/www.powermaster.com.mx\/es\/wp-json\/wp\/v2\/comments?post=141"}],"version-history":[{"count":0,"href":"http:\/\/www.powermaster.com.mx\/es\/wp-json\/wp\/v2\/pages\/141\/revisions"}],"wp:attachment":[{"href":"http:\/\/www.powermaster.com.mx\/es\/wp-json\/wp\/v2\/media?parent=141"}],"curies":[{"name":"wp","href":"https:\/\/api.w.org\/{rel}","templated":true}]}}