{"id":5636,"date":"2023-11-12T23:17:47","date_gmt":"2023-11-12T23:17:47","guid":{"rendered":"https:\/\/pmtest.iah.mx\/?page_id=5636"},"modified":"2025-01-05T22:29:56","modified_gmt":"2025-01-05T22:29:56","slug":"wet-back","status":"publish","type":"page","link":"http:\/\/www.powermaster.com.mx\/es\/guia-tecnica\/wet-back\/","title":{"rendered":"Wet-Back"},"content":{"rendered":"\t\t<div data-elementor-type=\"wp-page\" data-elementor-id=\"5636\" class=\"elementor elementor-5636\" data-elementor-post-type=\"page\">\n\t\t\t\t<div class=\"elementor-element elementor-element-6fc2692d headEmpresa e-flex e-con-boxed e-con e-parent\" data-id=\"6fc2692d\" data-element_type=\"container\" data-e-type=\"container\">\n\t\t\t\t\t<div class=\"e-con-inner\">\n\t\t<div class=\"elementor-element elementor-element-652c7210 e-con-full e-flex e-con e-child\" data-id=\"652c7210\" data-element_type=\"container\" data-e-type=\"container\">\n\t\t\t\t<div class=\"elementor-element elementor-element-171aad80 elementor-widget__width-initial lineaI elementor-widget-mobile__width-initial elementor-widget elementor-widget-heading\" data-id=\"171aad80\" data-element_type=\"widget\" data-e-type=\"widget\" data-widget_type=\"heading.default\">\n\t\t\t\t<div class=\"elementor-widget-container\">\n\t\t\t\t\t<span class=\"elementor-heading-title elementor-size-default\">\u3164<\/span>\t\t\t\t<\/div>\n\t\t\t\t<\/div>\n\t\t\t\t<\/div>\n\t\t<div class=\"elementor-element elementor-element-4c326612 e-con-full e-flex e-con e-child\" data-id=\"4c326612\" data-element_type=\"container\" data-e-type=\"container\">\n\t\t\t\t<div class=\"elementor-element elementor-element-2b2e48be elementor-widget__width-initial elementor-widget-tablet__width-inherit elementor-widget-mobile__width-initial elementor-widget-laptop__width-initial elementor-widget elementor-widget-heading\" data-id=\"2b2e48be\" data-element_type=\"widget\" data-e-type=\"widget\" data-widget_type=\"heading.default\">\n\t\t\t\t<div class=\"elementor-widget-container\">\n\t\t\t\t\t<h1 class=\"elementor-heading-title elementor-size-default\">WET-BACK<\/h1>\t\t\t\t<\/div>\n\t\t\t\t<\/div>\n\t\t\t\t<\/div>\n\t\t<div class=\"elementor-element elementor-element-7926f125 e-con-full e-flex e-con e-child\" data-id=\"7926f125\" data-element_type=\"container\" data-e-type=\"container\">\n\t\t\t\t<div class=\"elementor-element elementor-element-76eeb566 elementor-widget__width-initial lineaI elementor-widget-mobile__width-initial elementor-widget elementor-widget-heading\" data-id=\"76eeb566\" data-element_type=\"widget\" data-e-type=\"widget\" data-widget_type=\"heading.default\">\n\t\t\t\t<div class=\"elementor-widget-container\">\n\t\t\t\t\t<span class=\"elementor-heading-title elementor-size-default\">\u3164<\/span>\t\t\t\t<\/div>\n\t\t\t\t<\/div>\n\t\t\t\t<\/div>\n\t\t\t\t\t<\/div>\n\t\t\t\t<\/div>\n\t\t<div class=\"elementor-element elementor-element-591284bb e-con-full e-flex e-con e-parent\" data-id=\"591284bb\" data-element_type=\"container\" data-e-type=\"container\">\n\t\t<div class=\"elementor-element elementor-element-6c3a201 e-flex e-con-boxed e-con e-child\" data-id=\"6c3a201\" data-element_type=\"container\" data-e-type=\"container\" data-settings=\"{&quot;background_background&quot;:&quot;classic&quot;}\">\n\t\t\t\t\t<div class=\"e-con-inner\">\n\t\t\t\t<div class=\"elementor-element elementor-element-102b5e1f elementor-widget elementor-widget-breadcrumbs\" data-id=\"102b5e1f\" data-element_type=\"widget\" data-e-type=\"widget\" data-widget_type=\"breadcrumbs.default\">\n\t\t\t\t<div class=\"elementor-widget-container\">\n\t\t\t\t\t<p id=\"breadcrumbs\">\tPowermaster\n<span><span><a href=\"https:\/\/www.powermaster.com.mx\/\">&gt;Home<\/a><\/span><\/span><\/p>\t\t\t\t<\/div>\n\t\t\t\t<\/div>\n\t\t\t\t\t<\/div>\n\t\t\t\t<\/div>\n\t\t\t\t<\/div>\n\t\t<div class=\"elementor-element elementor-element-d66cee8 elementor-hidden-tablet elementor-hidden-tablet_extra elementor-hidden-mobile_extra e-flex e-con-boxed e-con e-parent\" data-id=\"d66cee8\" data-element_type=\"container\" data-e-type=\"container\">\n\t\t\t\t\t<div class=\"e-con-inner\">\n\t\t<div class=\"elementor-element elementor-element-004ec98 e-con-full e-flex e-con e-child\" data-id=\"004ec98\" data-element_type=\"container\" data-e-type=\"container\">\n\t\t\t\t<div class=\"elementor-element elementor-element-80c9a41 elementor-widget__width-initial elementor-widget-tablet__width-initial elementor-widget-mobile__width-initial elementor-widget elementor-widget-image\" data-id=\"80c9a41\" data-element_type=\"widget\" data-e-type=\"widget\" data-widget_type=\"image.default\">\n\t\t\t\t<div class=\"elementor-widget-container\">\n\t\t\t\t\t\t\t\t\t\t\t\t\t\t\t<img fetchpriority=\"high\" decoding=\"async\" width=\"527\" height=\"689\" src=\"https:\/\/www.powermaster.com.mx\/wp-content\/uploads\/2023\/11\/Wet-Back-corte.jpg\" class=\"attachment-large size-large wp-image-5648\" alt=\"\" srcset=\"https:\/\/www.powermaster.com.mx\/wp-content\/uploads\/2023\/11\/Wet-Back-corte.jpg 527w, https:\/\/www.powermaster.com.mx\/wp-content\/uploads\/2023\/11\/Wet-Back-corte-229x300.jpg 229w\" sizes=\"(max-width: 527px) 100vw, 527px\" \/>\t\t\t\t\t\t\t\t\t\t\t\t\t\t\t<\/div>\n\t\t\t\t<\/div>\n\t\t\t\t<div class=\"elementor-element elementor-element-fd89288 elementor-widget__width-initial elementor-widget-tablet__width-initial elementor-hidden-tablet_extra elementor-widget elementor-widget-heading\" data-id=\"fd89288\" data-element_type=\"widget\" data-e-type=\"widget\" data-widget_type=\"heading.default\">\n\t\t\t\t<div class=\"elementor-widget-container\">\n\t\t\t\t\t<p class=\"elementor-heading-title elementor-size-default\">La parte d\u00e9bil de una caldera de tubos de humo convencional se encuentra en la c\u00e1mara de desv\u00edo de gases de combusti\u00f3n. \u00c9sta est\u00e1 ubicada justo despu\u00e9s del hogar de la caldera, compuesta del marco refractario y de la tapa trasera, fabricada con materiales refractarios y aislantes.<br><br>\n\nEstos materiales son fr\u00e1giles, por lo que se da\u00f1an f\u00e1cilmente (agrietamiento) durante el transporte, las maniobras de carga y descarga. Adem\u00e1s, al contener cantidades considerables de al\u00famina, dichos materiales \u201ctrabajan\u201d (se expanden y contraen) con los cambios de temperatura, por lo tanto, este material tiene una vida \u00fatil definida (normalmente corta). El problema se agudiza a medida que la capacidad de la caldera aumenta, ya que las dimensiones de la c\u00e1mara de retorno y de la tapa trasera tambi\u00e9n aumentan.<br><br>\n\nCuando la c\u00e1mara de desv\u00edo se da\u00f1a, el cambio de materiales refractarios es una tarea tardada, laboriosa y costosa. La caldera debe apagarse, dejarse enfriar lentamente, debido al peso hay que desmontar la tapa trasera con gr\u00faa, retirar el marco refractario da\u00f1ado, colar una nueva c\u00e1mara de retorno, dejarla fraguar, volver a montar la tapa, sellar la caldera y volver a calentar la caldera muy lentamente.<br><br>\n\nDesde aprox. 1940, los pa\u00edses l\u00edderes a nivel mundial en la tecnolog\u00eda y fabricaci\u00f3n de calderas tales como Alemania, Holanda, Francia y Jap\u00f3n, han logrado dentro de sus dise\u00f1os, tanto eliminar la c\u00e1mara de desv\u00edo de gases fabricada en materiales refractarios y aislantes, como simplificar la tapa trasera.<br><br>\n\nSus dise\u00f1os incluyen una c\u00e1mara de desv\u00edo de gases fabricada en acero resistente al calor del mismo material del que est\u00e1 fabricado el hogar de la caldera. Esta c\u00e1mara est\u00e1 sumergida en el agua que contiene la caldera misma. De esta forma, no solamente se eliminan los materiales refractarios y aislantes en esta zona, sino que adicionalmente, esta zona se suma a la transferencia de calor. Es la soluci\u00f3n ideal para eliminar \u201cEl lado d\u00e9bil de las calderas de tubos de humo\u201d (La c\u00e1mara de desv\u00edo fabricada en materiales refractarios y aislantes), brindando grandes ventajas para la operaci\u00f3n. Aumenta la confiabilidad del servicio, la eficiencia (se eliminan fugas de calor en la tapa trasera, logrando un 100% de aprovechamiento de energ\u00eda en esta zona). Por otro lado, se reduce considerablemente tanto el costo del mantenimiento anual ya que no es necesario parar la caldera para reconstruir la c\u00e1mara de desv\u00edo, como los costos de mantener la caldera fuera de servicio (reducci\u00f3n parcial o total de la producci\u00f3n).<br><br>\n<\/p>\t\t\t\t<\/div>\n\t\t\t\t<\/div>\n\t\t\t\t<\/div>\n\t\t\t\t\t<\/div>\n\t\t\t\t<\/div>\n\t\t<div class=\"elementor-element elementor-element-9f733e7 elementor-hidden-desktop elementor-hidden-mobile elementor-hidden-widescreen elementor-hidden-laptop e-flex e-con-boxed e-con e-parent\" data-id=\"9f733e7\" data-element_type=\"container\" data-e-type=\"container\">\n\t\t\t\t\t<div class=\"e-con-inner\">\n\t\t\t\t<div class=\"elementor-element elementor-element-cadfde7 elementor-widget__width-initial elementor-widget-tablet__width-initial elementor-widget elementor-widget-text-editor\" data-id=\"cadfde7\" data-element_type=\"widget\" data-e-type=\"widget\" data-widget_type=\"text-editor.default\">\n\t\t\t\t<div class=\"elementor-widget-container\">\n\t\t\t\t\t\t\t\t\t<p>La parte d\u00e9bil de una caldera de tubos de humo convencional se encuentra en la c\u00e1mara de desv\u00edo de gases de combusti\u00f3n. \u00c9sta est\u00e1 ubicada justo despu\u00e9s del hogar de la caldera, compuesta del marco refractario y de la tapa trasera, fabricada con materiales refractarios y aislantes.<\/p><p>Estos materiales son fr\u00e1giles, por lo que se da\u00f1an f\u00e1cilmente (agrietamiento) durante el transporte, las maniobras de carga y descarga. Adem\u00e1s, al contener cantidades considerables de al\u00famina, dichos materiales \u201ctrabajan\u201d (se expanden y contraen) con los cambios de temperatura, por lo tanto, este material tiene una vida \u00fatil definida (normalmente corta). El problema se agudiza a medida que la capacidad de la caldera aumenta, ya que las dimensiones de la c\u00e1mara de retorno y de la tapa trasera tambi\u00e9n aumentan.<\/p><p><img decoding=\"async\" class=\"alignleft wp-image-5648\" src=\"https:\/\/www.powermaster.com.mx\/wp-content\/uploads\/2023\/11\/Wet-Back-corte.jpg\" alt=\"\" width=\"382\" height=\"500\" srcset=\"https:\/\/www.powermaster.com.mx\/wp-content\/uploads\/2023\/11\/Wet-Back-corte.jpg 527w, https:\/\/www.powermaster.com.mx\/wp-content\/uploads\/2023\/11\/Wet-Back-corte-229x300.jpg 229w\" sizes=\"(max-width: 382px) 100vw, 382px\" \/><br \/>Cuando la c\u00e1mara de desv\u00edo se da\u00f1a, el cambio de materiales refractarios es una tarea tardada, laboriosa y costosa. La caldera debe apagarse, dejarse enfriar lentamente, debido al peso hay que desmontar la tapa trasera con gr\u00faa, retirar el marco refractario da\u00f1ado, colar una nueva c\u00e1mara de retorno, dejarla fraguar, volver a montar la tapa, sellar la caldera y volver a calentar la caldera muy lentamente.<\/p><p>Desde aprox. 1940, los pa\u00edses l\u00edderes a nivel mundial en la tecnolog\u00eda y fabricaci\u00f3n de calderas tales como Alemania, Holanda, Francia y Jap\u00f3n, han logrado dentro de sus dise\u00f1os, tanto eliminar la c\u00e1mara de desv\u00edo de gases fabricada en materiales refractarios y aislantes, como simplificar la tapa trasera.<\/p><p>Sus dise\u00f1os incluyen una c\u00e1mara de desv\u00edo de gases fabricada en acero resistente al calor del mismo material del que est\u00e1 fabricado el hogar de la caldera. Esta c\u00e1mara est\u00e1 sumergida en el agua que contiene la caldera misma. De esta forma, no solamente se eliminan los materiales refractarios y aislantes en esta zona, sino que adicionalmente, esta zona se suma a la transferencia de calor. Es la soluci\u00f3n ideal para eliminar \u201cEl lado d\u00e9bil de las calderas de tubos de humo\u201d (La c\u00e1mara de desv\u00edo fabricada en materiales refractarios y aislantes), brindando grandes ventajas para la operaci\u00f3n. Aumenta la confiabilidad del servicio, la eficiencia (se eliminan fugas de calor en la tapa trasera, logrando un 100% de aprovechamiento de energ\u00eda en esta zona). Por otro lado, se reduce considerablemente tanto el costo del mantenimiento anual ya que no es necesario parar la caldera para reconstruir la c\u00e1mara de desv\u00edo, como los costos de mantener la caldera fuera de servicio (reducci\u00f3n parcial o total de la producci\u00f3n).<\/p>\t\t\t\t\t\t\t\t<\/div>\n\t\t\t\t<\/div>\n\t\t\t\t\t<\/div>\n\t\t\t\t<\/div>\n\t\t<div class=\"elementor-element elementor-element-049d4a0 e-flex e-con-boxed e-con e-parent\" data-id=\"049d4a0\" data-element_type=\"container\" data-e-type=\"container\">\n\t\t\t\t\t<div class=\"e-con-inner\">\n\t\t\t\t<div class=\"elementor-element elementor-element-3a241b5 elementor-widget__width-initial elementor-widget-tablet__width-initial elementor-widget elementor-widget-heading\" data-id=\"3a241b5\" data-element_type=\"widget\" data-e-type=\"widget\" data-widget_type=\"heading.default\">\n\t\t\t\t<div class=\"elementor-widget-container\">\n\t\t\t\t\t<h2 class=\"elementor-heading-title elementor-size-default\">A este tipo de c\u00e1mara de desv\u00edo se le ha denominado \u201cWet-Back\u201d (Retorno h\u00famedo), contra el t\u00e9rmino \u201cDry-Back\u201d (Retorno seco) que corresponde a las calderas tradicionales con c\u00e1mara de desv\u00edo de gases fabricadas con materiales refractarios fr\u00e1giles.<br><br><br>\n\n<span style=\"color: #0C2340\"> \n<b>Por medio del dise\u00f1o Wet-Back se logran los siguientes beneficios:<\/b>\n<\/span>\n<br><br>\n\n<span style=\"color: red\">\u2022 <\/span>Aumento considerable de la eficiencia de la caldera (menos consumo de combustible).<br>\n<span style=\"color: red\">\u2022 <\/span>Confiabilidad total en la operaci\u00f3n continua de la caldera (cuando un marco refractario de una caldera Dry-Back se rompe, es necesario cambiarlo de inmediato, poniendo a esa caldera fuera de servicio (por lo menos 3 a 4 d\u00edas, o sea 72 a 96 horas).<br>\n<span style=\"color: red\">\u2022 <\/span>Menores costos de operaci\u00f3n y de mantenimiento.<br>\n<span style=\"color: red\">\u2022 <\/span>En calderas de di\u00e1metros mayores (capacidades mayores a 100 C.C. ) se elimina la necesidad de contar con una caldera en Stand-By  para el caso de la ruptura de un marco refractario. Lo anterior es necesario teniendo calderas Dry-Back, ya que la ruptura del material refractario sucede de manera s\u00fabita (no avisa) y requiere de su cambio inmediato por lo cual es necesaria una caldera en Stand-By para no tener que parar al proceso productivo durante por lo menos 72 horas.<br><br>\n \n<b>Calderas Powermaster<\/b>, cuenta desde 1989 con calderas tipo \u201cWet-Back\u201d, coloc\u00e1ndose desde entonces a la vanguardia en la fabricaci\u00f3n de calderas.<br><br>\n<\/h2>\t\t\t\t<\/div>\n\t\t\t\t<\/div>\n\t\t\t\t\t<\/div>\n\t\t\t\t<\/div>\n\t\t\t\t<\/div>\n\t\t","protected":false},"excerpt":{"rendered":"<p>\u3164 WET-BACK \u3164 La parte d\u00e9bil de una caldera de tubos de humo convencional se encuentra en la c\u00e1mara de desv\u00edo de gases de combusti\u00f3n. \u00c9sta est\u00e1 ubicada justo despu\u00e9s del hogar de la caldera, compuesta del marco refractario y de la tapa trasera, fabricada con materiales refractarios y aislantes. Estos materiales son fr\u00e1giles, por [&hellip;]<\/p>\n","protected":false},"author":1,"featured_media":0,"parent":86,"menu_order":0,"comment_status":"closed","ping_status":"closed","template":"","meta":{"footnotes":""},"class_list":["post-5636","page","type-page","status-publish","hentry"],"yoast_head":"<!-- This site is optimized with the Yoast SEO plugin v27.4 - https:\/\/yoast.com\/product\/yoast-seo-wordpress\/ -->\n<title>Wet-Back - Powermaster<\/title>\n<meta name=\"robots\" content=\"index, follow, max-snippet:-1, max-image-preview:large, max-video-preview:-1\" \/>\n<link rel=\"canonical\" href=\"https:\/\/www.powermaster.com.mx\/es\/guia-tecnica\/wet-back\/\" \/>\n<meta property=\"og:locale\" content=\"es_MX\" \/>\n<meta property=\"og:type\" content=\"article\" \/>\n<meta property=\"og:title\" content=\"Wet-Back - Powermaster\" \/>\n<meta property=\"og:description\" content=\"\u3164 WET-BACK \u3164 La parte d\u00e9bil de una caldera de tubos de humo convencional se encuentra en la c\u00e1mara de desv\u00edo de gases de combusti\u00f3n. \u00c9sta est\u00e1 ubicada justo despu\u00e9s del hogar de la caldera, compuesta del marco refractario y de la tapa trasera, fabricada con materiales refractarios y aislantes. Estos materiales son fr\u00e1giles, por [&hellip;]\" \/>\n<meta property=\"og:url\" content=\"https:\/\/www.powermaster.com.mx\/es\/guia-tecnica\/wet-back\/\" \/>\n<meta property=\"og:site_name\" content=\"Powermaster\" \/>\n<meta property=\"article:modified_time\" content=\"2025-01-05T22:29:56+00:00\" \/>\n<meta property=\"og:image\" content=\"https:\/\/www.powermaster.com.mx\/wp-content\/uploads\/2023\/11\/Wet-Back-corte.jpg\" \/>\n<meta name=\"twitter:card\" content=\"summary_large_image\" \/>\n<meta name=\"twitter:label1\" content=\"Tiempo de lectura\" \/>\n\t<meta name=\"twitter:data1\" content=\"6 minutos\" \/>\n<script type=\"application\/ld+json\" class=\"yoast-schema-graph\">{\"@context\":\"https:\\\/\\\/schema.org\",\"@graph\":[{\"@type\":\"WebPage\",\"@id\":\"https:\\\/\\\/www.powermaster.com.mx\\\/en\\\/guia-tecnica\\\/wet-back\\\/\",\"url\":\"https:\\\/\\\/www.powermaster.com.mx\\\/en\\\/guia-tecnica\\\/wet-back\\\/\",\"name\":\"Wet-Back - Powermaster\",\"isPartOf\":{\"@id\":\"https:\\\/\\\/www.powermaster.com.mx\\\/es\\\/#website\"},\"primaryImageOfPage\":{\"@id\":\"https:\\\/\\\/www.powermaster.com.mx\\\/en\\\/guia-tecnica\\\/wet-back\\\/#primaryimage\"},\"image\":{\"@id\":\"https:\\\/\\\/www.powermaster.com.mx\\\/en\\\/guia-tecnica\\\/wet-back\\\/#primaryimage\"},\"thumbnailUrl\":\"https:\\\/\\\/www.powermaster.com.mx\\\/wp-content\\\/uploads\\\/2023\\\/11\\\/Wet-Back-corte.jpg\",\"datePublished\":\"2023-11-12T23:17:47+00:00\",\"dateModified\":\"2025-01-05T22:29:56+00:00\",\"breadcrumb\":{\"@id\":\"https:\\\/\\\/www.powermaster.com.mx\\\/en\\\/guia-tecnica\\\/wet-back\\\/#breadcrumb\"},\"inLanguage\":\"es\",\"potentialAction\":[{\"@type\":\"ReadAction\",\"target\":[\"https:\\\/\\\/www.powermaster.com.mx\\\/en\\\/guia-tecnica\\\/wet-back\\\/\"]}]},{\"@type\":\"ImageObject\",\"inLanguage\":\"es\",\"@id\":\"https:\\\/\\\/www.powermaster.com.mx\\\/en\\\/guia-tecnica\\\/wet-back\\\/#primaryimage\",\"url\":\"https:\\\/\\\/www.powermaster.com.mx\\\/wp-content\\\/uploads\\\/2023\\\/11\\\/Wet-Back-corte.jpg\",\"contentUrl\":\"https:\\\/\\\/www.powermaster.com.mx\\\/wp-content\\\/uploads\\\/2023\\\/11\\\/Wet-Back-corte.jpg\"},{\"@type\":\"BreadcrumbList\",\"@id\":\"https:\\\/\\\/www.powermaster.com.mx\\\/en\\\/guia-tecnica\\\/wet-back\\\/#breadcrumb\",\"itemListElement\":[{\"@type\":\"ListItem\",\"position\":1,\"name\":\"&gt;Home\",\"item\":\"https:\\\/\\\/www.powermaster.com.mx\\\/\"},{\"@type\":\"ListItem\",\"position\":2,\"name\":\"Gu\u00eda T\u00e9cnica\",\"item\":\"http:\\\/\\\/www.powermaster.com.mx\\\/es\\\/guia-tecnica\\\/\"},{\"@type\":\"ListItem\",\"position\":3,\"name\":\"Wet-Back\"}]},{\"@type\":\"WebSite\",\"@id\":\"https:\\\/\\\/www.powermaster.com.mx\\\/es\\\/#website\",\"url\":\"https:\\\/\\\/www.powermaster.com.mx\\\/es\\\/\",\"name\":\"Powermaster\",\"description\":\"Calderas Powermaster\",\"publisher\":{\"@id\":\"https:\\\/\\\/www.powermaster.com.mx\\\/es\\\/#organization\"},\"potentialAction\":[{\"@type\":\"SearchAction\",\"target\":{\"@type\":\"EntryPoint\",\"urlTemplate\":\"https:\\\/\\\/www.powermaster.com.mx\\\/es\\\/?s={search_term_string}\"},\"query-input\":{\"@type\":\"PropertyValueSpecification\",\"valueRequired\":true,\"valueName\":\"search_term_string\"}}],\"inLanguage\":\"es\"},{\"@type\":\"Organization\",\"@id\":\"https:\\\/\\\/www.powermaster.com.mx\\\/es\\\/#organization\",\"name\":\"Powermaster\",\"url\":\"https:\\\/\\\/www.powermaster.com.mx\\\/es\\\/\",\"logo\":{\"@type\":\"ImageObject\",\"inLanguage\":\"es\",\"@id\":\"https:\\\/\\\/www.powermaster.com.mx\\\/es\\\/#\\\/schema\\\/logo\\\/image\\\/\",\"url\":\"https:\\\/\\\/www.powermaster.com.mx\\\/wp-content\\\/uploads\\\/2023\\\/09\\\/logoV2.png\",\"contentUrl\":\"https:\\\/\\\/www.powermaster.com.mx\\\/wp-content\\\/uploads\\\/2023\\\/09\\\/logoV2.png\",\"width\":528,\"height\":105,\"caption\":\"Powermaster\"},\"image\":{\"@id\":\"https:\\\/\\\/www.powermaster.com.mx\\\/es\\\/#\\\/schema\\\/logo\\\/image\\\/\"}}]}<\/script>\n<!-- \/ Yoast SEO plugin. -->","yoast_head_json":{"title":"Wet-Back - Powermaster","robots":{"index":"index","follow":"follow","max-snippet":"max-snippet:-1","max-image-preview":"max-image-preview:large","max-video-preview":"max-video-preview:-1"},"canonical":"https:\/\/www.powermaster.com.mx\/es\/guia-tecnica\/wet-back\/","og_locale":"es_MX","og_type":"article","og_title":"Wet-Back - Powermaster","og_description":"\u3164 WET-BACK \u3164 La parte d\u00e9bil de una caldera de tubos de humo convencional se encuentra en la c\u00e1mara de desv\u00edo de gases de combusti\u00f3n. \u00c9sta est\u00e1 ubicada justo despu\u00e9s del hogar de la caldera, compuesta del marco refractario y de la tapa trasera, fabricada con materiales refractarios y aislantes. Estos materiales son fr\u00e1giles, por [&hellip;]","og_url":"https:\/\/www.powermaster.com.mx\/es\/guia-tecnica\/wet-back\/","og_site_name":"Powermaster","article_modified_time":"2025-01-05T22:29:56+00:00","og_image":[{"url":"https:\/\/www.powermaster.com.mx\/wp-content\/uploads\/2023\/11\/Wet-Back-corte.jpg","type":"","width":"","height":""}],"twitter_card":"summary_large_image","twitter_misc":{"Tiempo de lectura":"6 minutos"},"schema":{"@context":"https:\/\/schema.org","@graph":[{"@type":"WebPage","@id":"https:\/\/www.powermaster.com.mx\/en\/guia-tecnica\/wet-back\/","url":"https:\/\/www.powermaster.com.mx\/en\/guia-tecnica\/wet-back\/","name":"Wet-Back - Powermaster","isPartOf":{"@id":"https:\/\/www.powermaster.com.mx\/es\/#website"},"primaryImageOfPage":{"@id":"https:\/\/www.powermaster.com.mx\/en\/guia-tecnica\/wet-back\/#primaryimage"},"image":{"@id":"https:\/\/www.powermaster.com.mx\/en\/guia-tecnica\/wet-back\/#primaryimage"},"thumbnailUrl":"https:\/\/www.powermaster.com.mx\/wp-content\/uploads\/2023\/11\/Wet-Back-corte.jpg","datePublished":"2023-11-12T23:17:47+00:00","dateModified":"2025-01-05T22:29:56+00:00","breadcrumb":{"@id":"https:\/\/www.powermaster.com.mx\/en\/guia-tecnica\/wet-back\/#breadcrumb"},"inLanguage":"es","potentialAction":[{"@type":"ReadAction","target":["https:\/\/www.powermaster.com.mx\/en\/guia-tecnica\/wet-back\/"]}]},{"@type":"ImageObject","inLanguage":"es","@id":"https:\/\/www.powermaster.com.mx\/en\/guia-tecnica\/wet-back\/#primaryimage","url":"https:\/\/www.powermaster.com.mx\/wp-content\/uploads\/2023\/11\/Wet-Back-corte.jpg","contentUrl":"https:\/\/www.powermaster.com.mx\/wp-content\/uploads\/2023\/11\/Wet-Back-corte.jpg"},{"@type":"BreadcrumbList","@id":"https:\/\/www.powermaster.com.mx\/en\/guia-tecnica\/wet-back\/#breadcrumb","itemListElement":[{"@type":"ListItem","position":1,"name":"&gt;Home","item":"https:\/\/www.powermaster.com.mx\/"},{"@type":"ListItem","position":2,"name":"Gu\u00eda T\u00e9cnica","item":"http:\/\/www.powermaster.com.mx\/es\/guia-tecnica\/"},{"@type":"ListItem","position":3,"name":"Wet-Back"}]},{"@type":"WebSite","@id":"https:\/\/www.powermaster.com.mx\/es\/#website","url":"https:\/\/www.powermaster.com.mx\/es\/","name":"Powermaster","description":"Calderas Powermaster","publisher":{"@id":"https:\/\/www.powermaster.com.mx\/es\/#organization"},"potentialAction":[{"@type":"SearchAction","target":{"@type":"EntryPoint","urlTemplate":"https:\/\/www.powermaster.com.mx\/es\/?s={search_term_string}"},"query-input":{"@type":"PropertyValueSpecification","valueRequired":true,"valueName":"search_term_string"}}],"inLanguage":"es"},{"@type":"Organization","@id":"https:\/\/www.powermaster.com.mx\/es\/#organization","name":"Powermaster","url":"https:\/\/www.powermaster.com.mx\/es\/","logo":{"@type":"ImageObject","inLanguage":"es","@id":"https:\/\/www.powermaster.com.mx\/es\/#\/schema\/logo\/image\/","url":"https:\/\/www.powermaster.com.mx\/wp-content\/uploads\/2023\/09\/logoV2.png","contentUrl":"https:\/\/www.powermaster.com.mx\/wp-content\/uploads\/2023\/09\/logoV2.png","width":528,"height":105,"caption":"Powermaster"},"image":{"@id":"https:\/\/www.powermaster.com.mx\/es\/#\/schema\/logo\/image\/"}}]}},"_links":{"self":[{"href":"http:\/\/www.powermaster.com.mx\/es\/wp-json\/wp\/v2\/pages\/5636","targetHints":{"allow":["GET"]}}],"collection":[{"href":"http:\/\/www.powermaster.com.mx\/es\/wp-json\/wp\/v2\/pages"}],"about":[{"href":"http:\/\/www.powermaster.com.mx\/es\/wp-json\/wp\/v2\/types\/page"}],"author":[{"embeddable":true,"href":"http:\/\/www.powermaster.com.mx\/es\/wp-json\/wp\/v2\/users\/1"}],"replies":[{"embeddable":true,"href":"http:\/\/www.powermaster.com.mx\/es\/wp-json\/wp\/v2\/comments?post=5636"}],"version-history":[{"count":0,"href":"http:\/\/www.powermaster.com.mx\/es\/wp-json\/wp\/v2\/pages\/5636\/revisions"}],"up":[{"embeddable":true,"href":"http:\/\/www.powermaster.com.mx\/es\/wp-json\/wp\/v2\/pages\/86"}],"wp:attachment":[{"href":"http:\/\/www.powermaster.com.mx\/es\/wp-json\/wp\/v2\/media?parent=5636"}],"curies":[{"name":"wp","href":"https:\/\/api.w.org\/{rel}","templated":true}]}}