{"id":5666,"date":"2023-11-12T23:48:39","date_gmt":"2023-11-12T23:48:39","guid":{"rendered":"https:\/\/pmtest.iah.mx\/?page_id=5666"},"modified":"2025-03-20T04:59:00","modified_gmt":"2025-03-20T04:59:00","slug":"compuertas-de-alivio","status":"publish","type":"page","link":"http:\/\/www.powermaster.com.mx\/es\/guia-tecnica\/compuertas-de-alivio\/","title":{"rendered":"Compuertas de Alivio"},"content":{"rendered":"\t\t<div data-elementor-type=\"wp-page\" data-elementor-id=\"5666\" class=\"elementor elementor-5666\" data-elementor-post-type=\"page\">\n\t\t\t\t<div class=\"elementor-element elementor-element-760cf72e headEmpresa e-flex e-con-boxed e-con e-parent\" data-id=\"760cf72e\" data-element_type=\"container\" data-e-type=\"container\">\n\t\t\t\t\t<div class=\"e-con-inner\">\n\t\t<div class=\"elementor-element elementor-element-75c2a4b2 e-con-full e-flex e-con e-child\" data-id=\"75c2a4b2\" data-element_type=\"container\" data-e-type=\"container\">\n\t\t\t\t<div class=\"elementor-element elementor-element-3927eae5 elementor-widget__width-initial lineaI elementor-widget-mobile__width-initial elementor-widget elementor-widget-heading\" data-id=\"3927eae5\" data-element_type=\"widget\" data-e-type=\"widget\" data-widget_type=\"heading.default\">\n\t\t\t\t<div class=\"elementor-widget-container\">\n\t\t\t\t\t<span class=\"elementor-heading-title elementor-size-default\">\u3164<\/span>\t\t\t\t<\/div>\n\t\t\t\t<\/div>\n\t\t\t\t<\/div>\n\t\t<div class=\"elementor-element elementor-element-6076a442 e-con-full e-flex e-con e-child\" data-id=\"6076a442\" data-element_type=\"container\" data-e-type=\"container\">\n\t\t\t\t<div class=\"elementor-element elementor-element-25e11dab elementor-widget__width-initial elementor-widget-tablet__width-inherit elementor-widget-mobile__width-initial elementor-widget-laptop__width-initial elementor-widget elementor-widget-heading\" data-id=\"25e11dab\" data-element_type=\"widget\" data-e-type=\"widget\" data-widget_type=\"heading.default\">\n\t\t\t\t<div class=\"elementor-widget-container\">\n\t\t\t\t\t<h1 class=\"elementor-heading-title elementor-size-default\">compuertas  de alivio<\/h1>\t\t\t\t<\/div>\n\t\t\t\t<\/div>\n\t\t\t\t<\/div>\n\t\t<div class=\"elementor-element elementor-element-7de9c58c e-con-full e-flex e-con e-child\" data-id=\"7de9c58c\" data-element_type=\"container\" data-e-type=\"container\">\n\t\t\t\t<div class=\"elementor-element elementor-element-38bd5fc2 elementor-widget__width-initial lineaI elementor-widget-mobile__width-initial elementor-widget elementor-widget-heading\" data-id=\"38bd5fc2\" data-element_type=\"widget\" data-e-type=\"widget\" data-widget_type=\"heading.default\">\n\t\t\t\t<div class=\"elementor-widget-container\">\n\t\t\t\t\t<span class=\"elementor-heading-title elementor-size-default\">\u3164<\/span>\t\t\t\t<\/div>\n\t\t\t\t<\/div>\n\t\t\t\t<\/div>\n\t\t\t\t\t<\/div>\n\t\t\t\t<\/div>\n\t\t<div class=\"elementor-element elementor-element-61b0fdb7 e-con-full e-flex e-con e-parent\" data-id=\"61b0fdb7\" data-element_type=\"container\" data-e-type=\"container\">\n\t\t<div class=\"elementor-element elementor-element-3538bbe3 e-flex e-con-boxed e-con e-child\" data-id=\"3538bbe3\" data-element_type=\"container\" data-e-type=\"container\" data-settings=\"{&quot;background_background&quot;:&quot;classic&quot;}\">\n\t\t\t\t\t<div class=\"e-con-inner\">\n\t\t\t\t<div class=\"elementor-element elementor-element-6c694a55 elementor-widget elementor-widget-breadcrumbs\" data-id=\"6c694a55\" data-element_type=\"widget\" data-e-type=\"widget\" data-widget_type=\"breadcrumbs.default\">\n\t\t\t\t<div class=\"elementor-widget-container\">\n\t\t\t\t\t<p id=\"breadcrumbs\">\tPowermaster\n<span><span><a href=\"https:\/\/www.powermaster.com.mx\/\">&gt;Home<\/a><\/span><\/span><\/p>\t\t\t\t<\/div>\n\t\t\t\t<\/div>\n\t\t\t\t\t<\/div>\n\t\t\t\t<\/div>\n\t\t\t\t<\/div>\n\t\t<div class=\"elementor-element elementor-element-b24c717 elementor-hidden-tablet_extra elementor-hidden-tablet elementor-hidden-mobile_extra e-flex e-con-boxed e-con e-parent\" data-id=\"b24c717\" data-element_type=\"container\" data-e-type=\"container\">\n\t\t\t\t\t<div class=\"e-con-inner\">\n\t\t<div class=\"elementor-element elementor-element-64a7d24 e-con-full e-flex e-con e-child\" data-id=\"64a7d24\" data-element_type=\"container\" data-e-type=\"container\">\n\t\t\t\t<div class=\"elementor-element elementor-element-5dbf907 e-transform elementor-widget elementor-widget-image\" data-id=\"5dbf907\" data-element_type=\"widget\" data-e-type=\"widget\" data-settings=\"{&quot;_transform_rotateZ_effect&quot;:{&quot;unit&quot;:&quot;px&quot;,&quot;size&quot;:&quot;&quot;,&quot;sizes&quot;:[]},&quot;_transform_rotateZ_effect_widescreen&quot;:{&quot;unit&quot;:&quot;deg&quot;,&quot;size&quot;:&quot;&quot;,&quot;sizes&quot;:[]},&quot;_transform_rotateZ_effect_laptop&quot;:{&quot;unit&quot;:&quot;deg&quot;,&quot;size&quot;:&quot;&quot;,&quot;sizes&quot;:[]},&quot;_transform_rotateZ_effect_tablet_extra&quot;:{&quot;unit&quot;:&quot;deg&quot;,&quot;size&quot;:&quot;&quot;,&quot;sizes&quot;:[]},&quot;_transform_rotateZ_effect_tablet&quot;:{&quot;unit&quot;:&quot;deg&quot;,&quot;size&quot;:&quot;&quot;,&quot;sizes&quot;:[]},&quot;_transform_rotateZ_effect_mobile_extra&quot;:{&quot;unit&quot;:&quot;deg&quot;,&quot;size&quot;:&quot;&quot;,&quot;sizes&quot;:[]},&quot;_transform_rotateZ_effect_mobile&quot;:{&quot;unit&quot;:&quot;deg&quot;,&quot;size&quot;:&quot;&quot;,&quot;sizes&quot;:[]}}\" data-widget_type=\"image.default\">\n\t\t\t\t<div class=\"elementor-widget-container\">\n\t\t\t\t\t\t\t\t\t\t\t\t\t\t\t<img fetchpriority=\"high\" decoding=\"async\" width=\"527\" height=\"689\" src=\"https:\/\/www.powermaster.com.mx\/wp-content\/uploads\/2023\/11\/comp.alivioret.jpg\" class=\"attachment-medium_large size-medium_large wp-image-5702\" alt=\"\" srcset=\"https:\/\/www.powermaster.com.mx\/wp-content\/uploads\/2023\/11\/comp.alivioret.jpg 527w, https:\/\/www.powermaster.com.mx\/wp-content\/uploads\/2023\/11\/comp.alivioret-229x300.jpg 229w\" sizes=\"(max-width: 527px) 100vw, 527px\" \/>\t\t\t\t\t\t\t\t\t\t\t\t\t\t\t<\/div>\n\t\t\t\t<\/div>\n\t\t\t\t<\/div>\n\t\t<div class=\"elementor-element elementor-element-202d9e1 e-con-full e-flex e-con e-child\" data-id=\"202d9e1\" data-element_type=\"container\" data-e-type=\"container\">\n\t\t\t\t<div class=\"elementor-element elementor-element-609f2ff elementor-widget elementor-widget-heading\" data-id=\"609f2ff\" data-element_type=\"widget\" data-e-type=\"widget\" data-widget_type=\"heading.default\">\n\t\t\t\t<div class=\"elementor-widget-container\">\n\t\t\t\t\t<h2 class=\"elementor-heading-title elementor-size-default\">COMPUERTAS DE ALIVIO PARA SOBREPRESIONES DE GAS DE COMBUSTI\u00d3N<\/h2>\t\t\t\t<\/div>\n\t\t\t\t<\/div>\n\t\t\t\t<div class=\"elementor-element elementor-element-14e49ff elementor-widget__width-inherit elementor-widget elementor-widget-heading\" data-id=\"14e49ff\" data-element_type=\"widget\" data-e-type=\"widget\" data-widget_type=\"heading.default\">\n\t\t\t\t<div class=\"elementor-widget-container\">\n\t\t\t\t\t<p class=\"elementor-heading-title elementor-size-default\">Las calderas de tubos de humo se pueden equipar con compuertas de alivio para sobrepresiones de los gases de combusti\u00f3n. Estas compuertas funcionan como una v\u00e1lvula de alivio calibrada a una muy baja presi\u00f3n (aprox. 30 pulgadas columna de agua) y protegen a la caldera contra da\u00f1os mayores cuando existen explosiones del lado gases de la caldera.\n<br><br>\nLas compuertas de alivio de sobrepresi\u00f3n de la c\u00e1mara de combusti\u00f3n deben de ir instaladas entre el segundo y tercer paso de los gases de combusti\u00f3n. Su dise\u00f1o debe de ser de alivio perif\u00e9rico garantizando de esta forma su operaci\u00f3n efectiva. Estas compuertas son un elemento vital de seguridad al que en muchos casos no se les da la importancia debida y necesaria.\n<\/p>\t\t\t\t<\/div>\n\t\t\t\t<\/div>\n\t\t\t\t<div class=\"elementor-element elementor-element-9b4e927 elementor-widget elementor-widget-heading\" data-id=\"9b4e927\" data-element_type=\"widget\" data-e-type=\"widget\" data-widget_type=\"heading.default\">\n\t\t\t\t<div class=\"elementor-widget-container\">\n\t\t\t\t\t<h2 class=\"elementor-heading-title elementor-size-default\">\u00bfCU\u00c1NDO ACT\u00daAN (ABREN) LAS COMPUERTAS DE ALIVIO DE UNA CALDERA?<\/h2>\t\t\t\t<\/div>\n\t\t\t\t<\/div>\n\t\t\t\t<div class=\"elementor-element elementor-element-f3b8f3a elementor-widget__width-inherit elementor-widget elementor-widget-heading\" data-id=\"f3b8f3a\" data-element_type=\"widget\" data-e-type=\"widget\" data-widget_type=\"heading.default\">\n\t\t\t\t<div class=\"elementor-widget-container\">\n\t\t\t\t\t<p class=\"elementor-heading-title elementor-size-default\">La labor principal de estas compuertas, es la de aliviar explosiones dentro del tubo ca\u00f1\u00f3n de la caldera.\n<br><br>\nLas explosiones se pueden presentar cuando la v\u00e1lvula de combustible (solenoide) no logra un cierre herm\u00e9tico, dejando pasar combustible hacia el hogar de la caldera. Por ejemplo, cuando un pedazo de material externo al combustible (astillas, corcho, piedra, estopas, mugre, arena, etc.), se interpone entre el asiento de la v\u00e1lvula en el momento de cierre. Tambi\u00e9n sucede cuando por alg\u00fan desperfecto, el sello del asiento de la v\u00e1lvula solenoide deje de ser herm\u00e9tico o cuando existe alguna fractura en el porta-boquillas de las boquillas de atomizaci\u00f3n. Otro tipo de explosiones se pueden presentar por residuos de combustibles l\u00edquidos o gaseosos dentro del tubo ca\u00f1\u00f3n u hogar de la caldera (Fisura en el porta-boquillas).\n<br><br>\nCuando no existen las compuertas de alivio o est\u00e1n instaladas a la salida del tercer o cuarto paso, la explosi\u00f3n tiende a buscar una salida. Normalmente se desprender\u00e1 la tapa trasera de la caldera, logrando atravesar hasta 5 paredes de ladrillo o arrojando la misma a m\u00e1s de 40 metros de distancia con consecuencias potencialmente fatales (mortales).\n<\/p>\t\t\t\t<\/div>\n\t\t\t\t<\/div>\n\t\t\t\t<\/div>\n\t\t<div class=\"elementor-element elementor-element-2eeb4f5 e-flex e-con-boxed e-con e-child\" data-id=\"2eeb4f5\" data-element_type=\"container\" data-e-type=\"container\">\n\t\t\t\t\t<div class=\"e-con-inner\">\n\t\t\t\t<div class=\"elementor-element elementor-element-a2b1546 elementor-widget__width-inherit elementor-widget-mobile__width-initial elementor-widget elementor-widget-heading\" data-id=\"a2b1546\" data-element_type=\"widget\" data-e-type=\"widget\" data-widget_type=\"heading.default\">\n\t\t\t\t<div class=\"elementor-widget-container\">\n\t\t\t\t\t<p class=\"elementor-heading-title elementor-size-default\">Adicionalmente el cuerpo de presi\u00f3n de la caldera tendr\u00e1 que absorber constantemente fatigas adicionales de gran envergadura que tarde o temprano ocasionar\u00e1n rupturas por esfuerzos no\nconsiderados en el tubo ca\u00f1\u00f3n o espejos de la caldera por la falta de compuertas de alivio de gases.\n<br><br>\nTodas las calderas horizontales de <b>Powermaster<\/b> cuentan con compuertas de alivio de sobrepresi\u00f3n en el lado gases instaladas de l\u00ednea.<\/p>\t\t\t\t<\/div>\n\t\t\t\t<\/div>\n\t\t\t\t\t<\/div>\n\t\t\t\t<\/div>\n\t\t\t\t\t<\/div>\n\t\t\t\t<\/div>\n\t\t<div class=\"elementor-element elementor-element-bd3f24b elementor-hidden-widescreen elementor-hidden-desktop elementor-hidden-laptop elementor-hidden-mobile e-flex e-con-boxed e-con e-parent\" data-id=\"bd3f24b\" data-element_type=\"container\" data-e-type=\"container\">\n\t\t\t\t\t<div class=\"e-con-inner\">\n\t\t<div class=\"elementor-element elementor-element-314a8fb e-con-full e-flex e-con e-child\" data-id=\"314a8fb\" data-element_type=\"container\" data-e-type=\"container\">\n\t\t\t\t<div class=\"elementor-element elementor-element-297d16b elementor-widget elementor-widget-text-editor\" data-id=\"297d16b\" data-element_type=\"widget\" data-e-type=\"widget\" data-widget_type=\"text-editor.default\">\n\t\t\t\t<div class=\"elementor-widget-container\">\n\t\t\t\t\t\t\t\t\t<p><strong><span style=\"color: #003366;\">COMPUERTAS DE ALIVIO PARA SOBREPRESIONES DE GAS DE COMBUSTI\u00d3N<\/span><\/strong><\/p><p>Las calderas de tubos de humo se pueden equipar con compuertas de alivio para sobrepresiones de los gases de combusti\u00f3n. Estas compuertas funcionan como una v\u00e1lvula de alivio calibrada a una muy baja presi\u00f3n (aprox. 30 pulgadas columna de agua) y protegen a la caldera contra da\u00f1os mayores cuando existen explosiones del lado gases de la caldera.<\/p><p>Las compuertas de alivio de sobrepresi\u00f3n de la c\u00e1mara de combusti\u00f3n deben de ir instaladas entre el segundo y tercer paso de los gases de combusti\u00f3n. Su dise\u00f1o debe de ser de alivio perif\u00e9rico garantizando de esta forma su operaci\u00f3n efectiva. Estas compuertas son un elemento vital de seguridad al que en muchos casos no se les da la importancia debida y necesaria.<\/p><p><img decoding=\"async\" class=\"alignleft wp-image-5702\" src=\"https:\/\/www.powermaster.com.mx\/wp-content\/uploads\/2023\/11\/comp.alivioret-229x300.jpg\" alt=\"\" width=\"400\" height=\"523\" srcset=\"https:\/\/www.powermaster.com.mx\/wp-content\/uploads\/2023\/11\/comp.alivioret-229x300.jpg 229w, https:\/\/www.powermaster.com.mx\/wp-content\/uploads\/2023\/11\/comp.alivioret.jpg 527w\" sizes=\"(max-width: 400px) 100vw, 400px\" \/><\/p><p><span style=\"color: #000080;\"><strong>\u00bfCU\u00c1NDO ACT\u00daAN (ABREN) LAS COMPUERTAS DE ALIVIO DE UNA CALDERA?<\/strong><\/span><\/p><p>La labor principal de estas compuertas, es la de aliviar explosiones dentro del tubo ca\u00f1\u00f3n de la caldera.<\/p><p>Las explosiones se pueden presentar cuando la v\u00e1lvula de combustible (solenoide) no logra un cierre herm\u00e9tico, dejando pasar combustible hacia el hogar de la caldera. Por ejemplo, cuando un pedazo de material externo al combustible (astillas, corcho, piedra, estopas, mugre, arena, etc.), se interpone entre el asiento de la v\u00e1lvula en el momento de cierre. Tambi\u00e9n sucede cuando por alg\u00fan desperfecto, el sello del asiento de la v\u00e1lvula solenoide deje de ser herm\u00e9tico o cuando existe alguna fractura en el porta-boquillas de las boquillas de atomizaci\u00f3n. Otro tipo de explosiones se pueden presentar por residuos de combustibles l\u00edquidos o gaseosos dentro del tubo ca\u00f1\u00f3n u hogar de la caldera (Fisura en el porta-boquillas).<\/p><p>Cuando no existen las compuertas de alivio o est\u00e1n instaladas a la salida del tercer o cuarto paso, la explosi\u00f3n tiende a buscar una salida. Normalmente se desprender\u00e1 la tapa trasera de la caldera, logrando atravesar hasta 5 paredes de ladrillo o arrojando la misma a m\u00e1s de 40 metros de distancia con consecuencias potencialmente fatales (mortales).<\/p><p>Adicionalmente el cuerpo de presi\u00f3n de la caldera tendr\u00e1 que absorber constantemente fatigas adicionales de gran envergadura que tarde o temprano ocasionar\u00e1n rupturas por esfuerzos no<br \/>considerados en el tubo ca\u00f1\u00f3n o espejos de la caldera por la falta de compuertas de alivio de gases.<\/p><p>Todas las calderas horizontales de <strong>Powermaster<\/strong>\u00a0cuentan con compuertas de alivio de sobrepresi\u00f3n en el lado gases instaladas de l\u00ednea.<\/p>\t\t\t\t\t\t\t\t<\/div>\n\t\t\t\t<\/div>\n\t\t\t\t<\/div>\n\t\t\t\t\t<\/div>\n\t\t\t\t<\/div>\n\t\t\t\t<\/div>\n\t\t","protected":false},"excerpt":{"rendered":"<p>\u3164 compuertas de alivio \u3164 COMPUERTAS DE ALIVIO PARA SOBREPRESIONES DE GAS DE COMBUSTI\u00d3N Las calderas de tubos de humo se pueden equipar con compuertas de alivio para sobrepresiones de los gases de combusti\u00f3n. Estas compuertas funcionan como una v\u00e1lvula de alivio calibrada a una muy baja presi\u00f3n (aprox. 30 pulgadas columna de agua) y [&hellip;]<\/p>\n","protected":false},"author":1,"featured_media":0,"parent":86,"menu_order":0,"comment_status":"closed","ping_status":"closed","template":"","meta":{"footnotes":""},"class_list":["post-5666","page","type-page","status-publish","hentry"],"yoast_head":"<!-- This site is optimized with the Yoast SEO plugin v27.4 - https:\/\/yoast.com\/product\/yoast-seo-wordpress\/ -->\n<title>Compuertas de Alivio - Powermaster<\/title>\n<meta name=\"robots\" content=\"index, follow, max-snippet:-1, max-image-preview:large, max-video-preview:-1\" \/>\n<link rel=\"canonical\" href=\"http:\/\/www.powermaster.com.mx\/es\/guia-tecnica\/compuertas-de-alivio\/\" \/>\n<meta property=\"og:locale\" content=\"es_MX\" \/>\n<meta property=\"og:type\" content=\"article\" \/>\n<meta property=\"og:title\" content=\"Compuertas de Alivio - Powermaster\" \/>\n<meta property=\"og:description\" content=\"\u3164 compuertas de alivio \u3164 COMPUERTAS DE ALIVIO PARA SOBREPRESIONES DE GAS DE COMBUSTI\u00d3N Las calderas de tubos de humo se pueden equipar con compuertas de alivio para sobrepresiones de los gases de combusti\u00f3n. Estas compuertas funcionan como una v\u00e1lvula de alivio calibrada a una muy baja presi\u00f3n (aprox. 30 pulgadas columna de agua) y [&hellip;]\" \/>\n<meta property=\"og:url\" content=\"http:\/\/www.powermaster.com.mx\/es\/guia-tecnica\/compuertas-de-alivio\/\" \/>\n<meta property=\"og:site_name\" content=\"Powermaster\" \/>\n<meta property=\"article:modified_time\" content=\"2025-03-20T04:59:00+00:00\" \/>\n<meta property=\"og:image\" content=\"https:\/\/www.powermaster.com.mx\/wp-content\/uploads\/2023\/11\/comp.alivioret.jpg\" \/>\n<meta name=\"twitter:card\" content=\"summary_large_image\" \/>\n<meta name=\"twitter:label1\" content=\"Tiempo de lectura\" \/>\n\t<meta name=\"twitter:data1\" content=\"5 minutos\" \/>\n<script type=\"application\/ld+json\" class=\"yoast-schema-graph\">{\"@context\":\"https:\\\/\\\/schema.org\",\"@graph\":[{\"@type\":\"WebPage\",\"@id\":\"http:\\\/\\\/www.powermaster.com.mx\\\/es\\\/guia-tecnica\\\/compuertas-de-alivio\\\/\",\"url\":\"http:\\\/\\\/www.powermaster.com.mx\\\/es\\\/guia-tecnica\\\/compuertas-de-alivio\\\/\",\"name\":\"Compuertas de Alivio - Powermaster\",\"isPartOf\":{\"@id\":\"https:\\\/\\\/www.powermaster.com.mx\\\/es\\\/#website\"},\"primaryImageOfPage\":{\"@id\":\"http:\\\/\\\/www.powermaster.com.mx\\\/es\\\/guia-tecnica\\\/compuertas-de-alivio\\\/#primaryimage\"},\"image\":{\"@id\":\"http:\\\/\\\/www.powermaster.com.mx\\\/es\\\/guia-tecnica\\\/compuertas-de-alivio\\\/#primaryimage\"},\"thumbnailUrl\":\"https:\\\/\\\/www.powermaster.com.mx\\\/wp-content\\\/uploads\\\/2023\\\/11\\\/comp.alivioret.jpg\",\"datePublished\":\"2023-11-12T23:48:39+00:00\",\"dateModified\":\"2025-03-20T04:59:00+00:00\",\"breadcrumb\":{\"@id\":\"http:\\\/\\\/www.powermaster.com.mx\\\/es\\\/guia-tecnica\\\/compuertas-de-alivio\\\/#breadcrumb\"},\"inLanguage\":\"es\",\"potentialAction\":[{\"@type\":\"ReadAction\",\"target\":[\"http:\\\/\\\/www.powermaster.com.mx\\\/es\\\/guia-tecnica\\\/compuertas-de-alivio\\\/\"]}]},{\"@type\":\"ImageObject\",\"inLanguage\":\"es\",\"@id\":\"http:\\\/\\\/www.powermaster.com.mx\\\/es\\\/guia-tecnica\\\/compuertas-de-alivio\\\/#primaryimage\",\"url\":\"https:\\\/\\\/www.powermaster.com.mx\\\/wp-content\\\/uploads\\\/2023\\\/11\\\/comp.alivioret.jpg\",\"contentUrl\":\"https:\\\/\\\/www.powermaster.com.mx\\\/wp-content\\\/uploads\\\/2023\\\/11\\\/comp.alivioret.jpg\"},{\"@type\":\"BreadcrumbList\",\"@id\":\"http:\\\/\\\/www.powermaster.com.mx\\\/es\\\/guia-tecnica\\\/compuertas-de-alivio\\\/#breadcrumb\",\"itemListElement\":[{\"@type\":\"ListItem\",\"position\":1,\"name\":\"&gt;Home\",\"item\":\"https:\\\/\\\/www.powermaster.com.mx\\\/\"},{\"@type\":\"ListItem\",\"position\":2,\"name\":\"Gu\u00eda T\u00e9cnica\",\"item\":\"http:\\\/\\\/www.powermaster.com.mx\\\/es\\\/guia-tecnica\\\/\"},{\"@type\":\"ListItem\",\"position\":3,\"name\":\"Compuertas de Alivio\"}]},{\"@type\":\"WebSite\",\"@id\":\"https:\\\/\\\/www.powermaster.com.mx\\\/es\\\/#website\",\"url\":\"https:\\\/\\\/www.powermaster.com.mx\\\/es\\\/\",\"name\":\"Powermaster\",\"description\":\"Calderas Powermaster\",\"publisher\":{\"@id\":\"https:\\\/\\\/www.powermaster.com.mx\\\/es\\\/#organization\"},\"potentialAction\":[{\"@type\":\"SearchAction\",\"target\":{\"@type\":\"EntryPoint\",\"urlTemplate\":\"https:\\\/\\\/www.powermaster.com.mx\\\/es\\\/?s={search_term_string}\"},\"query-input\":{\"@type\":\"PropertyValueSpecification\",\"valueRequired\":true,\"valueName\":\"search_term_string\"}}],\"inLanguage\":\"es\"},{\"@type\":\"Organization\",\"@id\":\"https:\\\/\\\/www.powermaster.com.mx\\\/es\\\/#organization\",\"name\":\"Powermaster\",\"url\":\"https:\\\/\\\/www.powermaster.com.mx\\\/es\\\/\",\"logo\":{\"@type\":\"ImageObject\",\"inLanguage\":\"es\",\"@id\":\"https:\\\/\\\/www.powermaster.com.mx\\\/es\\\/#\\\/schema\\\/logo\\\/image\\\/\",\"url\":\"https:\\\/\\\/www.powermaster.com.mx\\\/wp-content\\\/uploads\\\/2023\\\/09\\\/logoV2.png\",\"contentUrl\":\"https:\\\/\\\/www.powermaster.com.mx\\\/wp-content\\\/uploads\\\/2023\\\/09\\\/logoV2.png\",\"width\":528,\"height\":105,\"caption\":\"Powermaster\"},\"image\":{\"@id\":\"https:\\\/\\\/www.powermaster.com.mx\\\/es\\\/#\\\/schema\\\/logo\\\/image\\\/\"}}]}<\/script>\n<!-- \/ Yoast SEO plugin. -->","yoast_head_json":{"title":"Compuertas de Alivio - Powermaster","robots":{"index":"index","follow":"follow","max-snippet":"max-snippet:-1","max-image-preview":"max-image-preview:large","max-video-preview":"max-video-preview:-1"},"canonical":"http:\/\/www.powermaster.com.mx\/es\/guia-tecnica\/compuertas-de-alivio\/","og_locale":"es_MX","og_type":"article","og_title":"Compuertas de Alivio - Powermaster","og_description":"\u3164 compuertas de alivio \u3164 COMPUERTAS DE ALIVIO PARA SOBREPRESIONES DE GAS DE COMBUSTI\u00d3N Las calderas de tubos de humo se pueden equipar con compuertas de alivio para sobrepresiones de los gases de combusti\u00f3n. Estas compuertas funcionan como una v\u00e1lvula de alivio calibrada a una muy baja presi\u00f3n (aprox. 30 pulgadas columna de agua) y [&hellip;]","og_url":"http:\/\/www.powermaster.com.mx\/es\/guia-tecnica\/compuertas-de-alivio\/","og_site_name":"Powermaster","article_modified_time":"2025-03-20T04:59:00+00:00","og_image":[{"url":"https:\/\/www.powermaster.com.mx\/wp-content\/uploads\/2023\/11\/comp.alivioret.jpg","type":"","width":"","height":""}],"twitter_card":"summary_large_image","twitter_misc":{"Tiempo de lectura":"5 minutos"},"schema":{"@context":"https:\/\/schema.org","@graph":[{"@type":"WebPage","@id":"http:\/\/www.powermaster.com.mx\/es\/guia-tecnica\/compuertas-de-alivio\/","url":"http:\/\/www.powermaster.com.mx\/es\/guia-tecnica\/compuertas-de-alivio\/","name":"Compuertas de Alivio - Powermaster","isPartOf":{"@id":"https:\/\/www.powermaster.com.mx\/es\/#website"},"primaryImageOfPage":{"@id":"http:\/\/www.powermaster.com.mx\/es\/guia-tecnica\/compuertas-de-alivio\/#primaryimage"},"image":{"@id":"http:\/\/www.powermaster.com.mx\/es\/guia-tecnica\/compuertas-de-alivio\/#primaryimage"},"thumbnailUrl":"https:\/\/www.powermaster.com.mx\/wp-content\/uploads\/2023\/11\/comp.alivioret.jpg","datePublished":"2023-11-12T23:48:39+00:00","dateModified":"2025-03-20T04:59:00+00:00","breadcrumb":{"@id":"http:\/\/www.powermaster.com.mx\/es\/guia-tecnica\/compuertas-de-alivio\/#breadcrumb"},"inLanguage":"es","potentialAction":[{"@type":"ReadAction","target":["http:\/\/www.powermaster.com.mx\/es\/guia-tecnica\/compuertas-de-alivio\/"]}]},{"@type":"ImageObject","inLanguage":"es","@id":"http:\/\/www.powermaster.com.mx\/es\/guia-tecnica\/compuertas-de-alivio\/#primaryimage","url":"https:\/\/www.powermaster.com.mx\/wp-content\/uploads\/2023\/11\/comp.alivioret.jpg","contentUrl":"https:\/\/www.powermaster.com.mx\/wp-content\/uploads\/2023\/11\/comp.alivioret.jpg"},{"@type":"BreadcrumbList","@id":"http:\/\/www.powermaster.com.mx\/es\/guia-tecnica\/compuertas-de-alivio\/#breadcrumb","itemListElement":[{"@type":"ListItem","position":1,"name":"&gt;Home","item":"https:\/\/www.powermaster.com.mx\/"},{"@type":"ListItem","position":2,"name":"Gu\u00eda T\u00e9cnica","item":"http:\/\/www.powermaster.com.mx\/es\/guia-tecnica\/"},{"@type":"ListItem","position":3,"name":"Compuertas de Alivio"}]},{"@type":"WebSite","@id":"https:\/\/www.powermaster.com.mx\/es\/#website","url":"https:\/\/www.powermaster.com.mx\/es\/","name":"Powermaster","description":"Calderas Powermaster","publisher":{"@id":"https:\/\/www.powermaster.com.mx\/es\/#organization"},"potentialAction":[{"@type":"SearchAction","target":{"@type":"EntryPoint","urlTemplate":"https:\/\/www.powermaster.com.mx\/es\/?s={search_term_string}"},"query-input":{"@type":"PropertyValueSpecification","valueRequired":true,"valueName":"search_term_string"}}],"inLanguage":"es"},{"@type":"Organization","@id":"https:\/\/www.powermaster.com.mx\/es\/#organization","name":"Powermaster","url":"https:\/\/www.powermaster.com.mx\/es\/","logo":{"@type":"ImageObject","inLanguage":"es","@id":"https:\/\/www.powermaster.com.mx\/es\/#\/schema\/logo\/image\/","url":"https:\/\/www.powermaster.com.mx\/wp-content\/uploads\/2023\/09\/logoV2.png","contentUrl":"https:\/\/www.powermaster.com.mx\/wp-content\/uploads\/2023\/09\/logoV2.png","width":528,"height":105,"caption":"Powermaster"},"image":{"@id":"https:\/\/www.powermaster.com.mx\/es\/#\/schema\/logo\/image\/"}}]}},"_links":{"self":[{"href":"http:\/\/www.powermaster.com.mx\/es\/wp-json\/wp\/v2\/pages\/5666","targetHints":{"allow":["GET"]}}],"collection":[{"href":"http:\/\/www.powermaster.com.mx\/es\/wp-json\/wp\/v2\/pages"}],"about":[{"href":"http:\/\/www.powermaster.com.mx\/es\/wp-json\/wp\/v2\/types\/page"}],"author":[{"embeddable":true,"href":"http:\/\/www.powermaster.com.mx\/es\/wp-json\/wp\/v2\/users\/1"}],"replies":[{"embeddable":true,"href":"http:\/\/www.powermaster.com.mx\/es\/wp-json\/wp\/v2\/comments?post=5666"}],"version-history":[{"count":0,"href":"http:\/\/www.powermaster.com.mx\/es\/wp-json\/wp\/v2\/pages\/5666\/revisions"}],"up":[{"embeddable":true,"href":"http:\/\/www.powermaster.com.mx\/es\/wp-json\/wp\/v2\/pages\/86"}],"wp:attachment":[{"href":"http:\/\/www.powermaster.com.mx\/es\/wp-json\/wp\/v2\/media?parent=5666"}],"curies":[{"name":"wp","href":"https:\/\/api.w.org\/{rel}","templated":true}]}}