{"id":8531,"date":"2024-02-05T18:06:05","date_gmt":"2024-02-05T18:06:05","guid":{"rendered":"https:\/\/pmtest.iah.mx\/?page_id=8531"},"modified":"2026-03-09T02:09:12","modified_gmt":"2026-03-09T02:09:12","slug":"tratamientos-de-aguas","status":"publish","type":"page","link":"http:\/\/www.powermaster.com.mx\/es\/guia-tecnica\/tratamientos-de-aguas\/","title":{"rendered":"Tratamientos de Agua"},"content":{"rendered":"\t\t<div data-elementor-type=\"wp-page\" data-elementor-id=\"8531\" class=\"elementor elementor-8531\" data-elementor-post-type=\"page\">\n\t\t\t\t<div class=\"elementor-element elementor-element-cd723c5 headEmpresa e-flex e-con-boxed e-con e-parent\" data-id=\"cd723c5\" data-element_type=\"container\" data-e-type=\"container\">\n\t\t\t\t\t<div class=\"e-con-inner\">\n\t\t<div class=\"elementor-element elementor-element-32ef9515 e-con-full e-flex e-con e-child\" data-id=\"32ef9515\" data-element_type=\"container\" data-e-type=\"container\">\n\t\t\t\t<div class=\"elementor-element elementor-element-f8908c5 elementor-widget__width-initial lineaI elementor-widget-mobile__width-initial elementor-widget elementor-widget-heading\" data-id=\"f8908c5\" data-element_type=\"widget\" data-e-type=\"widget\" data-widget_type=\"heading.default\">\n\t\t\t\t<div class=\"elementor-widget-container\">\n\t\t\t\t\t<span class=\"elementor-heading-title elementor-size-default\">\u3164<\/span>\t\t\t\t<\/div>\n\t\t\t\t<\/div>\n\t\t\t\t<\/div>\n\t\t<div class=\"elementor-element elementor-element-2305daac e-con-full e-flex e-con e-child\" data-id=\"2305daac\" data-element_type=\"container\" data-e-type=\"container\">\n\t\t\t\t<div class=\"elementor-element elementor-element-53e6e4f9 elementor-widget__width-initial elementor-widget-tablet__width-inherit elementor-widget-mobile__width-initial elementor-widget-laptop__width-initial elementor-widget elementor-widget-heading\" data-id=\"53e6e4f9\" data-element_type=\"widget\" data-e-type=\"widget\" data-widget_type=\"heading.default\">\n\t\t\t\t<div class=\"elementor-widget-container\">\n\t\t\t\t\t<h1 class=\"elementor-heading-title elementor-size-default\">tratamientos de agua<\/h1>\t\t\t\t<\/div>\n\t\t\t\t<\/div>\n\t\t\t\t<\/div>\n\t\t<div class=\"elementor-element elementor-element-612699bd e-con-full e-flex e-con e-child\" data-id=\"612699bd\" data-element_type=\"container\" data-e-type=\"container\">\n\t\t\t\t<div class=\"elementor-element elementor-element-2b0823c2 elementor-widget__width-initial lineaI elementor-widget-mobile__width-initial elementor-widget elementor-widget-heading\" data-id=\"2b0823c2\" data-element_type=\"widget\" data-e-type=\"widget\" data-widget_type=\"heading.default\">\n\t\t\t\t<div class=\"elementor-widget-container\">\n\t\t\t\t\t<span class=\"elementor-heading-title elementor-size-default\">\u3164<\/span>\t\t\t\t<\/div>\n\t\t\t\t<\/div>\n\t\t\t\t<\/div>\n\t\t\t\t\t<\/div>\n\t\t\t\t<\/div>\n\t\t<div class=\"elementor-element elementor-element-1fcf7d8b e-con-full e-flex e-con e-parent\" data-id=\"1fcf7d8b\" data-element_type=\"container\" data-e-type=\"container\">\n\t\t<div class=\"elementor-element elementor-element-6c3b7c9c e-flex e-con-boxed e-con e-child\" data-id=\"6c3b7c9c\" data-element_type=\"container\" data-e-type=\"container\" data-settings=\"{&quot;background_background&quot;:&quot;classic&quot;}\">\n\t\t\t\t\t<div class=\"e-con-inner\">\n\t\t\t\t<div class=\"elementor-element elementor-element-2a28da0a elementor-widget elementor-widget-breadcrumbs\" data-id=\"2a28da0a\" data-element_type=\"widget\" data-e-type=\"widget\" data-widget_type=\"breadcrumbs.default\">\n\t\t\t\t<div class=\"elementor-widget-container\">\n\t\t\t\t\t<p id=\"breadcrumbs\">\tPowermaster\n<span><span><a href=\"https:\/\/www.powermaster.com.mx\/\">&gt;Home<\/a><\/span><\/span><\/p>\t\t\t\t<\/div>\n\t\t\t\t<\/div>\n\t\t\t\t\t<\/div>\n\t\t\t\t<\/div>\n\t\t\t\t<\/div>\n\t\t<div class=\"elementor-element elementor-element-bf12414 e-flex e-con-boxed e-con e-parent\" data-id=\"bf12414\" data-element_type=\"container\" data-e-type=\"container\">\n\t\t\t\t\t<div class=\"e-con-inner\">\n\t\t\t\t<div class=\"elementor-element elementor-element-259ad50 elementor-widget__width-inherit elementor-widget elementor-widget-heading\" data-id=\"259ad50\" data-element_type=\"widget\" data-e-type=\"widget\" data-widget_type=\"heading.default\">\n\t\t\t\t<div class=\"elementor-widget-container\">\n\t\t\t\t\t<h2 class=\"elementor-heading-title elementor-size-default\">Adicionalmente a una adecuada carburaci\u00f3n y un buen mantenimiento, una caldera requiere de una buena calidad de aguas de alimentaci\u00f3n y un buen tratamiento qu\u00edmico para tener una larga\ny eficiente vida \u00fatil.\n<br><br>\nLa buena calidad del agua de una caldera es tan importante como una buena calidad de sangre del cuerpo humano.\n<br><br>\nPara evitar la formaci\u00f3n de incrustaci\u00f3n, corrosi\u00f3n o espuma que pueden da\u00f1ar la caldera, es extremadamente importante el proporcionar un tratamiento de agua y seguir los procedimientos\nde purgas adecuados. El propietario de una caldera deber\u00e1 contratar una empresa especializada en el tratamiento de agua de calderas para revisar las caracter\u00edsticas del agua y definir el tratamiento y procedimiento de purga adecuado para cada caldera.\n<br><br>\nEl no contar con un tratamiento de agua y no seguir los procedimientos de purgas adecuados, es considerado como una mala operaci\u00f3n que no est\u00e1 cubierta por la garant\u00eda.\n<br><br>\nEn la Rep\u00fablica Mexicana, el <b>Grupo Calderas Powermaster<\/b> cuenta con una compa\u00f1\u00eda filial llamada <b>\u201cCalderas y Tratamientos de Aguas Industriales S.A. de C.V.\u201d (CALYTRA)<\/b>, la cual est\u00e1 dedicada al desarrollo de ingenier\u00eda, productos qu\u00edmicos y equipos para para el control del agua de alimentaci\u00f3n y tratamiento qu\u00edmico interno para calderas, torres de enfriamiento y agua helada.\n<br><br>\nCALYTRA implementa la \u00f3ptima dosificaci\u00f3n de productos qu\u00edmicos, el r\u00e9gimen de purgas requeridas para no bajar la eficiencia de su caldera, el establecimiento de los par\u00e1metros de control\nqu\u00edmico y la realizaci\u00f3n peri\u00f3dica de los an\u00e1lisis del agua para el adecuado control del tratamiento con una capacitaci\u00f3n continua de su personal.\n<br><br>\nCALYTRA brinda a sus clientes asesor\u00eda t\u00e9cnica especializada para implementar sistemas y procedimientos completos de tratamiento de agua que se ajusten a sus requerimientos particulares\npara cualquier tipo de calderas, ya sean de vapor, agua caliente en circuito cerrado o agua\u2013vapor en circuito cerrado.\n<br><br>\nEl <b>Grupo Calderas Powermaster<\/b> pone a sus \u00f3rdenes esta filial para ofrecerle asesor\u00eda t\u00e9cnica, an\u00e1lisis, especialidades qu\u00edmicas, dosificadores, limpiezas qu\u00edmicas, boil out, test kits, medidores\nde pH, medidores de conductividad, sal de grano para lavado de suavizadores, resinas de intercambio i\u00f3nico, suavizadores manuales y suavizadores autom\u00e1ticos.<\/h2>\t\t\t\t<\/div>\n\t\t\t\t<\/div>\n\t\t\t\t<div class=\"elementor-element elementor-element-adf944c elementor-widget__width-initial elementor-widget elementor-widget-image\" data-id=\"adf944c\" data-element_type=\"widget\" data-e-type=\"widget\" data-widget_type=\"image.default\">\n\t\t\t\t<div class=\"elementor-widget-container\">\n\t\t\t\t\t\t\t\t\t\t\t\t\t\t\t<img fetchpriority=\"high\" decoding=\"async\" width=\"800\" height=\"363\" src=\"https:\/\/www.powermaster.com.mx\/wp-content\/uploads\/2026\/03\/Boton-Powermaster-web-ISO-1024x465.png\" class=\"attachment-large size-large wp-image-26520\" alt=\"\" srcset=\"https:\/\/www.powermaster.com.mx\/wp-content\/uploads\/2026\/03\/Boton-Powermaster-web-ISO-1024x465.png 1024w, https:\/\/www.powermaster.com.mx\/wp-content\/uploads\/2026\/03\/Boton-Powermaster-web-ISO-300x136.png 300w, https:\/\/www.powermaster.com.mx\/wp-content\/uploads\/2026\/03\/Boton-Powermaster-web-ISO-768x349.png 768w, https:\/\/www.powermaster.com.mx\/wp-content\/uploads\/2026\/03\/Boton-Powermaster-web-ISO-18x8.png 18w, https:\/\/www.powermaster.com.mx\/wp-content\/uploads\/2026\/03\/Boton-Powermaster-web-ISO.png 1186w\" sizes=\"(max-width: 800px) 100vw, 800px\" \/>\t\t\t\t\t\t\t\t\t\t\t\t\t\t\t<\/div>\n\t\t\t\t<\/div>\n\t\t\t\t\t<\/div>\n\t\t\t\t<\/div>\n\t\t\t\t<\/div>\n\t\t","protected":false},"excerpt":{"rendered":"<p>\u3164 tratamientos de agua \u3164 Adicionalmente a una adecuada carburaci\u00f3n y un buen mantenimiento, una caldera requiere de una buena calidad de aguas de alimentaci\u00f3n y un buen tratamiento qu\u00edmico para tener una larga y eficiente vida \u00fatil. La buena calidad del agua de una caldera es tan importante como una buena calidad de sangre [&hellip;]<\/p>\n","protected":false},"author":1,"featured_media":0,"parent":86,"menu_order":16,"comment_status":"closed","ping_status":"closed","template":"","meta":{"footnotes":""},"class_list":["post-8531","page","type-page","status-publish","hentry"],"yoast_head":"<!-- This site is optimized with the Yoast SEO plugin v27.4 - https:\/\/yoast.com\/product\/yoast-seo-wordpress\/ -->\n<title>Tratamientos de Agua - Powermaster<\/title>\n<meta name=\"robots\" content=\"index, follow, max-snippet:-1, max-image-preview:large, max-video-preview:-1\" \/>\n<link rel=\"canonical\" href=\"http:\/\/www.powermaster.com.mx\/es\/guia-tecnica\/tratamientos-de-aguas\/\" \/>\n<meta property=\"og:locale\" content=\"es_MX\" \/>\n<meta property=\"og:type\" content=\"article\" \/>\n<meta property=\"og:title\" content=\"Tratamientos de Agua - Powermaster\" \/>\n<meta property=\"og:description\" content=\"\u3164 tratamientos de agua \u3164 Adicionalmente a una adecuada carburaci\u00f3n y un buen mantenimiento, una caldera requiere de una buena calidad de aguas de alimentaci\u00f3n y un buen tratamiento qu\u00edmico para tener una larga y eficiente vida \u00fatil. La buena calidad del agua de una caldera es tan importante como una buena calidad de sangre [&hellip;]\" \/>\n<meta property=\"og:url\" content=\"http:\/\/www.powermaster.com.mx\/es\/guia-tecnica\/tratamientos-de-aguas\/\" \/>\n<meta property=\"og:site_name\" content=\"Powermaster\" \/>\n<meta property=\"article:modified_time\" content=\"2026-03-09T02:09:12+00:00\" \/>\n<meta property=\"og:image\" content=\"https:\/\/www.powermaster.com.mx\/wp-content\/uploads\/2026\/03\/Boton-Powermaster-web-ISO-1024x465.png\" \/>\n<meta name=\"twitter:card\" content=\"summary_large_image\" \/>\n<meta name=\"twitter:label1\" content=\"Tiempo de lectura\" \/>\n\t<meta name=\"twitter:data1\" content=\"2 minutos\" \/>\n<script type=\"application\/ld+json\" class=\"yoast-schema-graph\">{\"@context\":\"https:\\\/\\\/schema.org\",\"@graph\":[{\"@type\":\"WebPage\",\"@id\":\"http:\\\/\\\/www.powermaster.com.mx\\\/es\\\/guia-tecnica\\\/tratamientos-de-aguas\\\/\",\"url\":\"http:\\\/\\\/www.powermaster.com.mx\\\/es\\\/guia-tecnica\\\/tratamientos-de-aguas\\\/\",\"name\":\"Tratamientos de Agua - Powermaster\",\"isPartOf\":{\"@id\":\"https:\\\/\\\/www.powermaster.com.mx\\\/es\\\/#website\"},\"primaryImageOfPage\":{\"@id\":\"http:\\\/\\\/www.powermaster.com.mx\\\/es\\\/guia-tecnica\\\/tratamientos-de-aguas\\\/#primaryimage\"},\"image\":{\"@id\":\"http:\\\/\\\/www.powermaster.com.mx\\\/es\\\/guia-tecnica\\\/tratamientos-de-aguas\\\/#primaryimage\"},\"thumbnailUrl\":\"https:\\\/\\\/www.powermaster.com.mx\\\/wp-content\\\/uploads\\\/2026\\\/03\\\/Boton-Powermaster-web-ISO-1024x465.png\",\"datePublished\":\"2024-02-05T18:06:05+00:00\",\"dateModified\":\"2026-03-09T02:09:12+00:00\",\"breadcrumb\":{\"@id\":\"http:\\\/\\\/www.powermaster.com.mx\\\/es\\\/guia-tecnica\\\/tratamientos-de-aguas\\\/#breadcrumb\"},\"inLanguage\":\"es\",\"potentialAction\":[{\"@type\":\"ReadAction\",\"target\":[\"http:\\\/\\\/www.powermaster.com.mx\\\/es\\\/guia-tecnica\\\/tratamientos-de-aguas\\\/\"]}]},{\"@type\":\"ImageObject\",\"inLanguage\":\"es\",\"@id\":\"http:\\\/\\\/www.powermaster.com.mx\\\/es\\\/guia-tecnica\\\/tratamientos-de-aguas\\\/#primaryimage\",\"url\":\"https:\\\/\\\/www.powermaster.com.mx\\\/wp-content\\\/uploads\\\/2026\\\/03\\\/Boton-Powermaster-web-ISO-1024x465.png\",\"contentUrl\":\"https:\\\/\\\/www.powermaster.com.mx\\\/wp-content\\\/uploads\\\/2026\\\/03\\\/Boton-Powermaster-web-ISO-1024x465.png\"},{\"@type\":\"BreadcrumbList\",\"@id\":\"http:\\\/\\\/www.powermaster.com.mx\\\/es\\\/guia-tecnica\\\/tratamientos-de-aguas\\\/#breadcrumb\",\"itemListElement\":[{\"@type\":\"ListItem\",\"position\":1,\"name\":\"&gt;Home\",\"item\":\"https:\\\/\\\/www.powermaster.com.mx\\\/\"},{\"@type\":\"ListItem\",\"position\":2,\"name\":\"Gu\u00eda T\u00e9cnica\",\"item\":\"http:\\\/\\\/www.powermaster.com.mx\\\/es\\\/guia-tecnica\\\/\"},{\"@type\":\"ListItem\",\"position\":3,\"name\":\"Tratamientos de Agua\"}]},{\"@type\":\"WebSite\",\"@id\":\"https:\\\/\\\/www.powermaster.com.mx\\\/es\\\/#website\",\"url\":\"https:\\\/\\\/www.powermaster.com.mx\\\/es\\\/\",\"name\":\"Powermaster\",\"description\":\"Calderas Powermaster\",\"publisher\":{\"@id\":\"https:\\\/\\\/www.powermaster.com.mx\\\/es\\\/#organization\"},\"potentialAction\":[{\"@type\":\"SearchAction\",\"target\":{\"@type\":\"EntryPoint\",\"urlTemplate\":\"https:\\\/\\\/www.powermaster.com.mx\\\/es\\\/?s={search_term_string}\"},\"query-input\":{\"@type\":\"PropertyValueSpecification\",\"valueRequired\":true,\"valueName\":\"search_term_string\"}}],\"inLanguage\":\"es\"},{\"@type\":\"Organization\",\"@id\":\"https:\\\/\\\/www.powermaster.com.mx\\\/es\\\/#organization\",\"name\":\"Powermaster\",\"url\":\"https:\\\/\\\/www.powermaster.com.mx\\\/es\\\/\",\"logo\":{\"@type\":\"ImageObject\",\"inLanguage\":\"es\",\"@id\":\"https:\\\/\\\/www.powermaster.com.mx\\\/es\\\/#\\\/schema\\\/logo\\\/image\\\/\",\"url\":\"https:\\\/\\\/www.powermaster.com.mx\\\/wp-content\\\/uploads\\\/2023\\\/09\\\/logoV2.png\",\"contentUrl\":\"https:\\\/\\\/www.powermaster.com.mx\\\/wp-content\\\/uploads\\\/2023\\\/09\\\/logoV2.png\",\"width\":528,\"height\":105,\"caption\":\"Powermaster\"},\"image\":{\"@id\":\"https:\\\/\\\/www.powermaster.com.mx\\\/es\\\/#\\\/schema\\\/logo\\\/image\\\/\"}}]}<\/script>\n<!-- \/ Yoast SEO plugin. -->","yoast_head_json":{"title":"Tratamientos de Agua - Powermaster","robots":{"index":"index","follow":"follow","max-snippet":"max-snippet:-1","max-image-preview":"max-image-preview:large","max-video-preview":"max-video-preview:-1"},"canonical":"http:\/\/www.powermaster.com.mx\/es\/guia-tecnica\/tratamientos-de-aguas\/","og_locale":"es_MX","og_type":"article","og_title":"Tratamientos de Agua - Powermaster","og_description":"\u3164 tratamientos de agua \u3164 Adicionalmente a una adecuada carburaci\u00f3n y un buen mantenimiento, una caldera requiere de una buena calidad de aguas de alimentaci\u00f3n y un buen tratamiento qu\u00edmico para tener una larga y eficiente vida \u00fatil. La buena calidad del agua de una caldera es tan importante como una buena calidad de sangre [&hellip;]","og_url":"http:\/\/www.powermaster.com.mx\/es\/guia-tecnica\/tratamientos-de-aguas\/","og_site_name":"Powermaster","article_modified_time":"2026-03-09T02:09:12+00:00","og_image":[{"url":"https:\/\/www.powermaster.com.mx\/wp-content\/uploads\/2026\/03\/Boton-Powermaster-web-ISO-1024x465.png","type":"","width":"","height":""}],"twitter_card":"summary_large_image","twitter_misc":{"Tiempo de lectura":"2 minutos"},"schema":{"@context":"https:\/\/schema.org","@graph":[{"@type":"WebPage","@id":"http:\/\/www.powermaster.com.mx\/es\/guia-tecnica\/tratamientos-de-aguas\/","url":"http:\/\/www.powermaster.com.mx\/es\/guia-tecnica\/tratamientos-de-aguas\/","name":"Tratamientos de Agua - Powermaster","isPartOf":{"@id":"https:\/\/www.powermaster.com.mx\/es\/#website"},"primaryImageOfPage":{"@id":"http:\/\/www.powermaster.com.mx\/es\/guia-tecnica\/tratamientos-de-aguas\/#primaryimage"},"image":{"@id":"http:\/\/www.powermaster.com.mx\/es\/guia-tecnica\/tratamientos-de-aguas\/#primaryimage"},"thumbnailUrl":"https:\/\/www.powermaster.com.mx\/wp-content\/uploads\/2026\/03\/Boton-Powermaster-web-ISO-1024x465.png","datePublished":"2024-02-05T18:06:05+00:00","dateModified":"2026-03-09T02:09:12+00:00","breadcrumb":{"@id":"http:\/\/www.powermaster.com.mx\/es\/guia-tecnica\/tratamientos-de-aguas\/#breadcrumb"},"inLanguage":"es","potentialAction":[{"@type":"ReadAction","target":["http:\/\/www.powermaster.com.mx\/es\/guia-tecnica\/tratamientos-de-aguas\/"]}]},{"@type":"ImageObject","inLanguage":"es","@id":"http:\/\/www.powermaster.com.mx\/es\/guia-tecnica\/tratamientos-de-aguas\/#primaryimage","url":"https:\/\/www.powermaster.com.mx\/wp-content\/uploads\/2026\/03\/Boton-Powermaster-web-ISO-1024x465.png","contentUrl":"https:\/\/www.powermaster.com.mx\/wp-content\/uploads\/2026\/03\/Boton-Powermaster-web-ISO-1024x465.png"},{"@type":"BreadcrumbList","@id":"http:\/\/www.powermaster.com.mx\/es\/guia-tecnica\/tratamientos-de-aguas\/#breadcrumb","itemListElement":[{"@type":"ListItem","position":1,"name":"&gt;Home","item":"https:\/\/www.powermaster.com.mx\/"},{"@type":"ListItem","position":2,"name":"Gu\u00eda T\u00e9cnica","item":"http:\/\/www.powermaster.com.mx\/es\/guia-tecnica\/"},{"@type":"ListItem","position":3,"name":"Tratamientos de Agua"}]},{"@type":"WebSite","@id":"https:\/\/www.powermaster.com.mx\/es\/#website","url":"https:\/\/www.powermaster.com.mx\/es\/","name":"Powermaster","description":"Calderas Powermaster","publisher":{"@id":"https:\/\/www.powermaster.com.mx\/es\/#organization"},"potentialAction":[{"@type":"SearchAction","target":{"@type":"EntryPoint","urlTemplate":"https:\/\/www.powermaster.com.mx\/es\/?s={search_term_string}"},"query-input":{"@type":"PropertyValueSpecification","valueRequired":true,"valueName":"search_term_string"}}],"inLanguage":"es"},{"@type":"Organization","@id":"https:\/\/www.powermaster.com.mx\/es\/#organization","name":"Powermaster","url":"https:\/\/www.powermaster.com.mx\/es\/","logo":{"@type":"ImageObject","inLanguage":"es","@id":"https:\/\/www.powermaster.com.mx\/es\/#\/schema\/logo\/image\/","url":"https:\/\/www.powermaster.com.mx\/wp-content\/uploads\/2023\/09\/logoV2.png","contentUrl":"https:\/\/www.powermaster.com.mx\/wp-content\/uploads\/2023\/09\/logoV2.png","width":528,"height":105,"caption":"Powermaster"},"image":{"@id":"https:\/\/www.powermaster.com.mx\/es\/#\/schema\/logo\/image\/"}}]}},"_links":{"self":[{"href":"http:\/\/www.powermaster.com.mx\/es\/wp-json\/wp\/v2\/pages\/8531","targetHints":{"allow":["GET"]}}],"collection":[{"href":"http:\/\/www.powermaster.com.mx\/es\/wp-json\/wp\/v2\/pages"}],"about":[{"href":"http:\/\/www.powermaster.com.mx\/es\/wp-json\/wp\/v2\/types\/page"}],"author":[{"embeddable":true,"href":"http:\/\/www.powermaster.com.mx\/es\/wp-json\/wp\/v2\/users\/1"}],"replies":[{"embeddable":true,"href":"http:\/\/www.powermaster.com.mx\/es\/wp-json\/wp\/v2\/comments?post=8531"}],"version-history":[{"count":0,"href":"http:\/\/www.powermaster.com.mx\/es\/wp-json\/wp\/v2\/pages\/8531\/revisions"}],"up":[{"embeddable":true,"href":"http:\/\/www.powermaster.com.mx\/es\/wp-json\/wp\/v2\/pages\/86"}],"wp:attachment":[{"href":"http:\/\/www.powermaster.com.mx\/es\/wp-json\/wp\/v2\/media?parent=8531"}],"curies":[{"name":"wp","href":"https:\/\/api.w.org\/{rel}","templated":true}]}}