{"id":8565,"date":"2024-02-05T18:25:10","date_gmt":"2024-02-05T18:25:10","guid":{"rendered":"https:\/\/pmtest.iah.mx\/?page_id=8565"},"modified":"2025-11-18T02:36:29","modified_gmt":"2025-11-18T02:36:29","slug":"tres-y-cuatro-pasos","status":"publish","type":"page","link":"http:\/\/www.powermaster.com.mx\/es\/guia-tecnica\/tres-y-cuatro-pasos\/","title":{"rendered":"Tres y Cuatro Pasos"},"content":{"rendered":"\t\t<div data-elementor-type=\"wp-page\" data-elementor-id=\"8565\" class=\"elementor elementor-8565\" data-elementor-post-type=\"page\">\n\t\t\t\t<div class=\"elementor-element elementor-element-107d7617 headEmpresa e-flex e-con-boxed e-con e-parent\" data-id=\"107d7617\" data-element_type=\"container\" data-e-type=\"container\">\n\t\t\t\t\t<div class=\"e-con-inner\">\n\t\t<div class=\"elementor-element elementor-element-3e0251fe e-con-full e-flex e-con e-child\" data-id=\"3e0251fe\" data-element_type=\"container\" data-e-type=\"container\">\n\t\t\t\t<div class=\"elementor-element elementor-element-3bcee77d elementor-widget__width-initial lineaI elementor-widget-mobile__width-initial elementor-widget elementor-widget-heading\" data-id=\"3bcee77d\" data-element_type=\"widget\" data-e-type=\"widget\" data-widget_type=\"heading.default\">\n\t\t\t\t<div class=\"elementor-widget-container\">\n\t\t\t\t\t<span class=\"elementor-heading-title elementor-size-default\">\u3164<\/span>\t\t\t\t<\/div>\n\t\t\t\t<\/div>\n\t\t\t\t<\/div>\n\t\t<div class=\"elementor-element elementor-element-14e4b44f e-con-full e-flex e-con e-child\" data-id=\"14e4b44f\" data-element_type=\"container\" data-e-type=\"container\">\n\t\t\t\t<div class=\"elementor-element elementor-element-25680ea0 elementor-widget__width-initial elementor-widget-tablet__width-inherit elementor-widget-mobile__width-initial elementor-widget-laptop__width-initial elementor-widget elementor-widget-heading\" data-id=\"25680ea0\" data-element_type=\"widget\" data-e-type=\"widget\" data-widget_type=\"heading.default\">\n\t\t\t\t<div class=\"elementor-widget-container\">\n\t\t\t\t\t<h1 class=\"elementor-heading-title elementor-size-default\">TRES Y CUATRO PASOS<\/h1>\t\t\t\t<\/div>\n\t\t\t\t<\/div>\n\t\t\t\t<\/div>\n\t\t<div class=\"elementor-element elementor-element-16732c0c e-con-full e-flex e-con e-child\" data-id=\"16732c0c\" data-element_type=\"container\" data-e-type=\"container\">\n\t\t\t\t<div class=\"elementor-element elementor-element-17340cf4 elementor-widget__width-initial lineaI elementor-widget-mobile__width-initial elementor-widget elementor-widget-heading\" data-id=\"17340cf4\" data-element_type=\"widget\" data-e-type=\"widget\" data-widget_type=\"heading.default\">\n\t\t\t\t<div class=\"elementor-widget-container\">\n\t\t\t\t\t<span class=\"elementor-heading-title elementor-size-default\">\u3164<\/span>\t\t\t\t<\/div>\n\t\t\t\t<\/div>\n\t\t\t\t<\/div>\n\t\t\t\t\t<\/div>\n\t\t\t\t<\/div>\n\t\t<div class=\"elementor-element elementor-element-6f02a77c e-con-full e-flex e-con e-parent\" data-id=\"6f02a77c\" data-element_type=\"container\" data-e-type=\"container\">\n\t\t<div class=\"elementor-element elementor-element-753f2356 e-flex e-con-boxed e-con e-child\" data-id=\"753f2356\" data-element_type=\"container\" data-e-type=\"container\" data-settings=\"{&quot;background_background&quot;:&quot;classic&quot;}\">\n\t\t\t\t\t<div class=\"e-con-inner\">\n\t\t\t\t<div class=\"elementor-element elementor-element-fe82011 elementor-widget elementor-widget-breadcrumbs\" data-id=\"fe82011\" data-element_type=\"widget\" data-e-type=\"widget\" data-widget_type=\"breadcrumbs.default\">\n\t\t\t\t<div class=\"elementor-widget-container\">\n\t\t\t\t\t<p id=\"breadcrumbs\">\tPowermaster\n<span><span><a href=\"https:\/\/www.powermaster.com.mx\/\">&gt;Home<\/a><\/span><\/span><\/p>\t\t\t\t<\/div>\n\t\t\t\t<\/div>\n\t\t\t\t\t<\/div>\n\t\t\t\t<\/div>\n\t\t\t\t<\/div>\n\t\t<div class=\"elementor-element elementor-element-80569cc e-flex e-con-boxed e-con e-parent\" data-id=\"80569cc\" data-element_type=\"container\" data-e-type=\"container\">\n\t\t\t\t\t<div class=\"e-con-inner\">\n\t\t<div class=\"elementor-element elementor-element-19ac228 e-con-full e-flex e-con e-child\" data-id=\"19ac228\" data-element_type=\"container\" data-e-type=\"container\">\n\t\t\t\t<div class=\"elementor-element elementor-element-2c66b08 elementor-widget__width-initial elementor-widget elementor-widget-heading\" data-id=\"2c66b08\" data-element_type=\"widget\" data-e-type=\"widget\" data-widget_type=\"heading.default\">\n\t\t\t\t<div class=\"elementor-widget-container\">\n\t\t\t\t\t<h2 class=\"elementor-heading-title elementor-size-default\">Una caldera es un intercambiador de calor con un quemador integrado. El intercambiador de calor puede ser de uno, dos, tres, cuatro, cinco o m\u00e1s pasos. El n\u00famero de pasos es irrelevante. Lo importante es el \u00e1rea de transferencia de calor (en m\u00b2 o pies\u00b2) y si el \u00e1rea es 100 por ciento efectiva (Ver Wet-Back). Es tambi\u00e9n de suma importancia, tanto la eficiencia que garantiza el fabricante, la temperatura de los gases a la salida de la caldera y su consumo de combustible al 100% de carga, como la vida \u00fatil de la caldera, el di\u00e1metro de su hogar de flama y el coeficiente de fatiga del hogar de flama.<br><br>\n\nUna caldera de 4 pasos no tiene una mayor \u00e1rea de transferencia de calor que una de 3 pasos. No tiene mayor eficiencia y no tiene un menor consumo de combustible.\n<br><br>\nEl n\u00famero de pasos de una caldera de tubos de humo no brinda ning\u00fan beneficio. Los pasos nos dan \u00fanicamente el arreglo de los tubos dentro del dise\u00f1o de la caldera.\n<br><br>\nEn la f\u00f3rmula para el c\u00e1lculo de un intercambiador de calor (caldera) no interviene el n\u00famero de pasos del mismo.\n<\/h2>\t\t\t\t<\/div>\n\t\t\t\t<\/div>\n\t\t\t\t<div class=\"elementor-element elementor-element-aa0a5a6 elementor-widget__width-initial elementor-widget elementor-widget-heading\" data-id=\"aa0a5a6\" data-element_type=\"widget\" data-e-type=\"widget\" data-widget_type=\"heading.default\">\n\t\t\t\t<div class=\"elementor-widget-container\">\n\t\t\t\t\t<h2 class=\"elementor-heading-title elementor-size-default\"><span style=\"color: #0C2340\"> \n<b>Intervienen \u00fanicamente:<\/b>\n<\/span>\n<br><br>\n\n<span style=\"color: red\">\u2022 <\/span>El \u00e1rea efectiva de un intercambio de calor.<br>\n<span style=\"color: red\">\u2022 <\/span>El coeficiente de transferencia de calor.<br>\n<span style=\"color: red\">\u2022 <\/span>El diferencial logar\u00edtmico de temperaturas.<br><br>\n\n<b>Powermaster<\/b> cuenta con dise\u00f1os de tres y cuatro pasos en sus calderas de 80 a 1000 HP y en ambos casos ofrece las mismas eficiencias garantizadas con la diferencia que en los dise\u00f1os de cuatro pasos se requieren ventiladores para el quemador con m\u00e1s potencia elevando el consumo el\u00e9ctrico. Por \u00e9sta raz\u00f3n, Powermaster recomienda adquirir una caldera de 3 pasos salvo que se requiera tener la chimenea al frente de la caldera por las restricciones geom\u00e9tricas del cuarto de m\u00e1quinas.<\/h2>\t\t\t\t<\/div>\n\t\t\t\t<\/div>\n\t\t\t\t<\/div>\n\t\t<div class=\"elementor-element elementor-element-fbf0304 e-con-full e-flex e-con e-child\" data-id=\"fbf0304\" data-element_type=\"container\" data-e-type=\"container\">\n\t\t<div class=\"elementor-element elementor-element-87177f0 e-flex e-con-boxed e-con e-child\" data-id=\"87177f0\" data-element_type=\"container\" data-e-type=\"container\">\n\t\t\t\t\t<div class=\"e-con-inner\">\n\t\t\t\t<div class=\"elementor-element elementor-element-490e96f elementor-widget elementor-widget-image\" data-id=\"490e96f\" data-element_type=\"widget\" data-e-type=\"widget\" data-widget_type=\"image.default\">\n\t\t\t\t<div class=\"elementor-widget-container\">\n\t\t\t\t\t\t\t\t\t\t\t\t\t\t\t<img fetchpriority=\"high\" decoding=\"async\" width=\"768\" height=\"413\" src=\"https:\/\/www.powermaster.com.mx\/wp-content\/uploads\/2024\/02\/3P.58-768x413.jpg\" class=\"attachment-medium_large size-medium_large wp-image-9355\" alt=\"\" srcset=\"https:\/\/www.powermaster.com.mx\/wp-content\/uploads\/2024\/02\/3P.58-768x413.jpg 768w, https:\/\/www.powermaster.com.mx\/wp-content\/uploads\/2024\/02\/3P.58-300x161.jpg 300w, https:\/\/www.powermaster.com.mx\/wp-content\/uploads\/2024\/02\/3P.58-1024x551.jpg 1024w, https:\/\/www.powermaster.com.mx\/wp-content\/uploads\/2024\/02\/3P.58-1536x827.jpg 1536w, https:\/\/www.powermaster.com.mx\/wp-content\/uploads\/2024\/02\/3P.58.jpg 1600w\" sizes=\"(max-width: 768px) 100vw, 768px\" \/>\t\t\t\t\t\t\t\t\t\t\t\t\t\t\t<\/div>\n\t\t\t\t<\/div>\n\t\t\t\t\t<\/div>\n\t\t\t\t<\/div>\n\t\t<div class=\"elementor-element elementor-element-c009fd2 e-flex e-con-boxed e-con e-child\" data-id=\"c009fd2\" data-element_type=\"container\" data-e-type=\"container\">\n\t\t\t\t\t<div class=\"e-con-inner\">\n\t\t\t\t<div class=\"elementor-element elementor-element-e2d6891 elementor-widget elementor-widget-image\" data-id=\"e2d6891\" data-element_type=\"widget\" data-e-type=\"widget\" data-widget_type=\"image.default\">\n\t\t\t\t<div class=\"elementor-widget-container\">\n\t\t\t\t\t\t\t\t\t\t\t\t\t\t\t<img decoding=\"async\" width=\"768\" height=\"413\" src=\"https:\/\/www.powermaster.com.mx\/wp-content\/uploads\/2024\/02\/4p.31-768x413.jpg\" class=\"attachment-medium_large size-medium_large wp-image-9354\" alt=\"\" srcset=\"https:\/\/www.powermaster.com.mx\/wp-content\/uploads\/2024\/02\/4p.31-768x413.jpg 768w, https:\/\/www.powermaster.com.mx\/wp-content\/uploads\/2024\/02\/4p.31-300x161.jpg 300w, https:\/\/www.powermaster.com.mx\/wp-content\/uploads\/2024\/02\/4p.31-1024x551.jpg 1024w, https:\/\/www.powermaster.com.mx\/wp-content\/uploads\/2024\/02\/4p.31-1536x827.jpg 1536w, https:\/\/www.powermaster.com.mx\/wp-content\/uploads\/2024\/02\/4p.31.jpg 1600w\" sizes=\"(max-width: 768px) 100vw, 768px\" \/>\t\t\t\t\t\t\t\t\t\t\t\t\t\t\t<\/div>\n\t\t\t\t<\/div>\n\t\t\t\t\t<\/div>\n\t\t\t\t<\/div>\n\t\t\t\t<\/div>\n\t\t\t\t\t<\/div>\n\t\t\t\t<\/div>\n\t\t\t\t<\/div>\n\t\t","protected":false},"excerpt":{"rendered":"<p>\u3164 TRES Y CUATRO PASOS \u3164 Una caldera es un intercambiador de calor con un quemador integrado. El intercambiador de calor puede ser de uno, dos, tres, cuatro, cinco o m\u00e1s pasos. El n\u00famero de pasos es irrelevante. Lo importante es el \u00e1rea de transferencia de calor (en m\u00b2 o pies\u00b2) y si el \u00e1rea [&hellip;]<\/p>\n","protected":false},"author":1,"featured_media":0,"parent":86,"menu_order":7,"comment_status":"closed","ping_status":"closed","template":"","meta":{"footnotes":""},"class_list":["post-8565","page","type-page","status-publish","hentry"],"yoast_head":"<!-- This site is optimized with the Yoast SEO plugin v27.4 - https:\/\/yoast.com\/product\/yoast-seo-wordpress\/ -->\n<title>Tres y Cuatro Pasos - Powermaster<\/title>\n<meta name=\"robots\" content=\"index, follow, max-snippet:-1, max-image-preview:large, max-video-preview:-1\" \/>\n<link rel=\"canonical\" href=\"https:\/\/www.powermaster.com.mx\/es\/guia-tecnica\/tres-y-cuatro-pasos\/\" \/>\n<meta property=\"og:locale\" content=\"es_MX\" \/>\n<meta property=\"og:type\" content=\"article\" \/>\n<meta property=\"og:title\" content=\"Tres y Cuatro Pasos - Powermaster\" \/>\n<meta property=\"og:description\" content=\"\u3164 TRES Y CUATRO PASOS \u3164 Una caldera es un intercambiador de calor con un quemador integrado. El intercambiador de calor puede ser de uno, dos, tres, cuatro, cinco o m\u00e1s pasos. El n\u00famero de pasos es irrelevante. Lo importante es el \u00e1rea de transferencia de calor (en m\u00b2 o pies\u00b2) y si el \u00e1rea [&hellip;]\" \/>\n<meta property=\"og:url\" content=\"https:\/\/www.powermaster.com.mx\/es\/guia-tecnica\/tres-y-cuatro-pasos\/\" \/>\n<meta property=\"og:site_name\" content=\"Powermaster\" \/>\n<meta property=\"article:modified_time\" content=\"2025-11-18T02:36:29+00:00\" \/>\n<meta property=\"og:image\" content=\"https:\/\/www.powermaster.com.mx\/wp-content\/uploads\/2024\/02\/3P.58-768x413.jpg\" \/>\n<meta name=\"twitter:card\" content=\"summary_large_image\" \/>\n<meta name=\"twitter:label1\" content=\"Tiempo de lectura\" \/>\n\t<meta name=\"twitter:data1\" content=\"2 minutos\" \/>\n<script type=\"application\/ld+json\" class=\"yoast-schema-graph\">{\"@context\":\"https:\\\/\\\/schema.org\",\"@graph\":[{\"@type\":\"WebPage\",\"@id\":\"https:\\\/\\\/www.powermaster.com.mx\\\/en\\\/guia-tecnica\\\/tres-y-cuatro-pasos\\\/\",\"url\":\"https:\\\/\\\/www.powermaster.com.mx\\\/en\\\/guia-tecnica\\\/tres-y-cuatro-pasos\\\/\",\"name\":\"Tres y Cuatro Pasos - Powermaster\",\"isPartOf\":{\"@id\":\"https:\\\/\\\/www.powermaster.com.mx\\\/es\\\/#website\"},\"primaryImageOfPage\":{\"@id\":\"https:\\\/\\\/www.powermaster.com.mx\\\/en\\\/guia-tecnica\\\/tres-y-cuatro-pasos\\\/#primaryimage\"},\"image\":{\"@id\":\"https:\\\/\\\/www.powermaster.com.mx\\\/en\\\/guia-tecnica\\\/tres-y-cuatro-pasos\\\/#primaryimage\"},\"thumbnailUrl\":\"https:\\\/\\\/www.powermaster.com.mx\\\/wp-content\\\/uploads\\\/2024\\\/02\\\/3P.58-768x413.jpg\",\"datePublished\":\"2024-02-05T18:25:10+00:00\",\"dateModified\":\"2025-11-18T02:36:29+00:00\",\"breadcrumb\":{\"@id\":\"https:\\\/\\\/www.powermaster.com.mx\\\/en\\\/guia-tecnica\\\/tres-y-cuatro-pasos\\\/#breadcrumb\"},\"inLanguage\":\"es\",\"potentialAction\":[{\"@type\":\"ReadAction\",\"target\":[\"https:\\\/\\\/www.powermaster.com.mx\\\/en\\\/guia-tecnica\\\/tres-y-cuatro-pasos\\\/\"]}]},{\"@type\":\"ImageObject\",\"inLanguage\":\"es\",\"@id\":\"https:\\\/\\\/www.powermaster.com.mx\\\/en\\\/guia-tecnica\\\/tres-y-cuatro-pasos\\\/#primaryimage\",\"url\":\"https:\\\/\\\/www.powermaster.com.mx\\\/wp-content\\\/uploads\\\/2024\\\/02\\\/3P.58-768x413.jpg\",\"contentUrl\":\"https:\\\/\\\/www.powermaster.com.mx\\\/wp-content\\\/uploads\\\/2024\\\/02\\\/3P.58-768x413.jpg\"},{\"@type\":\"BreadcrumbList\",\"@id\":\"https:\\\/\\\/www.powermaster.com.mx\\\/en\\\/guia-tecnica\\\/tres-y-cuatro-pasos\\\/#breadcrumb\",\"itemListElement\":[{\"@type\":\"ListItem\",\"position\":1,\"name\":\"&gt;Home\",\"item\":\"https:\\\/\\\/www.powermaster.com.mx\\\/\"},{\"@type\":\"ListItem\",\"position\":2,\"name\":\"Gu\u00eda T\u00e9cnica\",\"item\":\"http:\\\/\\\/www.powermaster.com.mx\\\/es\\\/guia-tecnica\\\/\"},{\"@type\":\"ListItem\",\"position\":3,\"name\":\"Tres y Cuatro Pasos\"}]},{\"@type\":\"WebSite\",\"@id\":\"https:\\\/\\\/www.powermaster.com.mx\\\/es\\\/#website\",\"url\":\"https:\\\/\\\/www.powermaster.com.mx\\\/es\\\/\",\"name\":\"Powermaster\",\"description\":\"Calderas Powermaster\",\"publisher\":{\"@id\":\"https:\\\/\\\/www.powermaster.com.mx\\\/es\\\/#organization\"},\"potentialAction\":[{\"@type\":\"SearchAction\",\"target\":{\"@type\":\"EntryPoint\",\"urlTemplate\":\"https:\\\/\\\/www.powermaster.com.mx\\\/es\\\/?s={search_term_string}\"},\"query-input\":{\"@type\":\"PropertyValueSpecification\",\"valueRequired\":true,\"valueName\":\"search_term_string\"}}],\"inLanguage\":\"es\"},{\"@type\":\"Organization\",\"@id\":\"https:\\\/\\\/www.powermaster.com.mx\\\/es\\\/#organization\",\"name\":\"Powermaster\",\"url\":\"https:\\\/\\\/www.powermaster.com.mx\\\/es\\\/\",\"logo\":{\"@type\":\"ImageObject\",\"inLanguage\":\"es\",\"@id\":\"https:\\\/\\\/www.powermaster.com.mx\\\/es\\\/#\\\/schema\\\/logo\\\/image\\\/\",\"url\":\"https:\\\/\\\/www.powermaster.com.mx\\\/wp-content\\\/uploads\\\/2023\\\/09\\\/logoV2.png\",\"contentUrl\":\"https:\\\/\\\/www.powermaster.com.mx\\\/wp-content\\\/uploads\\\/2023\\\/09\\\/logoV2.png\",\"width\":528,\"height\":105,\"caption\":\"Powermaster\"},\"image\":{\"@id\":\"https:\\\/\\\/www.powermaster.com.mx\\\/es\\\/#\\\/schema\\\/logo\\\/image\\\/\"}}]}<\/script>\n<!-- \/ Yoast SEO plugin. -->","yoast_head_json":{"title":"Tres y Cuatro Pasos - Powermaster","robots":{"index":"index","follow":"follow","max-snippet":"max-snippet:-1","max-image-preview":"max-image-preview:large","max-video-preview":"max-video-preview:-1"},"canonical":"https:\/\/www.powermaster.com.mx\/es\/guia-tecnica\/tres-y-cuatro-pasos\/","og_locale":"es_MX","og_type":"article","og_title":"Tres y Cuatro Pasos - Powermaster","og_description":"\u3164 TRES Y CUATRO PASOS \u3164 Una caldera es un intercambiador de calor con un quemador integrado. El intercambiador de calor puede ser de uno, dos, tres, cuatro, cinco o m\u00e1s pasos. El n\u00famero de pasos es irrelevante. Lo importante es el \u00e1rea de transferencia de calor (en m\u00b2 o pies\u00b2) y si el \u00e1rea [&hellip;]","og_url":"https:\/\/www.powermaster.com.mx\/es\/guia-tecnica\/tres-y-cuatro-pasos\/","og_site_name":"Powermaster","article_modified_time":"2025-11-18T02:36:29+00:00","og_image":[{"url":"https:\/\/www.powermaster.com.mx\/wp-content\/uploads\/2024\/02\/3P.58-768x413.jpg","type":"","width":"","height":""}],"twitter_card":"summary_large_image","twitter_misc":{"Tiempo de lectura":"2 minutos"},"schema":{"@context":"https:\/\/schema.org","@graph":[{"@type":"WebPage","@id":"https:\/\/www.powermaster.com.mx\/en\/guia-tecnica\/tres-y-cuatro-pasos\/","url":"https:\/\/www.powermaster.com.mx\/en\/guia-tecnica\/tres-y-cuatro-pasos\/","name":"Tres y Cuatro Pasos - Powermaster","isPartOf":{"@id":"https:\/\/www.powermaster.com.mx\/es\/#website"},"primaryImageOfPage":{"@id":"https:\/\/www.powermaster.com.mx\/en\/guia-tecnica\/tres-y-cuatro-pasos\/#primaryimage"},"image":{"@id":"https:\/\/www.powermaster.com.mx\/en\/guia-tecnica\/tres-y-cuatro-pasos\/#primaryimage"},"thumbnailUrl":"https:\/\/www.powermaster.com.mx\/wp-content\/uploads\/2024\/02\/3P.58-768x413.jpg","datePublished":"2024-02-05T18:25:10+00:00","dateModified":"2025-11-18T02:36:29+00:00","breadcrumb":{"@id":"https:\/\/www.powermaster.com.mx\/en\/guia-tecnica\/tres-y-cuatro-pasos\/#breadcrumb"},"inLanguage":"es","potentialAction":[{"@type":"ReadAction","target":["https:\/\/www.powermaster.com.mx\/en\/guia-tecnica\/tres-y-cuatro-pasos\/"]}]},{"@type":"ImageObject","inLanguage":"es","@id":"https:\/\/www.powermaster.com.mx\/en\/guia-tecnica\/tres-y-cuatro-pasos\/#primaryimage","url":"https:\/\/www.powermaster.com.mx\/wp-content\/uploads\/2024\/02\/3P.58-768x413.jpg","contentUrl":"https:\/\/www.powermaster.com.mx\/wp-content\/uploads\/2024\/02\/3P.58-768x413.jpg"},{"@type":"BreadcrumbList","@id":"https:\/\/www.powermaster.com.mx\/en\/guia-tecnica\/tres-y-cuatro-pasos\/#breadcrumb","itemListElement":[{"@type":"ListItem","position":1,"name":"&gt;Home","item":"https:\/\/www.powermaster.com.mx\/"},{"@type":"ListItem","position":2,"name":"Gu\u00eda T\u00e9cnica","item":"http:\/\/www.powermaster.com.mx\/es\/guia-tecnica\/"},{"@type":"ListItem","position":3,"name":"Tres y Cuatro Pasos"}]},{"@type":"WebSite","@id":"https:\/\/www.powermaster.com.mx\/es\/#website","url":"https:\/\/www.powermaster.com.mx\/es\/","name":"Powermaster","description":"Calderas Powermaster","publisher":{"@id":"https:\/\/www.powermaster.com.mx\/es\/#organization"},"potentialAction":[{"@type":"SearchAction","target":{"@type":"EntryPoint","urlTemplate":"https:\/\/www.powermaster.com.mx\/es\/?s={search_term_string}"},"query-input":{"@type":"PropertyValueSpecification","valueRequired":true,"valueName":"search_term_string"}}],"inLanguage":"es"},{"@type":"Organization","@id":"https:\/\/www.powermaster.com.mx\/es\/#organization","name":"Powermaster","url":"https:\/\/www.powermaster.com.mx\/es\/","logo":{"@type":"ImageObject","inLanguage":"es","@id":"https:\/\/www.powermaster.com.mx\/es\/#\/schema\/logo\/image\/","url":"https:\/\/www.powermaster.com.mx\/wp-content\/uploads\/2023\/09\/logoV2.png","contentUrl":"https:\/\/www.powermaster.com.mx\/wp-content\/uploads\/2023\/09\/logoV2.png","width":528,"height":105,"caption":"Powermaster"},"image":{"@id":"https:\/\/www.powermaster.com.mx\/es\/#\/schema\/logo\/image\/"}}]}},"_links":{"self":[{"href":"http:\/\/www.powermaster.com.mx\/es\/wp-json\/wp\/v2\/pages\/8565","targetHints":{"allow":["GET"]}}],"collection":[{"href":"http:\/\/www.powermaster.com.mx\/es\/wp-json\/wp\/v2\/pages"}],"about":[{"href":"http:\/\/www.powermaster.com.mx\/es\/wp-json\/wp\/v2\/types\/page"}],"author":[{"embeddable":true,"href":"http:\/\/www.powermaster.com.mx\/es\/wp-json\/wp\/v2\/users\/1"}],"replies":[{"embeddable":true,"href":"http:\/\/www.powermaster.com.mx\/es\/wp-json\/wp\/v2\/comments?post=8565"}],"version-history":[{"count":0,"href":"http:\/\/www.powermaster.com.mx\/es\/wp-json\/wp\/v2\/pages\/8565\/revisions"}],"up":[{"embeddable":true,"href":"http:\/\/www.powermaster.com.mx\/es\/wp-json\/wp\/v2\/pages\/86"}],"wp:attachment":[{"href":"http:\/\/www.powermaster.com.mx\/es\/wp-json\/wp\/v2\/media?parent=8565"}],"curies":[{"name":"wp","href":"https:\/\/api.w.org\/{rel}","templated":true}]}}