{"id":8521,"date":"2024-02-05T17:58:53","date_gmt":"2024-02-05T17:58:53","guid":{"rendered":"https:\/\/pmtest.iah.mx\/?page_id=8521"},"modified":"2025-01-14T04:46:27","modified_gmt":"2025-01-14T04:46:27","slug":"equipo-auxiliar-necesario","status":"publish","type":"page","link":"https:\/\/www.powermaster.com.mx\/es\/guia-tecnica\/equipo-auxiliar-necesario\/","title":{"rendered":"Equipo Auxiliar Necesario"},"content":{"rendered":"\t\t<div data-elementor-type=\"wp-page\" data-elementor-id=\"8521\" class=\"elementor elementor-8521\" data-elementor-post-type=\"page\">\n\t\t\t\t<div class=\"elementor-element elementor-element-579c3571 headEmpresa e-flex e-con-boxed e-con e-parent\" data-id=\"579c3571\" data-element_type=\"container\" data-e-type=\"container\">\n\t\t\t\t\t<div class=\"e-con-inner\">\n\t\t<div class=\"elementor-element elementor-element-745458b6 e-con-full e-flex e-con e-child\" data-id=\"745458b6\" data-element_type=\"container\" data-e-type=\"container\">\n\t\t\t\t<div class=\"elementor-element elementor-element-514b2dbc elementor-widget__width-initial lineaI elementor-widget-mobile__width-initial elementor-widget elementor-widget-heading\" data-id=\"514b2dbc\" data-element_type=\"widget\" data-e-type=\"widget\" data-widget_type=\"heading.default\">\n\t\t\t\t<div class=\"elementor-widget-container\">\n\t\t\t\t\t<span class=\"elementor-heading-title elementor-size-default\">\u3164<\/span>\t\t\t\t<\/div>\n\t\t\t\t<\/div>\n\t\t\t\t<\/div>\n\t\t<div class=\"elementor-element elementor-element-2f44faa1 e-con-full e-flex e-con e-child\" data-id=\"2f44faa1\" data-element_type=\"container\" data-e-type=\"container\">\n\t\t\t\t<div class=\"elementor-element elementor-element-41e650ae elementor-widget__width-initial elementor-widget-tablet__width-inherit elementor-widget-mobile__width-initial elementor-widget-laptop__width-initial elementor-widget elementor-widget-heading\" data-id=\"41e650ae\" data-element_type=\"widget\" data-e-type=\"widget\" data-widget_type=\"heading.default\">\n\t\t\t\t<div class=\"elementor-widget-container\">\n\t\t\t\t\t<h1 class=\"elementor-heading-title elementor-size-default\">EQUIPO AUXILIAR NECESARIO<\/h1>\t\t\t\t<\/div>\n\t\t\t\t<\/div>\n\t\t\t\t<\/div>\n\t\t<div class=\"elementor-element elementor-element-591553cc e-con-full e-flex e-con e-child\" data-id=\"591553cc\" data-element_type=\"container\" data-e-type=\"container\">\n\t\t\t\t<div class=\"elementor-element elementor-element-69a827f6 elementor-widget__width-initial lineaI elementor-widget-mobile__width-initial elementor-widget elementor-widget-heading\" data-id=\"69a827f6\" data-element_type=\"widget\" data-e-type=\"widget\" data-widget_type=\"heading.default\">\n\t\t\t\t<div class=\"elementor-widget-container\">\n\t\t\t\t\t<span class=\"elementor-heading-title elementor-size-default\">\u3164<\/span>\t\t\t\t<\/div>\n\t\t\t\t<\/div>\n\t\t\t\t<\/div>\n\t\t\t\t\t<\/div>\n\t\t\t\t<\/div>\n\t\t<div class=\"elementor-element elementor-element-3f06e412 e-con-full e-flex e-con e-parent\" data-id=\"3f06e412\" data-element_type=\"container\" data-e-type=\"container\">\n\t\t<div class=\"elementor-element elementor-element-7afc912b e-flex e-con-boxed e-con e-child\" data-id=\"7afc912b\" data-element_type=\"container\" data-e-type=\"container\" data-settings=\"{&quot;background_background&quot;:&quot;classic&quot;}\">\n\t\t\t\t\t<div class=\"e-con-inner\">\n\t\t\t\t<div class=\"elementor-element elementor-element-5d4df25f elementor-widget elementor-widget-breadcrumbs\" data-id=\"5d4df25f\" data-element_type=\"widget\" data-e-type=\"widget\" data-widget_type=\"breadcrumbs.default\">\n\t\t\t\t<div class=\"elementor-widget-container\">\n\t\t\t\t\t<p id=\"breadcrumbs\">\tPowermaster\n<span><span><a href=\"https:\/\/www.powermaster.com.mx\/\">&gt;Home<\/a><\/span><\/span><\/p>\t\t\t\t<\/div>\n\t\t\t\t<\/div>\n\t\t\t\t\t<\/div>\n\t\t\t\t<\/div>\n\t\t\t\t<\/div>\n\t\t<div class=\"elementor-element elementor-element-13ce0c8 e-flex e-con-boxed e-con e-parent\" data-id=\"13ce0c8\" data-element_type=\"container\" data-e-type=\"container\">\n\t\t\t\t\t<div class=\"e-con-inner\">\n\t\t<div class=\"elementor-element elementor-element-9653554 e-con-full e-flex e-con e-child\" data-id=\"9653554\" data-element_type=\"container\" data-e-type=\"container\">\n\t\t\t\t<div class=\"elementor-element elementor-element-31f19d0 elementor-widget__width-inherit elementor-widget elementor-widget-heading\" data-id=\"31f19d0\" data-element_type=\"widget\" data-e-type=\"widget\" data-widget_type=\"heading.default\">\n\t\t\t\t<div class=\"elementor-widget-container\">\n\t\t\t\t\t<p class=\"elementor-heading-title elementor-size-default\">Una caldera es un componente de un sistema m\u00e1s amplio (ver Ciclo de Agua-Vapor-Condensados) y como tal, su correcto funcionamiento depende de otros componentes secundarios que\n\nnormalmente son llamados equipos auxiliares para caldera y que son:<\/p>\t\t\t\t<\/div>\n\t\t\t\t<\/div>\n\t\t\t\t<div class=\"elementor-element elementor-element-cc81778 elementor-widget elementor-widget-heading\" data-id=\"cc81778\" data-element_type=\"widget\" data-e-type=\"widget\" data-widget_type=\"heading.default\">\n\t\t\t\t<div class=\"elementor-widget-container\">\n\t\t\t\t\t<h2 class=\"elementor-heading-title elementor-size-default\">A. BOMBA DE ALIMENTACI\u00d3N DE AGUA A CALDERA<\/h2>\t\t\t\t<\/div>\n\t\t\t\t<\/div>\n\t\t\t\t<div class=\"elementor-element elementor-element-08864c0 elementor-widget__width-inherit elementor-widget elementor-widget-heading\" data-id=\"08864c0\" data-element_type=\"widget\" data-e-type=\"widget\" data-widget_type=\"heading.default\">\n\t\t\t\t<div class=\"elementor-widget-container\">\n\t\t\t\t\t<h2 class=\"elementor-heading-title elementor-size-default\">Se recomienda seleccionar una bomba centr\u00edfuga, multipasos y con interiores de acero inoxidable de alta\neficiencia para calderas de 30 HP (C.C.) en adelante. Para calderas m\u00e1s peque\u00f1as se recomienda utilizar una\nbomba tipo turbina.\n<br><br>\nExisten en el mercado bombas (GOULDS modelo eSV, GRUNDFOS modelo CR, etc.) que cumplen con los requisitos antes expuestos y que adicionalmente se pueden reparar en l\u00ednea sin tener que desmontar la bomba.\nIntercambiando los KITS de repuesto que se pueden tener en almac\u00e9n, nos evita el tener una segunda bomba\ninstalada en stand-by.<\/h2>\t\t\t\t<\/div>\n\t\t\t\t<\/div>\n\t\t\t\t<div class=\"elementor-element elementor-element-9ed3443 elementor-widget elementor-widget-heading\" data-id=\"9ed3443\" data-element_type=\"widget\" data-e-type=\"widget\" data-widget_type=\"heading.default\">\n\t\t\t\t<div class=\"elementor-widget-container\">\n\t\t\t\t\t<h2 class=\"elementor-heading-title elementor-size-default\">B. TANQUE DE CONDENSADOS O DEAREADOR ATMOSF\u00c9RICO<\/h2>\t\t\t\t<\/div>\n\t\t\t\t<\/div>\n\t\t\t\t<div class=\"elementor-element elementor-element-57fc196 elementor-widget__width-initial elementor-widget elementor-widget-heading\" data-id=\"57fc196\" data-element_type=\"widget\" data-e-type=\"widget\" data-widget_type=\"heading.default\">\n\t\t\t\t<div class=\"elementor-widget-container\">\n\t\t\t\t\t<h2 class=\"elementor-heading-title elementor-size-default\">El tanque de condensados debe tener la capacidad en agua de almacenamiento para poder alimentar a una\ncaldera durante 20 minutos. (Si comparten dos o tres calderas el mismo tanque, se debe aplicar el mismo\nprincipio multiplicando por las calderas en operaci\u00f3n simult\u00e1neas con el mismo tanque).<\/h2>\t\t\t\t<\/div>\n\t\t\t\t<\/div>\n\t\t\t\t<\/div>\n\t\t<div class=\"elementor-element elementor-element-19c10e2 e-con-full e-flex e-con e-child\" data-id=\"19c10e2\" data-element_type=\"container\" data-e-type=\"container\">\n\t\t\t\t<div class=\"elementor-element elementor-element-ca5ce7b elementor-widget__width-inherit elementor-widget elementor-widget-image\" data-id=\"ca5ce7b\" data-element_type=\"widget\" data-e-type=\"widget\" data-widget_type=\"image.default\">\n\t\t\t\t<div class=\"elementor-widget-container\">\n\t\t\t\t\t\t\t\t\t\t\t\t\t\t\t<img fetchpriority=\"high\" decoding=\"async\" width=\"768\" height=\"576\" src=\"https:\/\/www.powermaster.com.mx\/wp-content\/uploads\/2024\/01\/Equipo-Auxiliar-768x576.jpg\" class=\"attachment-medium_large size-medium_large wp-image-8486\" alt=\"\" srcset=\"https:\/\/www.powermaster.com.mx\/wp-content\/uploads\/2024\/01\/Equipo-Auxiliar-768x576.jpg 768w, https:\/\/www.powermaster.com.mx\/wp-content\/uploads\/2024\/01\/Equipo-Auxiliar-300x225.jpg 300w, https:\/\/www.powermaster.com.mx\/wp-content\/uploads\/2024\/01\/Equipo-Auxiliar-1024x768.jpg 1024w, https:\/\/www.powermaster.com.mx\/wp-content\/uploads\/2024\/01\/Equipo-Auxiliar-1536x1152.jpg 1536w, https:\/\/www.powermaster.com.mx\/wp-content\/uploads\/2024\/01\/Equipo-Auxiliar.jpg 1772w\" sizes=\"(max-width: 768px) 100vw, 768px\" \/>\t\t\t\t\t\t\t\t\t\t\t\t\t\t\t<\/div>\n\t\t\t\t<\/div>\n\t\t\t\t<\/div>\n\t\t<div class=\"elementor-element elementor-element-3964331 e-con-full e-flex e-con e-child\" data-id=\"3964331\" data-element_type=\"container\" data-e-type=\"container\">\n\t\t\t\t<div class=\"elementor-element elementor-element-a21e166 elementor-widget__width-inherit elementor-widget elementor-widget-heading\" data-id=\"a21e166\" data-element_type=\"widget\" data-e-type=\"widget\" data-widget_type=\"heading.default\">\n\t\t\t\t<div class=\"elementor-widget-container\">\n\t\t\t\t\t<h2 class=\"elementor-heading-title elementor-size-default\">Si se va a operar en forma eficiente con un alto porcentaje de retorno de condensados, es conveniente solicitar desde el proyecto un tanque de condensados de mayor capacidad que nos permita almacenar y recibir sin problemas grandes cantidades de condensados en un corto tiempo. (Crecer\nun tanque de condensados en f\u00e1brica es f\u00e1cil y econ\u00f3mico. Crecer un tanque de condensados que ya se encuentre operando, es dif\u00edcil, costoso y latoso. M\u00e1s vale prevenir en el proyecto). Se\nrecomienda en estos casos, solicitar un tanque de condensados con una capacidad de 20 a 25% mayor.\n<br><br>\nCuando su proceso no contemple un porcentaje (aunque sea peque\u00f1o) de retorno de condensados, ser\u00e1 necesario solicitar la instalaci\u00f3n de un sistema de precalentamiento con vapor que al\nmismo tiempo opera como deareador atmosf\u00e9rico (eliminando el 99% del ox\u00edgeno del agua de alimentaci\u00f3n de la caldera).\nLa altura del tanque de condensados va en funci\u00f3n de la altura requerida por la bomba de alimentaci\u00f3n de agua para que \u00e9sta no cavite.<\/h2>\t\t\t\t<\/div>\n\t\t\t\t<\/div>\n\t\t\t\t<div class=\"elementor-element elementor-element-877dda5 elementor-widget elementor-widget-heading\" data-id=\"877dda5\" data-element_type=\"widget\" data-e-type=\"widget\" data-widget_type=\"heading.default\">\n\t\t\t\t<div class=\"elementor-widget-container\">\n\t\t\t\t\t<h2 class=\"elementor-heading-title elementor-size-default\">C. CABEZAL DE VAPOR<\/h2>\t\t\t\t<\/div>\n\t\t\t\t<\/div>\n\t\t\t\t<div class=\"elementor-element elementor-element-e368b1c elementor-widget__width-inherit elementor-widget elementor-widget-heading\" data-id=\"e368b1c\" data-element_type=\"widget\" data-e-type=\"widget\" data-widget_type=\"heading.default\">\n\t\t\t\t<div class=\"elementor-widget-container\">\n\t\t\t\t\t<h2 class=\"elementor-heading-title elementor-size-default\">Cuando el sistema cuenta con 2 \u00f3 m\u00e1s calderas, es conveniente instalar un cabezal de vapor. El cabezal de vapor es un tubo amplio con tapas CAP, donde se centralizan las entradas de vapor\nde dos o m\u00e1s calderas con sus respectivas salidas a los diferentes procesos. En el cabezal de vapor se deber\u00e1n instalar v\u00e1lvulas de vapor.\n<br><br>\nEl cabezal deber\u00e1 tener una conexi\u00f3n superior para un man\u00f3metro, una conexi\u00f3n inferior para desag\u00fce y una conexi\u00f3n inferior para un filtro y una trampa de condensados.<\/h2>\t\t\t\t<\/div>\n\t\t\t\t<\/div>\n\t\t\t\t<div class=\"elementor-element elementor-element-d0b75f0 elementor-widget elementor-widget-heading\" data-id=\"d0b75f0\" data-element_type=\"widget\" data-e-type=\"widget\" data-widget_type=\"heading.default\">\n\t\t\t\t<div class=\"elementor-widget-container\">\n\t\t\t\t\t<h2 class=\"elementor-heading-title elementor-size-default\">D. SUAVIZADOR DE AGUA<\/h2>\t\t\t\t<\/div>\n\t\t\t\t<\/div>\n\t\t\t\t<div class=\"elementor-element elementor-element-0edf502 elementor-widget__width-inherit elementor-widget elementor-widget-heading\" data-id=\"0edf502\" data-element_type=\"widget\" data-e-type=\"widget\" data-widget_type=\"heading.default\">\n\t\t\t\t<div class=\"elementor-widget-container\">\n\t\t\t\t\t<h2 class=\"elementor-heading-title elementor-size-default\">El suavizador de agua es un equipo fundamental para cualquier caldera ya que remueve la dureza del agua que entrar\u00e1 a la caldera y evita incrustaciones (ver Tratamiento de Aguas) que reducen la vida \u00fatil de la caldera e invalidan la garant\u00eda de la misma.<br><br>\n\nSe pueden utilizar plantas de tratamiento de agua por desmineralizaci\u00f3n o por \u00f3smosis inversa en conjunto con el suavizador de agua o para remplazarlo.\n<br><br>\n<\/h2>\t\t\t\t<\/div>\n\t\t\t\t<\/div>\n\t\t\t\t<\/div>\n\t\t\t\t\t<\/div>\n\t\t\t\t<\/div>\n\t\t\t\t<\/div>\n\t\t","protected":false},"excerpt":{"rendered":"<p>\u3164 EQUIPO AUXILIAR NECESARIO \u3164 Una caldera es un componente de un sistema m\u00e1s amplio (ver Ciclo de Agua-Vapor-Condensados) y como tal, su correcto funcionamiento depende de otros componentes secundarios que normalmente son llamados equipos auxiliares para caldera y que son: A. BOMBA DE ALIMENTACI\u00d3N DE AGUA A CALDERA Se recomienda seleccionar una bomba centr\u00edfuga, [&hellip;]<\/p>\n","protected":false},"author":1,"featured_media":0,"parent":86,"menu_order":11,"comment_status":"closed","ping_status":"closed","template":"","meta":{"footnotes":""},"class_list":["post-8521","page","type-page","status-publish","hentry"],"yoast_head":"<!-- This site is optimized with the Yoast SEO plugin v27.4 - https:\/\/yoast.com\/product\/yoast-seo-wordpress\/ -->\n<title>Equipo Auxiliar Necesario - Powermaster<\/title>\n<meta name=\"robots\" content=\"index, follow, max-snippet:-1, max-image-preview:large, max-video-preview:-1\" \/>\n<link rel=\"canonical\" href=\"https:\/\/www.powermaster.com.mx\/es\/guia-tecnica\/equipo-auxiliar-necesario\/\" \/>\n<meta property=\"og:locale\" content=\"es_MX\" \/>\n<meta property=\"og:type\" content=\"article\" \/>\n<meta property=\"og:title\" content=\"Equipo Auxiliar Necesario - Powermaster\" \/>\n<meta property=\"og:description\" content=\"\u3164 EQUIPO AUXILIAR NECESARIO \u3164 Una caldera es un componente de un sistema m\u00e1s amplio (ver Ciclo de Agua-Vapor-Condensados) y como tal, su correcto funcionamiento depende de otros componentes secundarios que normalmente son llamados equipos auxiliares para caldera y que son: A. BOMBA DE ALIMENTACI\u00d3N DE AGUA A CALDERA Se recomienda seleccionar una bomba centr\u00edfuga, [&hellip;]\" \/>\n<meta property=\"og:url\" content=\"https:\/\/www.powermaster.com.mx\/es\/guia-tecnica\/equipo-auxiliar-necesario\/\" \/>\n<meta property=\"og:site_name\" content=\"Powermaster\" \/>\n<meta property=\"article:modified_time\" content=\"2025-01-14T04:46:27+00:00\" \/>\n<meta property=\"og:image\" content=\"https:\/\/www.powermaster.com.mx\/wp-content\/uploads\/2024\/01\/Equipo-Auxiliar-768x576.jpg\" \/>\n<meta name=\"twitter:card\" content=\"summary_large_image\" \/>\n<meta name=\"twitter:label1\" content=\"Tiempo de lectura\" \/>\n\t<meta name=\"twitter:data1\" content=\"3 minutos\" \/>\n<script type=\"application\/ld+json\" class=\"yoast-schema-graph\">{\"@context\":\"https:\\\/\\\/schema.org\",\"@graph\":[{\"@type\":\"WebPage\",\"@id\":\"https:\\\/\\\/www.powermaster.com.mx\\\/es\\\/guia-tecnica\\\/equipo-auxiliar-necesario\\\/\",\"url\":\"https:\\\/\\\/www.powermaster.com.mx\\\/es\\\/guia-tecnica\\\/equipo-auxiliar-necesario\\\/\",\"name\":\"Equipo Auxiliar Necesario - Powermaster\",\"isPartOf\":{\"@id\":\"https:\\\/\\\/www.powermaster.com.mx\\\/es\\\/#website\"},\"primaryImageOfPage\":{\"@id\":\"https:\\\/\\\/www.powermaster.com.mx\\\/es\\\/guia-tecnica\\\/equipo-auxiliar-necesario\\\/#primaryimage\"},\"image\":{\"@id\":\"https:\\\/\\\/www.powermaster.com.mx\\\/es\\\/guia-tecnica\\\/equipo-auxiliar-necesario\\\/#primaryimage\"},\"thumbnailUrl\":\"https:\\\/\\\/www.powermaster.com.mx\\\/wp-content\\\/uploads\\\/2024\\\/01\\\/Equipo-Auxiliar-768x576.jpg\",\"datePublished\":\"2024-02-05T17:58:53+00:00\",\"dateModified\":\"2025-01-14T04:46:27+00:00\",\"breadcrumb\":{\"@id\":\"https:\\\/\\\/www.powermaster.com.mx\\\/es\\\/guia-tecnica\\\/equipo-auxiliar-necesario\\\/#breadcrumb\"},\"inLanguage\":\"es\",\"potentialAction\":[{\"@type\":\"ReadAction\",\"target\":[\"https:\\\/\\\/www.powermaster.com.mx\\\/es\\\/guia-tecnica\\\/equipo-auxiliar-necesario\\\/\"]}]},{\"@type\":\"ImageObject\",\"inLanguage\":\"es\",\"@id\":\"https:\\\/\\\/www.powermaster.com.mx\\\/es\\\/guia-tecnica\\\/equipo-auxiliar-necesario\\\/#primaryimage\",\"url\":\"https:\\\/\\\/www.powermaster.com.mx\\\/wp-content\\\/uploads\\\/2024\\\/01\\\/Equipo-Auxiliar-768x576.jpg\",\"contentUrl\":\"https:\\\/\\\/www.powermaster.com.mx\\\/wp-content\\\/uploads\\\/2024\\\/01\\\/Equipo-Auxiliar-768x576.jpg\"},{\"@type\":\"BreadcrumbList\",\"@id\":\"https:\\\/\\\/www.powermaster.com.mx\\\/es\\\/guia-tecnica\\\/equipo-auxiliar-necesario\\\/#breadcrumb\",\"itemListElement\":[{\"@type\":\"ListItem\",\"position\":1,\"name\":\"&gt;Home\",\"item\":\"https:\\\/\\\/www.powermaster.com.mx\\\/\"},{\"@type\":\"ListItem\",\"position\":2,\"name\":\"Gu\u00eda T\u00e9cnica\",\"item\":\"http:\\\/\\\/www.powermaster.com.mx\\\/es\\\/guia-tecnica\\\/\"},{\"@type\":\"ListItem\",\"position\":3,\"name\":\"Equipo Auxiliar Necesario\"}]},{\"@type\":\"WebSite\",\"@id\":\"https:\\\/\\\/www.powermaster.com.mx\\\/es\\\/#website\",\"url\":\"https:\\\/\\\/www.powermaster.com.mx\\\/es\\\/\",\"name\":\"Powermaster\",\"description\":\"Calderas Powermaster\",\"publisher\":{\"@id\":\"https:\\\/\\\/www.powermaster.com.mx\\\/es\\\/#organization\"},\"potentialAction\":[{\"@type\":\"SearchAction\",\"target\":{\"@type\":\"EntryPoint\",\"urlTemplate\":\"https:\\\/\\\/www.powermaster.com.mx\\\/es\\\/?s={search_term_string}\"},\"query-input\":{\"@type\":\"PropertyValueSpecification\",\"valueRequired\":true,\"valueName\":\"search_term_string\"}}],\"inLanguage\":\"es\"},{\"@type\":\"Organization\",\"@id\":\"https:\\\/\\\/www.powermaster.com.mx\\\/es\\\/#organization\",\"name\":\"Powermaster\",\"url\":\"https:\\\/\\\/www.powermaster.com.mx\\\/es\\\/\",\"logo\":{\"@type\":\"ImageObject\",\"inLanguage\":\"es\",\"@id\":\"https:\\\/\\\/www.powermaster.com.mx\\\/es\\\/#\\\/schema\\\/logo\\\/image\\\/\",\"url\":\"https:\\\/\\\/www.powermaster.com.mx\\\/wp-content\\\/uploads\\\/2023\\\/09\\\/logoV2.png\",\"contentUrl\":\"https:\\\/\\\/www.powermaster.com.mx\\\/wp-content\\\/uploads\\\/2023\\\/09\\\/logoV2.png\",\"width\":528,\"height\":105,\"caption\":\"Powermaster\"},\"image\":{\"@id\":\"https:\\\/\\\/www.powermaster.com.mx\\\/es\\\/#\\\/schema\\\/logo\\\/image\\\/\"}}]}<\/script>\n<!-- \/ Yoast SEO plugin. -->","yoast_head_json":{"title":"Equipo Auxiliar Necesario - Powermaster","robots":{"index":"index","follow":"follow","max-snippet":"max-snippet:-1","max-image-preview":"max-image-preview:large","max-video-preview":"max-video-preview:-1"},"canonical":"https:\/\/www.powermaster.com.mx\/es\/guia-tecnica\/equipo-auxiliar-necesario\/","og_locale":"es_MX","og_type":"article","og_title":"Equipo Auxiliar Necesario - Powermaster","og_description":"\u3164 EQUIPO AUXILIAR NECESARIO \u3164 Una caldera es un componente de un sistema m\u00e1s amplio (ver Ciclo de Agua-Vapor-Condensados) y como tal, su correcto funcionamiento depende de otros componentes secundarios que normalmente son llamados equipos auxiliares para caldera y que son: A. BOMBA DE ALIMENTACI\u00d3N DE AGUA A CALDERA Se recomienda seleccionar una bomba centr\u00edfuga, [&hellip;]","og_url":"https:\/\/www.powermaster.com.mx\/es\/guia-tecnica\/equipo-auxiliar-necesario\/","og_site_name":"Powermaster","article_modified_time":"2025-01-14T04:46:27+00:00","og_image":[{"url":"https:\/\/www.powermaster.com.mx\/wp-content\/uploads\/2024\/01\/Equipo-Auxiliar-768x576.jpg","type":"","width":"","height":""}],"twitter_card":"summary_large_image","twitter_misc":{"Tiempo de lectura":"3 minutos"},"schema":{"@context":"https:\/\/schema.org","@graph":[{"@type":"WebPage","@id":"https:\/\/www.powermaster.com.mx\/es\/guia-tecnica\/equipo-auxiliar-necesario\/","url":"https:\/\/www.powermaster.com.mx\/es\/guia-tecnica\/equipo-auxiliar-necesario\/","name":"Equipo Auxiliar Necesario - Powermaster","isPartOf":{"@id":"https:\/\/www.powermaster.com.mx\/es\/#website"},"primaryImageOfPage":{"@id":"https:\/\/www.powermaster.com.mx\/es\/guia-tecnica\/equipo-auxiliar-necesario\/#primaryimage"},"image":{"@id":"https:\/\/www.powermaster.com.mx\/es\/guia-tecnica\/equipo-auxiliar-necesario\/#primaryimage"},"thumbnailUrl":"https:\/\/www.powermaster.com.mx\/wp-content\/uploads\/2024\/01\/Equipo-Auxiliar-768x576.jpg","datePublished":"2024-02-05T17:58:53+00:00","dateModified":"2025-01-14T04:46:27+00:00","breadcrumb":{"@id":"https:\/\/www.powermaster.com.mx\/es\/guia-tecnica\/equipo-auxiliar-necesario\/#breadcrumb"},"inLanguage":"es","potentialAction":[{"@type":"ReadAction","target":["https:\/\/www.powermaster.com.mx\/es\/guia-tecnica\/equipo-auxiliar-necesario\/"]}]},{"@type":"ImageObject","inLanguage":"es","@id":"https:\/\/www.powermaster.com.mx\/es\/guia-tecnica\/equipo-auxiliar-necesario\/#primaryimage","url":"https:\/\/www.powermaster.com.mx\/wp-content\/uploads\/2024\/01\/Equipo-Auxiliar-768x576.jpg","contentUrl":"https:\/\/www.powermaster.com.mx\/wp-content\/uploads\/2024\/01\/Equipo-Auxiliar-768x576.jpg"},{"@type":"BreadcrumbList","@id":"https:\/\/www.powermaster.com.mx\/es\/guia-tecnica\/equipo-auxiliar-necesario\/#breadcrumb","itemListElement":[{"@type":"ListItem","position":1,"name":"&gt;Home","item":"https:\/\/www.powermaster.com.mx\/"},{"@type":"ListItem","position":2,"name":"Gu\u00eda T\u00e9cnica","item":"http:\/\/www.powermaster.com.mx\/es\/guia-tecnica\/"},{"@type":"ListItem","position":3,"name":"Equipo Auxiliar Necesario"}]},{"@type":"WebSite","@id":"https:\/\/www.powermaster.com.mx\/es\/#website","url":"https:\/\/www.powermaster.com.mx\/es\/","name":"Powermaster","description":"Calderas Powermaster","publisher":{"@id":"https:\/\/www.powermaster.com.mx\/es\/#organization"},"potentialAction":[{"@type":"SearchAction","target":{"@type":"EntryPoint","urlTemplate":"https:\/\/www.powermaster.com.mx\/es\/?s={search_term_string}"},"query-input":{"@type":"PropertyValueSpecification","valueRequired":true,"valueName":"search_term_string"}}],"inLanguage":"es"},{"@type":"Organization","@id":"https:\/\/www.powermaster.com.mx\/es\/#organization","name":"Powermaster","url":"https:\/\/www.powermaster.com.mx\/es\/","logo":{"@type":"ImageObject","inLanguage":"es","@id":"https:\/\/www.powermaster.com.mx\/es\/#\/schema\/logo\/image\/","url":"https:\/\/www.powermaster.com.mx\/wp-content\/uploads\/2023\/09\/logoV2.png","contentUrl":"https:\/\/www.powermaster.com.mx\/wp-content\/uploads\/2023\/09\/logoV2.png","width":528,"height":105,"caption":"Powermaster"},"image":{"@id":"https:\/\/www.powermaster.com.mx\/es\/#\/schema\/logo\/image\/"}}]}},"_links":{"self":[{"href":"https:\/\/www.powermaster.com.mx\/es\/wp-json\/wp\/v2\/pages\/8521","targetHints":{"allow":["GET"]}}],"collection":[{"href":"https:\/\/www.powermaster.com.mx\/es\/wp-json\/wp\/v2\/pages"}],"about":[{"href":"https:\/\/www.powermaster.com.mx\/es\/wp-json\/wp\/v2\/types\/page"}],"author":[{"embeddable":true,"href":"https:\/\/www.powermaster.com.mx\/es\/wp-json\/wp\/v2\/users\/1"}],"replies":[{"embeddable":true,"href":"https:\/\/www.powermaster.com.mx\/es\/wp-json\/wp\/v2\/comments?post=8521"}],"version-history":[{"count":0,"href":"https:\/\/www.powermaster.com.mx\/es\/wp-json\/wp\/v2\/pages\/8521\/revisions"}],"up":[{"embeddable":true,"href":"https:\/\/www.powermaster.com.mx\/es\/wp-json\/wp\/v2\/pages\/86"}],"wp:attachment":[{"href":"https:\/\/www.powermaster.com.mx\/es\/wp-json\/wp\/v2\/media?parent=8521"}],"curies":[{"name":"wp","href":"https:\/\/api.w.org\/{rel}","templated":true}]}}